{"id":11954,"date":"2025-06-20T18:12:54","date_gmt":"2025-06-20T22:12:54","guid":{"rendered":"https:\/\/www.multicasa.com.br\/inicio\/?post_type=product&#038;p=11954"},"modified":"2025-08-18T01:04:02","modified_gmt":"2025-08-18T05:04:02","slug":"lampada-halogena-70w-127v-2-7k-avant","status":"publish","type":"product","link":"https:\/\/www.multicasa.com.br\/inicio\/produto\/lampada-halogena-70w-127v-2-7k-avant\/","title":{"rendered":"Lampada Hal\u00f3gena 70W 127V 2.7K Avant"},"content":{"rendered":"<p>Produto: LAMPADA HALOG.70W 127V 2.7K AVANT<br \/>\nMarca: Avant<br \/>\nMaterial: vidro<\/p>\n<p>Caracteristicas:<br \/>\n&#8211; Perfeito \u00edndice de reprodu\u00e7\u00e3o de cor (IRC=100);<br \/>\n&#8211; L\u00e2mpada dimeriz\u00e1vel com intensidade regul\u00e1vel, al\u00e9m de<br \/>\nacender imediatamente;<br \/>\n&#8211; Constru\u00e7\u00e3o livre de merc\u00fario;<br \/>\n&#8211; Temperatura ambiente: -5\u00b0C a 40\u00b0C;<br \/>\n&#8211; Tens\u00e3o de entrada: 127V ou 240V;<br \/>\n&#8211; Fator de pot\u00eancia: &gt;0,50;<br \/>\n&#8211; IP20;<br \/>\n&#8211; Dimerizavel;<br \/>\n&#8211; IRC &gt;100;<br \/>\n&#8211; Garantia: 3 anos.<\/p>\n<p>Dimens\u00f5es:<br \/>\nDi\u00e2metro 55 mm x Comprimento 97 mm<\/p>\n","protected":false},"excerpt":{"rendered":"<h4 style=\"margin: 0px;padding: 0px 0px 16px;font-family: Lato, sans-serif;font-weight: bold;line-height: 3rem;color: var(--dark-grey3);font-size: 22px;font-style: normal;letter-spacing: normal;text-align: start;text-indent: 0px;text-transform: none\">Informa\u00e7\u00f5es t\u00e9cnicas<\/h4>\n<p><span style=\"margin: 0px;padding: 0px;font-weight: 450;font-size: 14px;line-height: 21px;color: var(--dark-grey2);font-family: Lato, sans-serif;font-style: normal;letter-spacing: normal;text-align: start;text-indent: 0px;text-transform: none\">A L\u00e2mpada Bulbo Hal\u00f3gena \u00e9 indicada para ilumina\u00e7\u00e3o geral e decorativa. Luz brilhante.<\/span><\/p>\n","protected":false},"featured_media":25442,"template":"","meta":{"_joinchat":[]},"product_brand":[],"product_cat":[80],"product_tag":[],"class_list":{"0":"post-11954","1":"product","2":"type-product","3":"status-publish","4":"has-post-thumbnail","6":"product_cat-lampadas","8":"first","9":"outofstock","10":"shipping-taxable","11":"purchasable","12":"product-type-simple"},"_links":{"self":[{"href":"https:\/\/www.multicasa.com.br\/inicio\/wp-json\/wp\/v2\/product\/11954","targetHints":{"allow":["GET"]}}],"collection":[{"href":"https:\/\/www.multicasa.com.br\/inicio\/wp-json\/wp\/v2\/product"}],"about":[{"href":"https:\/\/www.multicasa.com.br\/inicio\/wp-json\/wp\/v2\/types\/product"}],"wp:featuredmedia":[{"embeddable":true,"href":"https:\/\/www.multicasa.com.br\/inicio\/wp-json\/wp\/v2\/media\/25442"}],"wp:attachment":[{"href":"https:\/\/www.multicasa.com.br\/inicio\/wp-json\/wp\/v2\/media?parent=11954"}],"wp:term":[{"taxonomy":"product_brand","embeddable":true,"href":"https:\/\/www.multicasa.com.br\/inicio\/wp-json\/wp\/v2\/product_brand?post=11954"},{"taxonomy":"product_cat","embeddable":true,"href":"https:\/\/www.multicasa.com.br\/inicio\/wp-json\/wp\/v2\/product_cat?post=11954"},{"taxonomy":"product_tag","embeddable":true,"href":"https:\/\/www.multicasa.com.br\/inicio\/wp-json\/wp\/v2\/product_tag?post=11954"}],"curies":[{"name":"wp","href":"https:\/\/api.w.org\/{rel}","templated":true}]}}