{"id":11955,"date":"2025-06-20T18:12:54","date_gmt":"2025-06-20T22:12:54","guid":{"rendered":"https:\/\/www.multicasa.com.br\/inicio\/?post_type=product&#038;p=11955"},"modified":"2026-03-17T06:51:20","modified_gmt":"2026-03-17T10:51:20","slug":"plafon-led-embutir-quadrado-24w-biv-6-5k-avant","status":"publish","type":"product","link":"https:\/\/www.multicasa.com.br\/inicio\/produto\/plafon-led-embutir-quadrado-24w-biv-6-5k-avant\/","title":{"rendered":"Plafon Led Embutir Quadrado 24W Biv. 6.5K Avant"},"content":{"rendered":"<p>Os Pain\u00e9is POP est\u00e3o dispon\u00edveis nos formatos quadrado e redondo, vers\u00e1til, proporcionando uma ilumina\u00e7\u00e3o homog\u00eanea com design clean e moderno \u00e9 indicado para instala\u00e7\u00f5es diretamente sobre a caixa de passagem, em superf\u00edcies de alvenaria ou concreto. <\/p>\n","protected":false},"excerpt":{"rendered":"<h4 style=\"margin: 0px;padding: 0px 0px 16px;font-family: Lato, sans-serif;font-weight: bold;line-height: 3rem;color: var(--dark-grey3);font-size: 22px;font-style: normal;letter-spacing: normal;text-align: start;text-indent: 0px;text-transform: none\">Informa\u00e7\u00f5es t\u00e9cnicas<\/h4>\n<p><span style=\"margin: 0px;padding: 0px;font-weight: 450;font-size: 14px;line-height: 21px;color: var(--dark-grey2);font-family: Lato, sans-serif;font-style: normal;letter-spacing: normal;text-align: start;text-indent: 0px;text-transform: none\">Produto: PLAFON LED EMBUTIR QUADRADO 24W BIV. 6.5K AVANT<br \/>\nMarca: Avant<br \/>\nMaterial: corpo em alum\u00ednio e difusor em policarbonato<\/p>\n<p>Caracteristicas:<br \/>\n&#8211; Fluxo luminoso constante em toda faixa de tens\u00e3o;<br \/>\n&#8211; Tipo de instala\u00e7\u00e3o: Embutir;<br \/>\n&#8211; IP20;<br \/>\n&#8211; N\u00e3o Dimerizavel;<br \/>\n&#8211; Angulo de abertura: 120\u00b0;<br \/>\n&#8211; IRC: &gt;70;<br \/>\n&#8211; Uso interno;<br \/>\n&#8211; Garantia: 1 Ano;<br \/>\n&#8211; Vida mediana: 25.000 horas.<br \/>\n&#8211; Potencia: 24W<br \/>\n&#8211; Temperatura de cor: 6.5K<br \/>\n&#8211; Fluxo Luminoso: 1680lm<\/p>\n<p>CARACTER\u00cdSTICAS DE FUNCIONAMENTO<br \/>\n&#8211; Temperatura ambiente: -5\u00b0C a 40\u00b0C;<br \/>\n&#8211; Tens\u00e3o nominal: 100V a 240V;<br \/>\n&#8211; Fator de Pot\u00eancia: =0,90 (Painel de 30W) e =0,50 (Demais<br \/>\npot\u00eancias);<br \/>\n&#8211; Baixo consumo de energia.<\/p>\n<p>Dimens\u00f5es:<br \/>\nDi\u00e2metro 55 mm x Comprimento 97 mm<\/span><\/p>\n","protected":false},"featured_media":25746,"template":"","meta":{"_joinchat":[]},"product_brand":[],"product_cat":[145],"product_tag":[],"class_list":{"0":"post-11955","1":"product","2":"type-product","3":"status-publish","4":"has-post-thumbnail","6":"product_cat-leds-comerciais","8":"first","9":"outofstock","10":"shipping-taxable","11":"purchasable","12":"product-type-simple"},"_links":{"self":[{"href":"https:\/\/www.multicasa.com.br\/inicio\/wp-json\/wp\/v2\/product\/11955","targetHints":{"allow":["GET"]}}],"collection":[{"href":"https:\/\/www.multicasa.com.br\/inicio\/wp-json\/wp\/v2\/product"}],"about":[{"href":"https:\/\/www.multicasa.com.br\/inicio\/wp-json\/wp\/v2\/types\/product"}],"wp:featuredmedia":[{"embeddable":true,"href":"https:\/\/www.multicasa.com.br\/inicio\/wp-json\/wp\/v2\/media\/25746"}],"wp:attachment":[{"href":"https:\/\/www.multicasa.com.br\/inicio\/wp-json\/wp\/v2\/media?parent=11955"}],"wp:term":[{"taxonomy":"product_brand","embeddable":true,"href":"https:\/\/www.multicasa.com.br\/inicio\/wp-json\/wp\/v2\/product_brand?post=11955"},{"taxonomy":"product_cat","embeddable":true,"href":"https:\/\/www.multicasa.com.br\/inicio\/wp-json\/wp\/v2\/product_cat?post=11955"},{"taxonomy":"product_tag","embeddable":true,"href":"https:\/\/www.multicasa.com.br\/inicio\/wp-json\/wp\/v2\/product_tag?post=11955"}],"curies":[{"name":"wp","href":"https:\/\/api.w.org\/{rel}","templated":true}]}}