{"id":11957,"date":"2025-06-20T18:12:54","date_gmt":"2025-06-20T22:12:54","guid":{"rendered":"https:\/\/www.multicasa.com.br\/inicio\/?post_type=product&#038;p=11957"},"modified":"2025-06-23T10:19:42","modified_gmt":"2025-06-23T14:19:42","slug":"mangueira-de-irrigacao-para-jardim-c-conector-santeno","status":"publish","type":"product","link":"https:\/\/www.multicasa.com.br\/inicio\/produto\/mangueira-de-irrigacao-para-jardim-c-conector-santeno\/","title":{"rendered":"Mangueira de Irriga\u00e7\u00e3o para Jardim c\/ Conector Santeno"},"content":{"rendered":"<p>O kit de irriga\u00e7\u00e3o para jardim da Santeno \u00e9 produzido em 100% polietileno e possui microperfura\u00e7\u00e3o a laser, que garante maior durabilidade e econ\u00f4mia de \u00e1gua. Proporciona uma irriga\u00e7\u00e3o f\u00e1cil e econ\u00f4mica do seu espa\u00e7o de lazer, jardim, campo, endre outras aplica\u00e7\u00f5es. J\u00e1 vem montada, pronto para uso, em embalagem com 15 metros.<\/p>\n","protected":false},"excerpt":{"rendered":"<h4 style=\"margin: 0px;padding: 0px 0px 16px;font-family: Lato, sans-serif;font-weight: bold;line-height: 3rem;color: var(--dark-grey3);font-size: 22px;font-style: normal;letter-spacing: normal;text-align: start;text-indent: 0px;text-transform: none\">Informa\u00e7\u00f5es t\u00e9cnicas<\/h4>\n<p><span style=\"margin: 0px;padding: 0px;font-weight: 450;font-size: 14px;line-height: 21px;color: var(--dark-grey2);font-family: Lato, sans-serif;font-style: normal;letter-spacing: normal;text-align: start;text-indent: 0px;text-transform: none\">Press\u00e3o m\u00e1xima: 0,8 kgf\/cm2<br \/>\nRaio de alcance: 2,5m<br \/>\nAltura da aspers\u00e3o: 2,0m<br \/>\nPosi\u00e7\u00e3o dos emissores: Centrais<br \/>\nComprimento: 15 metros<br \/>\nRefer\u00eancia fornecedor: 7320KITJARDIM<\/span><\/p>\n","protected":false},"featured_media":25533,"template":"","meta":{"_joinchat":[]},"product_brand":[],"product_cat":[76],"product_tag":[],"class_list":{"0":"post-11957","1":"product","2":"type-product","3":"status-publish","4":"has-post-thumbnail","6":"product_cat-jardinagem","8":"first","9":"outofstock","10":"shipping-taxable","11":"product-type-simple"},"_links":{"self":[{"href":"https:\/\/www.multicasa.com.br\/inicio\/wp-json\/wp\/v2\/product\/11957","targetHints":{"allow":["GET"]}}],"collection":[{"href":"https:\/\/www.multicasa.com.br\/inicio\/wp-json\/wp\/v2\/product"}],"about":[{"href":"https:\/\/www.multicasa.com.br\/inicio\/wp-json\/wp\/v2\/types\/product"}],"wp:featuredmedia":[{"embeddable":true,"href":"https:\/\/www.multicasa.com.br\/inicio\/wp-json\/wp\/v2\/media\/25533"}],"wp:attachment":[{"href":"https:\/\/www.multicasa.com.br\/inicio\/wp-json\/wp\/v2\/media?parent=11957"}],"wp:term":[{"taxonomy":"product_brand","embeddable":true,"href":"https:\/\/www.multicasa.com.br\/inicio\/wp-json\/wp\/v2\/product_brand?post=11957"},{"taxonomy":"product_cat","embeddable":true,"href":"https:\/\/www.multicasa.com.br\/inicio\/wp-json\/wp\/v2\/product_cat?post=11957"},{"taxonomy":"product_tag","embeddable":true,"href":"https:\/\/www.multicasa.com.br\/inicio\/wp-json\/wp\/v2\/product_tag?post=11957"}],"curies":[{"name":"wp","href":"https:\/\/api.w.org\/{rel}","templated":true}]}}