{"id":11958,"date":"2025-06-20T18:12:54","date_gmt":"2025-06-20T22:12:54","guid":{"rendered":"https:\/\/www.multicasa.com.br\/inicio\/?post_type=product&#038;p=11958"},"modified":"2025-08-18T01:04:08","modified_gmt":"2025-08-18T05:04:08","slug":"caixa-de-descarga-s-engate-9l-branca-tigre","status":"publish","type":"product","link":"https:\/\/www.multicasa.com.br\/inicio\/produto\/caixa-de-descarga-s-engate-9l-branca-tigre\/","title":{"rendered":"Caixa De Descarga S\/Engate 9L Branca Tigre"},"content":{"rendered":"<p>A caixa descarga sem engate 9L da Tigre tem como fun\u00e7\u00e3o Fazer a limpeza do vaso sanit\u00e1rio atrav\u00e9s de descarga de ciclo fixo, atuando integrado ao tubo de descida. Pode ser aplicado em todos os modelos de vasos sanit\u00e1rios do mercado, tamanhos adulto ou infantil, em obras residenciais, comerciais, industriais, locais p\u00fablicos e outras institui\u00e7\u00f5es. Este produto deve ser instalado protegido de raios solares.<\/p>\n","protected":false},"excerpt":{"rendered":"<h4 style=\"margin: 0px;padding: 0px 0px 16px;font-family: Lato, sans-serif;font-weight: bold;line-height: 3rem;color: var(--dark-grey3);font-size: 22px;font-style: normal;letter-spacing: normal;text-align: start;text-indent: 0px;text-transform: none\">Informa\u00e7\u00f5es t\u00e9cnicas<\/h4>\n<p><span style=\"margin: 0px;padding: 0px;font-weight: 450;font-size: 14px;line-height: 21px;color: var(--dark-grey2);font-family: Lato, sans-serif;font-style: normal;letter-spacing: normal;text-align: start;text-indent: 0px;text-transform: none\">Produto: CAIXA DESCARGA S\/ENGATE 9L<br \/>\nMarca: Tigre<br \/>\nMaterial: Polietileno<br \/>\nCor: Branco<br \/>\nCaracter\u00edsticas:<br \/>\n-Seguran\u00e7a contra vazamentos: a nova torneira boia est\u00e1 mais robusta e garante o fechamento da sa\u00edda de \u00e1gua para a descarga. As novas veda\u00e7\u00f5es internas est\u00e3o mais resistentes e seguras, tudo isso para evitar vazamentos.<br \/>\n-Qualidade Tigre: toda a linha de Caixa de Descarga Tigre \u00e9 testada e aprovada conforme a ABNT NBR 15491.<br \/>\n-Economia de \u00e1gua: a torneira boia \u00e9 super f\u00e1cil de ajustar, basta girar para regular a quantidade de \u00e1gua na caixa entre 6,8 e 9 litros.<br \/>\n-Novo design: formato do corpo mais robusto e moderno, inspirado no design das caixas acopladas cer\u00e2micas.<br \/>\n-F\u00e1cil instala\u00e7\u00e3o: a nova r\u00e9gua de fixa\u00e7\u00e3o j\u00e1 vem acoplada \u00e0 caixa, \u00e9 s\u00f3 marcar o local para furar e instalar. Al\u00e9m disso, o produto \u00e9 mais leve e f\u00e1cil de manusear.<br \/>\n-F\u00e1cil manuten\u00e7\u00e3o: a nova tampa com tamanho maior facilita o acesso \u00e0 parte interna da Caixa de Descarga Tigre. O novo sistema interno de acionamento da descarga est\u00e1 mais compacto e eficiente.<br \/>\nDimens\u00f5es<br \/>\n440x540x154mm<\/span><\/p>\n","protected":false},"featured_media":24850,"template":"","meta":{"_joinchat":[]},"product_brand":[],"product_cat":[68],"product_tag":[],"class_list":{"0":"post-11958","1":"product","2":"type-product","3":"status-publish","4":"has-post-thumbnail","6":"product_cat-loucas-e-cia","8":"first","9":"outofstock","10":"shipping-taxable","11":"purchasable","12":"product-type-simple"},"_links":{"self":[{"href":"https:\/\/www.multicasa.com.br\/inicio\/wp-json\/wp\/v2\/product\/11958","targetHints":{"allow":["GET"]}}],"collection":[{"href":"https:\/\/www.multicasa.com.br\/inicio\/wp-json\/wp\/v2\/product"}],"about":[{"href":"https:\/\/www.multicasa.com.br\/inicio\/wp-json\/wp\/v2\/types\/product"}],"wp:featuredmedia":[{"embeddable":true,"href":"https:\/\/www.multicasa.com.br\/inicio\/wp-json\/wp\/v2\/media\/24850"}],"wp:attachment":[{"href":"https:\/\/www.multicasa.com.br\/inicio\/wp-json\/wp\/v2\/media?parent=11958"}],"wp:term":[{"taxonomy":"product_brand","embeddable":true,"href":"https:\/\/www.multicasa.com.br\/inicio\/wp-json\/wp\/v2\/product_brand?post=11958"},{"taxonomy":"product_cat","embeddable":true,"href":"https:\/\/www.multicasa.com.br\/inicio\/wp-json\/wp\/v2\/product_cat?post=11958"},{"taxonomy":"product_tag","embeddable":true,"href":"https:\/\/www.multicasa.com.br\/inicio\/wp-json\/wp\/v2\/product_tag?post=11958"}],"curies":[{"name":"wp","href":"https:\/\/api.w.org\/{rel}","templated":true}]}}