{"id":11959,"date":"2025-06-20T18:12:54","date_gmt":"2025-06-20T22:12:54","guid":{"rendered":"https:\/\/www.multicasa.com.br\/inicio\/?post_type=product&#038;p=11959"},"modified":"2025-08-17T19:01:16","modified_gmt":"2025-08-17T23:01:16","slug":"carrinho-50l-az-tramontina","status":"publish","type":"product","link":"https:\/\/www.multicasa.com.br\/inicio\/produto\/carrinho-50l-az-tramontina\/","title":{"rendered":"Carrinho 50L Az Tramontina"},"content":{"rendered":"<p>O carrinho de m\u00e3o Tramontina com ca\u00e7amba rasa met\u00e1lica azul 50 L, bra\u00e7o met\u00e1lico e pneu com c\u00e2mara \u00e9 perfeito para desempenhar as atividades que necessitam transportar terra, entulhos, britas e demais tipos de materiais. Com ca\u00e7amba produzida em metal com acabamento que protege contra oxida\u00e7\u00e3o, voc\u00ea ter\u00e1 um carrinho altamente dur\u00e1vel e muito mais resistente, que permite que voc\u00ea carregue at\u00e9 50 litros de carga. Seus bra\u00e7os s\u00e3o met\u00e1licos, tamb\u00e9m na cor azul e garantem um manuseio super seguro. Itens pr\u00e1ticos e de alta durabilidade, voc\u00ea encontra com a Tramontina!<\/p>\n","protected":false},"excerpt":{"rendered":"<h4 style=\"margin: 0px;padding: 0px 0px 16px;font-family: Lato, sans-serif;font-weight: bold;line-height: 3rem;color: var(--dark-grey3);font-size: 22px;font-style: normal;letter-spacing: normal;text-align: start;text-indent: 0px;text-transform: none\">Informa\u00e7\u00f5es t\u00e9cnicas<\/h4>\n<p><span style=\"margin: 0px;padding: 0px;font-weight: 450;font-size: 14px;line-height: 21px;color: var(--dark-grey2);font-family: Lato, sans-serif;font-style: normal;letter-spacing: normal;text-align: start;text-indent: 0px;text-transform: none\">Produto: CARRINHO 50L AZ TRAMONTINA<br \/>\nMarca: Tramontina<br \/>\nMaterial: Metal<br \/>\nCor: Azul<br \/>\nCaracter\u00edsticas:<br \/>\n&#8211; Os carrinhos de m\u00e3o Tramontina s\u00e3o fabricados atrav\u00e9s de processos altamente tecnol\u00f3gicos, que garantem alta resist\u00eancia, excelente qualidade e bom acabamento aos produtos.<br \/>\n&#8211; O carrinho de m\u00e3o \u00e9 produzido a partir de mat\u00e9rias-primas de alta qualidade.<br \/>\n&#8211; Possui propriedades especiais de estampagem, tornando as ca\u00e7ambas mais resistentes e dur\u00e1veis.<br \/>\n&#8211; Acabamento com pintura eletrost\u00e1tica a p\u00f3, que tem uma melhor apresenta\u00e7\u00e3o visual e maior prote\u00e7\u00e3o contra oxida\u00e7\u00e3o.<br \/>\n&#8211; A tinta utilizada na pintura \u00e9 isenta de metais pesados na sua composi\u00e7\u00e3o, o que minimiza o impacto ambiental.<br \/>\n&#8211; Eixo em a\u00e7o de alta resist\u00eancia e bucha em nylon autolubrificante.<br \/>\n&#8211; Ca\u00e7amba met\u00e1lica redonda rasa de 0,6 mm [chapa 24], com capacidade para 50 L.<br \/>\n&#8211; Bico arredondado para facilitar a descarga dos materiais.<br \/>\n&#8211; Bra\u00e7o met\u00e1lico tubular de 1,06 mm.<br \/>\n&#8211; Pneu com c\u00e2mara 3.25\/8&#8243;.<br \/>\n&#8211; Produto fabricado segundo norma ABNT NBR 16269.<br \/>\nDimens\u00f5es<br \/>\n145cm x 50cm x 59cm<\/span><\/p>\n","protected":false},"featured_media":24907,"template":"","meta":{"_joinchat":[]},"product_brand":[],"product_cat":[158],"product_tag":[],"class_list":{"0":"post-11959","1":"product","2":"type-product","3":"status-publish","4":"has-post-thumbnail","6":"product_cat-ferramentas-para-construcao","8":"first","9":"outofstock","10":"shipping-taxable","11":"purchasable","12":"product-type-simple"},"_links":{"self":[{"href":"https:\/\/www.multicasa.com.br\/inicio\/wp-json\/wp\/v2\/product\/11959","targetHints":{"allow":["GET"]}}],"collection":[{"href":"https:\/\/www.multicasa.com.br\/inicio\/wp-json\/wp\/v2\/product"}],"about":[{"href":"https:\/\/www.multicasa.com.br\/inicio\/wp-json\/wp\/v2\/types\/product"}],"wp:featuredmedia":[{"embeddable":true,"href":"https:\/\/www.multicasa.com.br\/inicio\/wp-json\/wp\/v2\/media\/24907"}],"wp:attachment":[{"href":"https:\/\/www.multicasa.com.br\/inicio\/wp-json\/wp\/v2\/media?parent=11959"}],"wp:term":[{"taxonomy":"product_brand","embeddable":true,"href":"https:\/\/www.multicasa.com.br\/inicio\/wp-json\/wp\/v2\/product_brand?post=11959"},{"taxonomy":"product_cat","embeddable":true,"href":"https:\/\/www.multicasa.com.br\/inicio\/wp-json\/wp\/v2\/product_cat?post=11959"},{"taxonomy":"product_tag","embeddable":true,"href":"https:\/\/www.multicasa.com.br\/inicio\/wp-json\/wp\/v2\/product_tag?post=11959"}],"curies":[{"name":"wp","href":"https:\/\/api.w.org\/{rel}","templated":true}]}}