{"id":11960,"date":"2025-06-20T18:12:54","date_gmt":"2025-06-20T22:12:54","guid":{"rendered":"https:\/\/www.multicasa.com.br\/inicio\/?post_type=product&#038;p=11960"},"modified":"2025-08-17T19:01:17","modified_gmt":"2025-08-17T23:01:17","slug":"suporte-tv-inclinavel-10-a-85-polegadas-sbrub910-brasforma","status":"publish","type":"product","link":"https:\/\/www.multicasa.com.br\/inicio\/produto\/suporte-tv-inclinavel-10-a-85-polegadas-sbrub910-brasforma\/","title":{"rendered":"Suporte Tv Inclinavel 10 A 85 Polegadas Sbrub910 Brasforma"},"content":{"rendered":"<p>O Suporte Universal Inclin\u00e1vel da Brasforma proporciona uma vis\u00e3o frontal e superior, \u00e9 f\u00e1cil de instalar, permite engate r\u00e1pido e \u00e9 indicado para TV LED, LCD, Plasma, 3D e Smart TV de 10 A 85 polegadas. Suporta at\u00e9 40kg e voc\u00ea pode ajustar a inclina\u00e7\u00e3o da sua TV sem ferramentas, dispositivo basculante para f\u00e1cil manuseio dos cabos e possui trava de seguran\u00e7a. Acompanha parafusos e buchas para alvenaria e n\u00edvel de bolha.<\/p>\n","protected":false},"excerpt":{"rendered":"<h4 style=\"margin: 0px;padding: 0px 0px 16px;font-family: Lato, sans-serif;font-weight: bold;line-height: 3rem;color: var(--dark-grey3);font-size: 22px;font-style: normal;letter-spacing: normal;text-align: start;text-indent: 0px;text-transform: none\">Informa\u00e7\u00f5es t\u00e9cnicas<\/h4>\n<p><span style=\"margin: 0px;padding: 0px;font-weight: 450;font-size: 14px;line-height: 21px;color: var(--dark-grey2);font-family: Lato, sans-serif;font-style: normal;letter-spacing: normal;text-align: start;text-indent: 0px;text-transform: none\">Produto: SUPORTE TV INCL.10 A 85 SBRUB910<br \/>\nMarca: Brasforma<br \/>\nMaterial: A\u00e7o carbono, tratamento anticorrosivo e pintura eletrost\u00e1tica.<br \/>\nCor: Preta<br \/>\nCaracter\u00edsticas:<br \/>\n\u0095 Ajuste de inclina\u00e7\u00e3o sem ferramentas<br \/>\n\u0095 F\u00e1cil Engate<br \/>\n\u0095 Dispositivo para f\u00e1cil manuseio de cabos<br \/>\n\u0095 Trava de seguran\u00e7a<br \/>\n\u0095 V\u00eddeo de montagem no site<br \/>\n\u0095 Acompanha N\u00edvel de bolha<br \/>\n\u0095 F\u00e1cil instala\u00e7\u00e3o<\/span><\/p>\n","protected":false},"featured_media":26030,"template":"","meta":{"_joinchat":[]},"product_brand":[],"product_cat":[150],"product_tag":[],"class_list":{"0":"post-11960","1":"product","2":"type-product","3":"status-publish","4":"has-post-thumbnail","6":"product_cat-antenas-e-cia","8":"first","9":"outofstock","10":"shipping-taxable","11":"purchasable","12":"product-type-simple"},"_links":{"self":[{"href":"https:\/\/www.multicasa.com.br\/inicio\/wp-json\/wp\/v2\/product\/11960","targetHints":{"allow":["GET"]}}],"collection":[{"href":"https:\/\/www.multicasa.com.br\/inicio\/wp-json\/wp\/v2\/product"}],"about":[{"href":"https:\/\/www.multicasa.com.br\/inicio\/wp-json\/wp\/v2\/types\/product"}],"wp:featuredmedia":[{"embeddable":true,"href":"https:\/\/www.multicasa.com.br\/inicio\/wp-json\/wp\/v2\/media\/26030"}],"wp:attachment":[{"href":"https:\/\/www.multicasa.com.br\/inicio\/wp-json\/wp\/v2\/media?parent=11960"}],"wp:term":[{"taxonomy":"product_brand","embeddable":true,"href":"https:\/\/www.multicasa.com.br\/inicio\/wp-json\/wp\/v2\/product_brand?post=11960"},{"taxonomy":"product_cat","embeddable":true,"href":"https:\/\/www.multicasa.com.br\/inicio\/wp-json\/wp\/v2\/product_cat?post=11960"},{"taxonomy":"product_tag","embeddable":true,"href":"https:\/\/www.multicasa.com.br\/inicio\/wp-json\/wp\/v2\/product_tag?post=11960"}],"curies":[{"name":"wp","href":"https:\/\/api.w.org\/{rel}","templated":true}]}}