{"id":11964,"date":"2025-06-20T18:12:55","date_gmt":"2025-06-20T22:12:55","guid":{"rendered":"https:\/\/www.multicasa.com.br\/inicio\/?post_type=product&#038;p=11964"},"modified":"2025-08-18T01:04:16","modified_gmt":"2025-08-18T05:04:16","slug":"spot-led-embuir-quadrado-7w-biv-3-0k-led","status":"publish","type":"product","link":"https:\/\/www.multicasa.com.br\/inicio\/produto\/spot-led-embuir-quadrado-7w-biv-3-0k-led\/","title":{"rendered":"Spot Led Embuir Quadrado 7W Biv.3.0K Led"},"content":{"rendered":"<p>Embutir EASY LED, possui design moderno e compacto, estruturado em ABS com difusor em acr\u00edlico transparente com encapsulamento e molas em a\u00e7o. Modelo com LED integrado, pronto para instalar. Ideal para \u00e1reas corporativas, comerciais e residenciais.<\/p>\n","protected":false},"excerpt":{"rendered":"<h4 style=\"margin: 0px;padding: 0px 0px 16px;font-family: Lato, sans-serif;font-weight: bold;line-height: 3rem;color: var(--dark-grey3);font-size: 22px;font-style: normal;letter-spacing: normal;text-align: start;text-indent: 0px;text-transform: none\">Informa\u00e7\u00f5es t\u00e9cnicas<\/h4>\n<p><span style=\"margin: 0px;padding: 0px;font-weight: 450;font-size: 14px;line-height: 21px;color: var(--dark-grey2);font-family: Lato, sans-serif;font-style: normal;letter-spacing: normal;text-align: start;text-indent: 0px;text-transform: none\">Produto: SPOT LED EMB.QD.7W BIV.3.0K led<br \/>\nMarca: led<br \/>\nMaterial: ABS e com difusor em acr\u00edlico.<br \/>\nCor: Branca<br \/>\nCaracter\u00edsticas:<br \/>\n-Garantia Contra defeitosde fabrica\u00e7\u00e3o 2 anos<br \/>\n-Vida \u00fatil 25.000 Horas<br \/>\n-Grau de Prote\u00e7\u00e3o IP40<br \/>\n-Tens\u00e3o 127-220Vca Bivolt<br \/>\n-Pot\u00eancia fluxo luminoso: 560lm<br \/>\n-Temperatura de cor: 3000k<br \/>\nDimens\u00f5es:<br \/>\n9,5cm x 9,5cm x 4,5cm<\/span><\/p>\n","protected":false},"featured_media":25990,"template":"","meta":{"_joinchat":[]},"product_brand":[],"product_cat":[157],"product_tag":[],"class_list":{"0":"post-11964","1":"product","2":"type-product","3":"status-publish","4":"has-post-thumbnail","6":"product_cat-leds-decorativos","8":"first","9":"outofstock","10":"shipping-taxable","11":"purchasable","12":"product-type-simple"},"_links":{"self":[{"href":"https:\/\/www.multicasa.com.br\/inicio\/wp-json\/wp\/v2\/product\/11964","targetHints":{"allow":["GET"]}}],"collection":[{"href":"https:\/\/www.multicasa.com.br\/inicio\/wp-json\/wp\/v2\/product"}],"about":[{"href":"https:\/\/www.multicasa.com.br\/inicio\/wp-json\/wp\/v2\/types\/product"}],"wp:featuredmedia":[{"embeddable":true,"href":"https:\/\/www.multicasa.com.br\/inicio\/wp-json\/wp\/v2\/media\/25990"}],"wp:attachment":[{"href":"https:\/\/www.multicasa.com.br\/inicio\/wp-json\/wp\/v2\/media?parent=11964"}],"wp:term":[{"taxonomy":"product_brand","embeddable":true,"href":"https:\/\/www.multicasa.com.br\/inicio\/wp-json\/wp\/v2\/product_brand?post=11964"},{"taxonomy":"product_cat","embeddable":true,"href":"https:\/\/www.multicasa.com.br\/inicio\/wp-json\/wp\/v2\/product_cat?post=11964"},{"taxonomy":"product_tag","embeddable":true,"href":"https:\/\/www.multicasa.com.br\/inicio\/wp-json\/wp\/v2\/product_tag?post=11964"}],"curies":[{"name":"wp","href":"https:\/\/api.w.org\/{rel}","templated":true}]}}