{"id":11965,"date":"2025-06-20T18:12:55","date_gmt":"2025-06-20T22:12:55","guid":{"rendered":"https:\/\/www.multicasa.com.br\/inicio\/?post_type=product&#038;p=11965"},"modified":"2025-08-17T19:01:26","modified_gmt":"2025-08-17T23:01:26","slug":"mangueira-super-flexivel-3-4x325mm-laranja-m-tramontina","status":"publish","type":"product","link":"https:\/\/www.multicasa.com.br\/inicio\/produto\/mangueira-super-flexivel-3-4x325mm-laranja-m-tramontina\/","title":{"rendered":"Mangueira Super Flex\u00edvel 3\/4X325Mm Laranja (M) Tramontina"},"content":{"rendered":"<p>Com a mangueira Multi 3\/4&#8243; Tramontina laranja em PVC 3 camadas, voc\u00ea poder\u00e1 cuidar do seu jardim com mais praticidade e facilidade. A mangueira possibilitar\u00e1 atingir os pontos mais dif\u00edceis na hora de irrigar o seu jardim, devido a ser produzida com material resistente e altamente flex\u00edvel. Revestida por tr\u00eas camadas, a mangueira tamb\u00e9m apresenta maior resist\u00eancia devido ao poli\u00e9ster, que evita que o produto fique danificado caso seja torcido. Praticidade e qualidade \u00e9 com a Tramontina!<\/p>\n","protected":false},"excerpt":{"rendered":"<h4 style=\"margin: 0px;padding: 0px 0px 16px;font-family: Lato, sans-serif;font-weight: bold;line-height: 3rem;color: var(--dark-grey3);font-size: 22px;font-style: normal;letter-spacing: normal;text-align: start;text-indent: 0px;text-transform: none\">Informa\u00e7\u00f5es t\u00e9cnicas<\/h4>\n<p><span style=\"margin: 0px;padding: 0px;font-weight: 450;font-size: 14px;line-height: 21px;color: var(--dark-grey2);font-family: Lato, sans-serif;font-style: normal;letter-spacing: normal;text-align: start;text-indent: 0px;text-transform: none\">PRODUTO: MANGUEIRA SUPER FLEX\u00cdVEL 3\/4X325MM (M)<br \/>\nMARCA: Tramontina<br \/>\nMATERIAL: PVC<br \/>\nCOR: laranja<br \/>\nCARACTER\u00cdSTICAS:<br \/>\n\u0095 Mangueira com alta flexibilidade e f\u00e1cil manuseio.<br \/>\n\u0095 Recomendada para situa\u00e7\u00f5es de uso com press\u00e3o da \u00e1gua de at\u00e9 12 bar [174 psi] e temperatura de 50 \u00b0C.<br \/>\n\u0095 Para maior resist\u00eancia possui 3 camadas distintas: interna em PVC, intermedi\u00e1ria em fio de poli\u00e9ster tran\u00e7ado e externa em PVC.<\/span><\/p>\n","protected":false},"featured_media":25541,"template":"","meta":{"_joinchat":[]},"product_brand":[],"product_cat":[76],"product_tag":[],"class_list":{"0":"post-11965","1":"product","2":"type-product","3":"status-publish","4":"has-post-thumbnail","6":"product_cat-jardinagem","8":"first","9":"outofstock","10":"shipping-taxable","11":"purchasable","12":"product-type-simple"},"_links":{"self":[{"href":"https:\/\/www.multicasa.com.br\/inicio\/wp-json\/wp\/v2\/product\/11965","targetHints":{"allow":["GET"]}}],"collection":[{"href":"https:\/\/www.multicasa.com.br\/inicio\/wp-json\/wp\/v2\/product"}],"about":[{"href":"https:\/\/www.multicasa.com.br\/inicio\/wp-json\/wp\/v2\/types\/product"}],"wp:featuredmedia":[{"embeddable":true,"href":"https:\/\/www.multicasa.com.br\/inicio\/wp-json\/wp\/v2\/media\/25541"}],"wp:attachment":[{"href":"https:\/\/www.multicasa.com.br\/inicio\/wp-json\/wp\/v2\/media?parent=11965"}],"wp:term":[{"taxonomy":"product_brand","embeddable":true,"href":"https:\/\/www.multicasa.com.br\/inicio\/wp-json\/wp\/v2\/product_brand?post=11965"},{"taxonomy":"product_cat","embeddable":true,"href":"https:\/\/www.multicasa.com.br\/inicio\/wp-json\/wp\/v2\/product_cat?post=11965"},{"taxonomy":"product_tag","embeddable":true,"href":"https:\/\/www.multicasa.com.br\/inicio\/wp-json\/wp\/v2\/product_tag?post=11965"}],"curies":[{"name":"wp","href":"https:\/\/api.w.org\/{rel}","templated":true}]}}