{"id":11967,"date":"2025-06-20T18:12:55","date_gmt":"2025-06-20T22:12:55","guid":{"rendered":"https:\/\/www.multicasa.com.br\/inicio\/?post_type=product&#038;p=11967"},"modified":"2025-08-17T19:01:28","modified_gmt":"2025-08-17T23:01:28","slug":"adesivo-pvc-sold-175g-vm-amanco","status":"publish","type":"product","link":"https:\/\/www.multicasa.com.br\/inicio\/produto\/adesivo-pvc-sold-175g-vm-amanco\/","title":{"rendered":"Adesivo Pvc Sold.175G Vm Amanco"},"content":{"rendered":"<p>indicado para colagem de tubos e conex\u00f5es de PVC. A sua viscosidade e seu tempo de trabalho s\u00e3o otimizados para a solda de tubula\u00e7\u00f5es acima de 60 mm de di\u00e2metro. Para tubos e conex\u00f5es de Irriga\u00e7\u00e3o acima de 75 mm \u00e9 recomendada a utiliza\u00e7\u00e3o da Solda Ultra Resistente Amanco.<\/p>\n","protected":false},"excerpt":{"rendered":"<h4 style=\"margin: 0px;padding: 0px 0px 16px;font-family: Lato, sans-serif;font-weight: bold;line-height: 3rem;color: var(--dark-grey3);font-size: 22px;font-style: normal;letter-spacing: normal;text-align: start;text-indent: 0px;text-transform: none\">Informa\u00e7\u00f5es t\u00e9cnicas<\/h4>\n<p><span style=\"margin: 0px;padding: 0px;font-weight: 450;font-size: 14px;line-height: 21px;color: var(--dark-grey2);font-family: Lato, sans-serif;font-style: normal;letter-spacing: normal;text-align: start;text-indent: 0px;text-transform: none\">Produto: ADESIVO PVC SOLD.175G VM AMANCO<br \/>\nMarca: Amanco<br \/>\nMaterial: Pl\u00e1stico<br \/>\nCor: Vermelho<br \/>\nCaracter\u00edsticas:<br \/>\n-Adesivo indicado para tubos e conex\u00f5es de grandes di\u00e2metros 75, 85, 110 mm;<br \/>\n-Dispon\u00edvel no frasco com 175g ou 850g;<br \/>\n-\u00c9 necess\u00e1rio aguardar 24 horas para submeter o sistema a press\u00e3o.<br \/>\n-Rapidez na execu\u00e7\u00e3o das juntas sold\u00e1vel;<br \/>\n-Seguran\u00e7a garantida;<br \/>\n-Secagem prolongada;<br \/>\n-Cor vermelha para marcar o lugar aonde o adesivo foi aplicado;<br \/>\n-Sem toluol<\/span><\/p>\n","protected":false},"featured_media":24579,"template":"","meta":{"_joinchat":[]},"product_brand":[],"product_cat":[73],"product_tag":[],"class_list":{"0":"post-11967","1":"product","2":"type-product","3":"status-publish","4":"has-post-thumbnail","6":"product_cat-tubos-e-conexoes","8":"first","9":"outofstock","10":"shipping-taxable","11":"purchasable","12":"product-type-simple"},"_links":{"self":[{"href":"https:\/\/www.multicasa.com.br\/inicio\/wp-json\/wp\/v2\/product\/11967","targetHints":{"allow":["GET"]}}],"collection":[{"href":"https:\/\/www.multicasa.com.br\/inicio\/wp-json\/wp\/v2\/product"}],"about":[{"href":"https:\/\/www.multicasa.com.br\/inicio\/wp-json\/wp\/v2\/types\/product"}],"wp:featuredmedia":[{"embeddable":true,"href":"https:\/\/www.multicasa.com.br\/inicio\/wp-json\/wp\/v2\/media\/24579"}],"wp:attachment":[{"href":"https:\/\/www.multicasa.com.br\/inicio\/wp-json\/wp\/v2\/media?parent=11967"}],"wp:term":[{"taxonomy":"product_brand","embeddable":true,"href":"https:\/\/www.multicasa.com.br\/inicio\/wp-json\/wp\/v2\/product_brand?post=11967"},{"taxonomy":"product_cat","embeddable":true,"href":"https:\/\/www.multicasa.com.br\/inicio\/wp-json\/wp\/v2\/product_cat?post=11967"},{"taxonomy":"product_tag","embeddable":true,"href":"https:\/\/www.multicasa.com.br\/inicio\/wp-json\/wp\/v2\/product_tag?post=11967"}],"curies":[{"name":"wp","href":"https:\/\/api.w.org\/{rel}","templated":true}]}}