{"id":11986,"date":"2025-06-20T18:13:02","date_gmt":"2025-06-20T22:13:02","guid":{"rendered":"https:\/\/www.multicasa.com.br\/inicio\/?post_type=product&#038;p=11986"},"modified":"2025-08-18T01:14:41","modified_gmt":"2025-08-18T05:14:41","slug":"torneira-de-parede-com-filtro-2167-c33-cromada-injetplas","status":"publish","type":"product","link":"https:\/\/www.multicasa.com.br\/inicio\/produto\/torneira-de-parede-com-filtro-2167-c33-cromada-injetplas\/","title":{"rendered":"Torneira De Parede Com Filtro 2167 C33 Cromada Injetplas"},"content":{"rendered":"<p>A Torneira Filtro Cozinha Abs de Engenharia Gourmet 2167 C33 vem com um design moderno, fabricada em Abs de Engenharia oferece incr\u00edvel resist\u00eancia e durabilidade. Possui Bica Alta Flex\u00edvel modelo Gourmet com Arejador Fixo o qual insere ar no jato de \u00e1gua aumentando a press\u00e3o e reduzindo o consumo. O mecanismo adotado \u00e9 o sistema inovador com 1\/4 de volta e veda\u00e7\u00e3o cer\u00e2mica proporcionando maior leveza em sua abertura e fechamento, assim n\u00e3o \u00e9 preciso girar demais para fechar a torneira. Seu acabamento no modelo C33, oferece uma est\u00e9tica moderna e leve com qualidade e resist\u00eancia destacando seus tra\u00e7os e esbanjando praticidade.<\/p>\n","protected":false},"excerpt":{"rendered":"<h4 style=\"margin: 0px;padding: 0px 0px 16px;font-family: Lato, sans-serif;font-weight: bold;line-height: 3rem;color: var(--dark-grey3);font-size: 22px;font-style: normal;letter-spacing: normal;text-align: start;text-indent: 0px;text-transform: none\">Informa\u00e7\u00f5es t\u00e9cnicas<\/h4>\n<p><span style=\"margin: 0px;padding: 0px;font-weight: 450;font-size: 14px;line-height: 21px;color: var(--dark-grey2);font-family: Lato, sans-serif;font-style: normal;letter-spacing: normal;text-align: start;text-indent: 0px;text-transform: none\">Produto: TORNEIRA DE PAREDE COM FILTRO 2167 C33<br \/>\nMarca: Injetplas<br \/>\nMaterial: ABS de engenharia<br \/>\nCor: Cromado<br \/>\nCaracter\u00edsticas:<br \/>\n-Local(is) Indicado(s): Pia\/ Parede<br \/>\n-Bica: Alta<br \/>\n-Mobilidade da Bica: M\u00f3vel Flex\u00edvel<br \/>\n-Acompanha Arejador: Sim<br \/>\n-Mobilidade do Arejador: Fixo<br \/>\n-Mecanismo: 1\/4 de Volta<br \/>\nAltura: 26 cm<br \/>\nLargura: 24 cm<br \/>\nProfundidade: 14 cm<\/span><\/p>\n","protected":false},"featured_media":27514,"template":"","meta":{"_joinchat":[]},"product_brand":[],"product_cat":[67],"product_tag":[],"class_list":{"0":"post-11986","1":"product","2":"type-product","3":"status-publish","4":"has-post-thumbnail","6":"product_cat-torneiras-e-cia","8":"first","9":"instock","10":"shipping-taxable","11":"purchasable","12":"product-type-simple"},"_links":{"self":[{"href":"https:\/\/www.multicasa.com.br\/inicio\/wp-json\/wp\/v2\/product\/11986","targetHints":{"allow":["GET"]}}],"collection":[{"href":"https:\/\/www.multicasa.com.br\/inicio\/wp-json\/wp\/v2\/product"}],"about":[{"href":"https:\/\/www.multicasa.com.br\/inicio\/wp-json\/wp\/v2\/types\/product"}],"wp:featuredmedia":[{"embeddable":true,"href":"https:\/\/www.multicasa.com.br\/inicio\/wp-json\/wp\/v2\/media\/27514"}],"wp:attachment":[{"href":"https:\/\/www.multicasa.com.br\/inicio\/wp-json\/wp\/v2\/media?parent=11986"}],"wp:term":[{"taxonomy":"product_brand","embeddable":true,"href":"https:\/\/www.multicasa.com.br\/inicio\/wp-json\/wp\/v2\/product_brand?post=11986"},{"taxonomy":"product_cat","embeddable":true,"href":"https:\/\/www.multicasa.com.br\/inicio\/wp-json\/wp\/v2\/product_cat?post=11986"},{"taxonomy":"product_tag","embeddable":true,"href":"https:\/\/www.multicasa.com.br\/inicio\/wp-json\/wp\/v2\/product_tag?post=11986"}],"curies":[{"name":"wp","href":"https:\/\/api.w.org\/{rel}","templated":true}]}}