{"id":11991,"date":"2025-06-20T18:13:03","date_gmt":"2025-06-20T22:13:03","guid":{"rendered":"https:\/\/www.multicasa.com.br\/inicio\/?post_type=product&#038;p=11991"},"modified":"2026-04-25T14:50:08","modified_gmt":"2026-04-25T18:50:08","slug":"furadeira-parafusadeira-12v-bivolt-blackdecker","status":"publish","type":"product","link":"https:\/\/www.multicasa.com.br\/inicio\/produto\/furadeira-parafusadeira-12v-bivolt-blackdecker\/","title":{"rendered":"Furadeira\/Parafusadeira 12V Bivolt Black&#038;Decker"},"content":{"rendered":"<p>Uma das mais r\u00e1pidas e leve da categoria, com excelente torque e controle de aperto e furo. a ld12 \u00e9 uma ferramenta ideal para se instalar ou montar m\u00f3veis e fazer reparos em geral. Conta com empunhadura totalmente emborrachada e ergon\u00f4mica, para maior comodidade. Ideal para reparos rotineiros, instala\u00e7\u00f5es, montagens e manuten\u00e7\u00f5es. Perfura metal, madeira e gesso.<\/p>\n","protected":false},"excerpt":{"rendered":"<h4 style=\"margin: 0px;padding: 0px 0px 16px;font-family: Lato, sans-serif;font-weight: bold;line-height: 3rem;color: var(--dark-grey3);font-size: 22px;font-style: normal;letter-spacing: normal;text-align: start;text-indent: 0px;text-transform: none\" data-mce-style=\"margin: 0px; padding: 0px 0px 16px; font-family: Lato, sans-serif; font-weight: bold; line-height: 3rem; color: var(--dark-grey3); font-size: 22px; font-style: normal; letter-spacing: normal; text-align: start; text-indent: 0px; text-transform: none;\">Informa\u00e7\u00f5es t\u00e9cnicas<\/h4>\n<p><span style=\"margin: 0px;padding: 0px;font-weight: 450;font-size: 14px;line-height: 21px;color: var(--dark-grey2);font-family: Lato, sans-serif;font-style: normal;letter-spacing: normal;text-align: start;text-indent: 0px;text-transform: none\" data-mce-style=\"margin: 0px; padding: 0px; font-weight: 450; font-size: 14px; line-height: 21px; color: var(--dark-grey2); font-family: Lato, sans-serif; font-style: normal; letter-spacing: normal; text-align: start; text-indent: 0px; text-transform: none;\">Produto: FURADEIRA\/PARAFUS.1BAT.12V BIV.B&amp;D<br \/>Marca: Black + Decker<br \/>Material: ABS<br \/>Cor: Laranja<br \/>Caracter\u00edsticas:<br \/>&#8211; Led para visualiza\u00e7\u00e3o em lugares de dif\u00edceis acesso<br \/>&#8211; Luz com identifica\u00e7\u00e3o do n\u00edvel da bateria<br \/>&#8211; Bateria de \u00cdon L\u00edtio de 12V<br \/>&#8211; Velocidade vari\u00e1vel e revers\u00edvel.<br \/>Especifica\u00e7\u00f5es T\u00e9cnicas:<br \/>-Bateria: 12V 1,5Ah<br \/>-Tipo de Bateria: \u00cdons de L\u00edtio<br \/>-Mandril: 3\/8\u0094 (10mm)<br \/>-Rota\u00e7\u00f5es por minuto: 0-900 RPM<br \/>-Torque: 8Nm<br \/>-Perfura\u00e7\u00e3o: Metal 6,5mm \/ Madeira 15mm<br \/>Acompanha:<br \/>-10 Bits<br \/>-2 Brocas<br \/>-1 Extensor magn\u00e9tico<br \/>-Carregador<\/span><\/p>\n","protected":false},"featured_media":25247,"template":"","meta":{"_joinchat":[]},"product_brand":[],"product_cat":[152],"product_tag":[],"class_list":{"0":"post-11991","1":"product","2":"type-product","3":"status-publish","4":"has-post-thumbnail","6":"product_cat-ferramentas-eletricas","8":"first","9":"instock","10":"shipping-taxable","11":"purchasable","12":"product-type-simple"},"_links":{"self":[{"href":"https:\/\/www.multicasa.com.br\/inicio\/wp-json\/wp\/v2\/product\/11991","targetHints":{"allow":["GET"]}}],"collection":[{"href":"https:\/\/www.multicasa.com.br\/inicio\/wp-json\/wp\/v2\/product"}],"about":[{"href":"https:\/\/www.multicasa.com.br\/inicio\/wp-json\/wp\/v2\/types\/product"}],"wp:featuredmedia":[{"embeddable":true,"href":"https:\/\/www.multicasa.com.br\/inicio\/wp-json\/wp\/v2\/media\/25247"}],"wp:attachment":[{"href":"https:\/\/www.multicasa.com.br\/inicio\/wp-json\/wp\/v2\/media?parent=11991"}],"wp:term":[{"taxonomy":"product_brand","embeddable":true,"href":"https:\/\/www.multicasa.com.br\/inicio\/wp-json\/wp\/v2\/product_brand?post=11991"},{"taxonomy":"product_cat","embeddable":true,"href":"https:\/\/www.multicasa.com.br\/inicio\/wp-json\/wp\/v2\/product_cat?post=11991"},{"taxonomy":"product_tag","embeddable":true,"href":"https:\/\/www.multicasa.com.br\/inicio\/wp-json\/wp\/v2\/product_tag?post=11991"}],"curies":[{"name":"wp","href":"https:\/\/api.w.org\/{rel}","templated":true}]}}