{"id":11994,"date":"2025-06-20T18:13:03","date_gmt":"2025-06-20T22:13:03","guid":{"rendered":"https:\/\/www.multicasa.com.br\/inicio\/?post_type=product&#038;p=11994"},"modified":"2026-04-30T14:20:13","modified_gmt":"2026-04-30T18:20:13","slug":"filtro-linha-10tomadas-bivolt-pt-qualitronix","status":"publish","type":"product","link":"https:\/\/www.multicasa.com.br\/inicio\/produto\/filtro-linha-10tomadas-bivolt-pt-qualitronix\/","title":{"rendered":"Filtro Linha 10Tomadas Bivolt Pt Qualitronix"},"content":{"rendered":"<p>Dispon\u00edvel em 10 tomadas. Freq\u00fc\u00eancia de trabalho: 50\/60 Hz; Pino 2P+T \/ Bivolt \/ Chave Circuit Breaker. Tens\u00e3o de sa\u00edda igual \u00e0 tens\u00e3o de entrada. Plugues e tomadas conforme NBR60884 e NBR14136, e cabo de for\u00e7a conforme NBR247-5 da ABNT. Prote\u00e7\u00e3o contra interfer\u00eancia eletromagn\u00e9tica e radiofrequ\u00eancia.<\/p>\n","protected":false},"excerpt":{"rendered":"<h4 style=\"margin: 0px;padding: 0px 0px 16px;font-family: Lato, sans-serif;font-weight: bold;line-height: 3rem;color: var(--dark-grey3);font-size: 22px;font-style: normal;letter-spacing: normal;text-align: start;text-indent: 0px;text-transform: none\">Informa\u00e7\u00f5es t\u00e9cnicas<\/h4>\n<p><span style=\"margin: 0px;padding: 0px;font-weight: 450;font-size: 14px;line-height: 21px;color: var(--dark-grey2);font-family: Lato, sans-serif;font-style: normal;letter-spacing: normal;text-align: start;text-indent: 0px;text-transform: none\">Produto: MANGUEIRA CORRUG.32MM (25M) LJ QUIM<br \/>\nMarca: Qualitronix<br \/>\nMaterial: Pl\u00e1stico<br \/>\nCor: Preto<br \/>\nCaracter\u00edsticas<br \/>\n&#8211; Comprimento do Cabo de Energia : 1,20 m<br \/>\n&#8211; Quantidade de Tomadas : 10 tomadas<br \/>\n&#8211; Produto : Protetor El\u00e9trico<br \/>\n&#8211; Tens\u00e3o El\u00e9trica : Bivolt<br \/>\n&#8211; Quantidade de P\u00f3los : 3 p\u00f3lo(s)<br \/>\n&#8211; Tipos de P\u00f3los : 2+Terra<br \/>\n&#8211; Possui Protetor : Sim<br \/>\nDimens\u00f5es<br \/>\nAltura: 4cm<br \/>\nLargura: 29cm<br \/>\nComprimento: 10cm<\/span><\/p>\n","protected":false},"featured_media":25194,"template":"","meta":{"_joinchat":[]},"product_brand":[],"product_cat":[120],"product_tag":[],"class_list":{"0":"post-11994","1":"product","2":"type-product","3":"status-publish","4":"has-post-thumbnail","6":"product_cat-extencoes-e-cia","8":"first","9":"instock","10":"shipping-taxable","11":"purchasable","12":"product-type-simple"},"_links":{"self":[{"href":"https:\/\/www.multicasa.com.br\/inicio\/wp-json\/wp\/v2\/product\/11994","targetHints":{"allow":["GET"]}}],"collection":[{"href":"https:\/\/www.multicasa.com.br\/inicio\/wp-json\/wp\/v2\/product"}],"about":[{"href":"https:\/\/www.multicasa.com.br\/inicio\/wp-json\/wp\/v2\/types\/product"}],"wp:featuredmedia":[{"embeddable":true,"href":"https:\/\/www.multicasa.com.br\/inicio\/wp-json\/wp\/v2\/media\/25194"}],"wp:attachment":[{"href":"https:\/\/www.multicasa.com.br\/inicio\/wp-json\/wp\/v2\/media?parent=11994"}],"wp:term":[{"taxonomy":"product_brand","embeddable":true,"href":"https:\/\/www.multicasa.com.br\/inicio\/wp-json\/wp\/v2\/product_brand?post=11994"},{"taxonomy":"product_cat","embeddable":true,"href":"https:\/\/www.multicasa.com.br\/inicio\/wp-json\/wp\/v2\/product_cat?post=11994"},{"taxonomy":"product_tag","embeddable":true,"href":"https:\/\/www.multicasa.com.br\/inicio\/wp-json\/wp\/v2\/product_tag?post=11994"}],"curies":[{"name":"wp","href":"https:\/\/api.w.org\/{rel}","templated":true}]}}