{"id":11995,"date":"2025-06-20T18:13:03","date_gmt":"2025-06-20T22:13:03","guid":{"rendered":"https:\/\/www.multicasa.com.br\/inicio\/?post_type=product&#038;p=11995"},"modified":"2025-08-17T19:03:06","modified_gmt":"2025-08-17T23:03:06","slug":"luminaria-de-emergencia-30-leds-0031-intelbras","status":"publish","type":"product","link":"https:\/\/www.multicasa.com.br\/inicio\/produto\/luminaria-de-emergencia-30-leds-0031-intelbras\/","title":{"rendered":"Lumin\u00e1ria de emerg\u00eancia 30 LEDS 0031 Intelbras"},"content":{"rendered":"<p>Ideal para ambientes de at\u00e9 30m\u00b2. Seguran\u00e7a e conforto nas quedas de energia el\u00e9trica e situa\u00e7\u00f5es de emerg\u00eancia, com acendimento autom\u00e1tico e sistema antifurto. F\u00e1cil instala\u00e7\u00e3o, baixo consumo de energia el\u00e9trica e alta durabilidade.<\/p>\n","protected":false},"excerpt":{"rendered":"<h4 style=\"margin: 0px;padding: 0px 0px 16px;font-family: Lato, sans-serif;font-weight: bold;line-height: 3rem;color: var(--dark-grey3);font-size: 22px;font-style: normal;letter-spacing: normal;text-align: start;text-indent: 0px;text-transform: none\">Informa\u00e7\u00f5es t\u00e9cnicas<\/h4>\n<p><span style=\"margin: 0px;padding: 0px;font-weight: 450;font-size: 14px;line-height: 21px;color: var(--dark-grey2);font-family: Lato, sans-serif;font-style: normal;letter-spacing: normal;text-align: start;text-indent: 0px;text-transform: none\">&gt; Ideal para ambientes de at\u00e9 30 m\u00b2.<br \/>\n&gt; Autonomia de at\u00e9 6 horas.<br \/>\n&gt; Sistema antifurto com a vantagem de ser fixado na parede e assim garantir maior seguran\u00e7a.<br \/>\n&gt; Bot\u00e3o de teste; Maior qualidade e durabilidade com bateria de l\u00edtio.<br \/>\n&gt; Chave seletora para escolha da intensidade de luz<br \/>\n&gt; Com bivolt autom\u00e1tico, ela funciona em todas as regi\u00f5es sem precisar selecionar a tens\u00e3o 127\/220V<br \/>\n&gt; Fluxo m\u00e1ximo de 100 lumens.<\/span><\/p>\n","protected":false},"featured_media":25479,"template":"","meta":{"_joinchat":[]},"product_brand":[],"product_cat":[145],"product_tag":[],"class_list":{"0":"post-11995","1":"product","2":"type-product","3":"status-publish","4":"has-post-thumbnail","6":"product_cat-leds-comerciais","8":"first","9":"outofstock","10":"shipping-taxable","11":"purchasable","12":"product-type-simple"},"_links":{"self":[{"href":"https:\/\/www.multicasa.com.br\/inicio\/wp-json\/wp\/v2\/product\/11995","targetHints":{"allow":["GET"]}}],"collection":[{"href":"https:\/\/www.multicasa.com.br\/inicio\/wp-json\/wp\/v2\/product"}],"about":[{"href":"https:\/\/www.multicasa.com.br\/inicio\/wp-json\/wp\/v2\/types\/product"}],"wp:featuredmedia":[{"embeddable":true,"href":"https:\/\/www.multicasa.com.br\/inicio\/wp-json\/wp\/v2\/media\/25479"}],"wp:attachment":[{"href":"https:\/\/www.multicasa.com.br\/inicio\/wp-json\/wp\/v2\/media?parent=11995"}],"wp:term":[{"taxonomy":"product_brand","embeddable":true,"href":"https:\/\/www.multicasa.com.br\/inicio\/wp-json\/wp\/v2\/product_brand?post=11995"},{"taxonomy":"product_cat","embeddable":true,"href":"https:\/\/www.multicasa.com.br\/inicio\/wp-json\/wp\/v2\/product_cat?post=11995"},{"taxonomy":"product_tag","embeddable":true,"href":"https:\/\/www.multicasa.com.br\/inicio\/wp-json\/wp\/v2\/product_tag?post=11995"}],"curies":[{"name":"wp","href":"https:\/\/api.w.org\/{rel}","templated":true}]}}