{"id":11996,"date":"2025-06-20T18:13:03","date_gmt":"2025-06-20T22:13:03","guid":{"rendered":"https:\/\/www.multicasa.com.br\/inicio\/?post_type=product&#038;p=11996"},"modified":"2025-08-17T19:03:08","modified_gmt":"2025-08-17T23:03:08","slug":"torneira-cozinha-parede-1168-f-61-bc-lorenz","status":"publish","type":"product","link":"https:\/\/www.multicasa.com.br\/inicio\/produto\/torneira-cozinha-parede-1168-f-61-bc-lorenz\/","title":{"rendered":"Torneira Cozinha Parede 1168 F 61 Bc Lorenz"},"content":{"rendered":"<p>Torneira para cozinha de parede m\u00f3vel alta lorenzetti linha flatt 1168 f61 Branca (abs &#8211; pl\u00e1stico de engenharia) * mecanismo de veda\u00e7\u00e3o cer\u00e2mico &#8211; evita desgastes na veda\u00e7\u00e3o ou gosto das veda\u00e7\u00f5es com borracha. * 1\/4 de volta &#8211; rapidez no acionamento e fechamento que proporciona economia de \u00e1gua * conex\u00e3o de entrada 1\/2&#8243; * bica m\u00f3vel 360\u00bac * resistente a impactos * press\u00e3o de funcionamento m\u00ednima 1 5 mca (15 kpa) * press\u00e3o de funcionamento m\u00e1xima 40 mca (400 kpa) dimens\u00f5es &#8211; 23 2 cm altura &#8211; 08 1 cm largura &#8211; 20 3cm profundidade\/comprimento composi\u00e7\u00e3o b\u00e1sica: abs (pl\u00e1sticos de engenharia) elast\u00f4meros cer\u00e2mica lat\u00e3o n\u00edquel alum\u00ednio resina poliacr\u00edlica e cromo.<\/p>\n","protected":false},"excerpt":{"rendered":"<h4 style=\"margin: 0px;padding: 0px 0px 16px;font-family: Lato, sans-serif;font-weight: bold;line-height: 3rem;color: var(--dark-grey3);font-size: 22px;font-style: normal;letter-spacing: normal;text-align: start;text-indent: 0px;text-transform: none\">Informa\u00e7\u00f5es t\u00e9cnicas<\/h4>\n<p><span style=\"margin: 0px;padding: 0px;font-weight: 450;font-size: 14px;line-height: 21px;color: var(--dark-grey2);font-family: Lato, sans-serif;font-style: normal;letter-spacing: normal;text-align: start;text-indent: 0px;text-transform: none\">Produto: TORNEIRA COZ.PAR.1168 F 61 BC LORENZ<br \/>\nMarca: Lorenzetti<br \/>\nMaterial: ABS<br \/>\nCor: Branco<br \/>\nCaracter\u00edsticas<br \/>\n&#8211; 1\/4 de volta: Rapidez no acionamento e fechamento que proporciona economia de \u00e1gua.<br \/>\nDimens\u00f5es<br \/>\n700x1700x2600 cm<\/span><\/p>\n","protected":false},"featured_media":26120,"template":"","meta":{"_joinchat":[]},"product_brand":[],"product_cat":[67],"product_tag":[],"class_list":{"0":"post-11996","1":"product","2":"type-product","3":"status-publish","4":"has-post-thumbnail","6":"product_cat-torneiras-e-cia","8":"first","9":"outofstock","10":"shipping-taxable","11":"purchasable","12":"product-type-simple"},"_links":{"self":[{"href":"https:\/\/www.multicasa.com.br\/inicio\/wp-json\/wp\/v2\/product\/11996","targetHints":{"allow":["GET"]}}],"collection":[{"href":"https:\/\/www.multicasa.com.br\/inicio\/wp-json\/wp\/v2\/product"}],"about":[{"href":"https:\/\/www.multicasa.com.br\/inicio\/wp-json\/wp\/v2\/types\/product"}],"wp:featuredmedia":[{"embeddable":true,"href":"https:\/\/www.multicasa.com.br\/inicio\/wp-json\/wp\/v2\/media\/26120"}],"wp:attachment":[{"href":"https:\/\/www.multicasa.com.br\/inicio\/wp-json\/wp\/v2\/media?parent=11996"}],"wp:term":[{"taxonomy":"product_brand","embeddable":true,"href":"https:\/\/www.multicasa.com.br\/inicio\/wp-json\/wp\/v2\/product_brand?post=11996"},{"taxonomy":"product_cat","embeddable":true,"href":"https:\/\/www.multicasa.com.br\/inicio\/wp-json\/wp\/v2\/product_cat?post=11996"},{"taxonomy":"product_tag","embeddable":true,"href":"https:\/\/www.multicasa.com.br\/inicio\/wp-json\/wp\/v2\/product_tag?post=11996"}],"curies":[{"name":"wp","href":"https:\/\/api.w.org\/{rel}","templated":true}]}}