{"id":12006,"date":"2025-06-20T18:13:04","date_gmt":"2025-06-20T22:13:04","guid":{"rendered":"https:\/\/www.multicasa.com.br\/inicio\/?post_type=product&#038;p=12006"},"modified":"2026-02-04T10:18:39","modified_gmt":"2026-02-04T14:18:39","slug":"suporte-tv-articulado-10-56-polegadas-bra-4-0-brasforma","status":"publish","type":"product","link":"https:\/\/www.multicasa.com.br\/inicio\/produto\/suporte-tv-articulado-10-56-polegadas-bra-4-0-brasforma\/","title":{"rendered":"Suporte Tv Articulado 10\/56 Polegadas Bra 4.0 Brasforma"},"content":{"rendered":"<p>Suporte Articulado Brasforma para TVs LCD, LED, Plasma, 3D e Smart TV de 10 at\u00e9 56 polegadas (com VESA m\u00e1ximo de 400x400mm). Permite articula\u00e7\u00e3o de at\u00e9 130\u00ba, inclina\u00e7\u00e3o de at\u00e9 15\u00ba e vem montado.Permite Ajustar a TV para assistir de v\u00e1rios \u00e2ngulos. Ideal para salas, escrit\u00f3rios, quartos, hospitais, restaurantes, entre outros locais.<\/p>\n","protected":false},"excerpt":{"rendered":"<h4 style=\"margin: 0px;padding: 0px 0px 16px;font-family: Lato, sans-serif;font-weight: bold;line-height: 3rem;color: var(--dark-grey3);font-size: 22px;font-style: normal;letter-spacing: normal;text-align: start;text-indent: 0px;text-transform: none\">Informa\u00e7\u00f5es t\u00e9cnicas<\/h4>\n<p><span style=\"margin: 0px;padding: 0px;font-weight: 450;font-size: 14px;line-height: 21px;color: var(--dark-grey2);font-family: Lato, sans-serif;font-style: normal;letter-spacing: normal;text-align: start;text-indent: 0px;text-transform: none\">Produto: SUPORTE TV ARTIC.10\/56 BRA 4.0 BRASF<br \/>\nMarca: Brasforma<br \/>\nMaterial: A\u00e7o carbono, tratamento anticorrosivo e pintura eletrost\u00e1tica.<br \/>\nCor: Preto<br \/>\nCaracter\u00edsticas<br \/>\n? Vem montado<br \/>\n? F\u00e1cil instala\u00e7\u00e3o<\/p>\n<p>Conte\u00fado da Embalagem<br \/>\n? 1 Suporte para TV<br \/>\n? Hastes extensoras para VESA 400x400mm<br \/>\n? Kit de Parafusos<br \/>\n? 1 Manual de instru\u00e7\u00f5es<\/p>\n<p>Medidas(CxLxA):\t26.5x 23.5 x 7.9 cm<\/span><\/p>\n","protected":false},"featured_media":26027,"template":"","meta":{"_joinchat":[]},"product_brand":[],"product_cat":[150],"product_tag":[],"class_list":{"0":"post-12006","1":"product","2":"type-product","3":"status-publish","4":"has-post-thumbnail","6":"product_cat-antenas-e-cia","8":"first","9":"outofstock","10":"shipping-taxable","11":"purchasable","12":"product-type-simple"},"_links":{"self":[{"href":"https:\/\/www.multicasa.com.br\/inicio\/wp-json\/wp\/v2\/product\/12006","targetHints":{"allow":["GET"]}}],"collection":[{"href":"https:\/\/www.multicasa.com.br\/inicio\/wp-json\/wp\/v2\/product"}],"about":[{"href":"https:\/\/www.multicasa.com.br\/inicio\/wp-json\/wp\/v2\/types\/product"}],"wp:featuredmedia":[{"embeddable":true,"href":"https:\/\/www.multicasa.com.br\/inicio\/wp-json\/wp\/v2\/media\/26027"}],"wp:attachment":[{"href":"https:\/\/www.multicasa.com.br\/inicio\/wp-json\/wp\/v2\/media?parent=12006"}],"wp:term":[{"taxonomy":"product_brand","embeddable":true,"href":"https:\/\/www.multicasa.com.br\/inicio\/wp-json\/wp\/v2\/product_brand?post=12006"},{"taxonomy":"product_cat","embeddable":true,"href":"https:\/\/www.multicasa.com.br\/inicio\/wp-json\/wp\/v2\/product_cat?post=12006"},{"taxonomy":"product_tag","embeddable":true,"href":"https:\/\/www.multicasa.com.br\/inicio\/wp-json\/wp\/v2\/product_tag?post=12006"}],"curies":[{"name":"wp","href":"https:\/\/api.w.org\/{rel}","templated":true}]}}