{"id":12008,"date":"2025-06-20T18:13:04","date_gmt":"2025-06-20T22:13:04","guid":{"rendered":"https:\/\/www.multicasa.com.br\/inicio\/?post_type=product&#038;p=12008"},"modified":"2026-02-11T17:18:43","modified_gmt":"2026-02-11T21:18:43","slug":"lanterna-regarregavel-led-bilvolt-9184-mor","status":"publish","type":"product","link":"https:\/\/www.multicasa.com.br\/inicio\/produto\/lanterna-regarregavel-led-bilvolt-9184-mor\/","title":{"rendered":"Lanterna Regarreg\u00e1vel Led Bilvolt 9184 Mor"},"content":{"rendered":"<p>Resistente para levar em qualquer lugar, Lanterna Holofote Power Led 265 L\u00famens Recarreg\u00e1vel pode ser usada no camping, passeios noturnos, vigias ou quando faltar a luz. Contando com um super led que proporciona uma luz mais intensa e com maior alcance, a lanterna possui 2 est\u00e1gios de intensidade de luz e alcance de 200 metros. A bateria dura at\u00e9 12 horas na pot\u00eancia econ\u00f4mica (90 l\u00famens) e 10 horas na pot\u00eancia total (265 l\u00famens). A Lanterna Holofote Power Led 265 Lumens \u00e9 recarreg\u00e1vel e possui voltagem bivolt, com bateria de 4.000mAh.<\/p>\n","protected":false},"excerpt":{"rendered":"<h4 style=\"margin: 0px;padding: 0px 0px 16px;font-family: Lato, sans-serif;font-weight: bold;line-height: 3rem;color: var(--dark-grey3);font-size: 22px;font-style: normal;letter-spacing: normal;text-align: start;text-indent: 0px;text-transform: none\">Informa\u00e7\u00f5es t\u00e9cnicas<\/h4>\n<p><span style=\"margin: 0px;padding: 0px;font-weight: 450;font-size: 14px;line-height: 21px;color: var(--dark-grey2);font-family: Lato, sans-serif;font-style: normal;letter-spacing: normal;text-align: start;text-indent: 0px;text-transform: none\">Modelo: Power Led<br \/>\nCor: Azul Marinho com Verde Lim\u00e3o<br \/>\nMaterial: ABS e vidro<br \/>\nL\u00e2mpada: Led<br \/>\nAlcance da Luz: 200 M<br \/>\nDura\u00e7\u00e3o da Bateria: At\u00e9 12 horas<br \/>\nL\u00famens Pot\u00eancia Econ\u00f4mica: 90 LM<br \/>\nL\u00famens Pot\u00eancia Total: 265 LM<br \/>\nBateria: 4000 MAH<br \/>\nTipo: Bivolt<\/span><\/p>\n","protected":false},"featured_media":25455,"template":"","meta":{"_joinchat":[]},"product_brand":[],"product_cat":[136],"product_tag":[],"class_list":{"0":"post-12008","1":"product","2":"type-product","3":"status-publish","4":"has-post-thumbnail","6":"product_cat-lazer","8":"first","9":"outofstock","10":"shipping-taxable","11":"product-type-simple"},"_links":{"self":[{"href":"https:\/\/www.multicasa.com.br\/inicio\/wp-json\/wp\/v2\/product\/12008","targetHints":{"allow":["GET"]}}],"collection":[{"href":"https:\/\/www.multicasa.com.br\/inicio\/wp-json\/wp\/v2\/product"}],"about":[{"href":"https:\/\/www.multicasa.com.br\/inicio\/wp-json\/wp\/v2\/types\/product"}],"wp:featuredmedia":[{"embeddable":true,"href":"https:\/\/www.multicasa.com.br\/inicio\/wp-json\/wp\/v2\/media\/25455"}],"wp:attachment":[{"href":"https:\/\/www.multicasa.com.br\/inicio\/wp-json\/wp\/v2\/media?parent=12008"}],"wp:term":[{"taxonomy":"product_brand","embeddable":true,"href":"https:\/\/www.multicasa.com.br\/inicio\/wp-json\/wp\/v2\/product_brand?post=12008"},{"taxonomy":"product_cat","embeddable":true,"href":"https:\/\/www.multicasa.com.br\/inicio\/wp-json\/wp\/v2\/product_cat?post=12008"},{"taxonomy":"product_tag","embeddable":true,"href":"https:\/\/www.multicasa.com.br\/inicio\/wp-json\/wp\/v2\/product_tag?post=12008"}],"curies":[{"name":"wp","href":"https:\/\/api.w.org\/{rel}","templated":true}]}}