{"id":12010,"date":"2025-06-20T18:13:05","date_gmt":"2025-06-20T22:13:05","guid":{"rendered":"https:\/\/www.multicasa.com.br\/inicio\/?post_type=product&#038;p=12010"},"modified":"2025-06-23T10:46:29","modified_gmt":"2025-06-23T14:46:29","slug":"ventilador-3-pas-economico-130w-127v-ventidelta","status":"publish","type":"product","link":"https:\/\/www.multicasa.com.br\/inicio\/produto\/ventilador-3-pas-economico-130w-127v-ventidelta\/","title":{"rendered":"Ventilador 3 Pas Economico 130W 127V Ventidelta"},"content":{"rendered":"<p>Nada melhor do que um ventilador para nos refrescar nos dias de calor. A vantagem do ventilador \u00e9 a praticidade que ele oferece, facilitando na hora do uso. Pensando em voc\u00ea, lhe trouxemos esse incr\u00edvel ventilador. Produzido com materiais resistentes e de \u00f3tima durabilidade,ele conta com uma incr\u00edvel pot\u00eancia de 130W, e h\u00e9lice 3 p\u00e1s, assim, ele ir\u00e1 turbinar um \u00f3timo vento a voc\u00ea. Com protetor t\u00e9rmico, esse Ventilador \u00e9 o que falta na sua vida. <\/p>\n","protected":false},"excerpt":{"rendered":"<h4 style=\"margin: 0px;padding: 0px 0px 16px;font-family: Lato, sans-serif;font-weight: bold;line-height: 3rem;color: var(--dark-grey3);font-size: 22px;font-style: normal;letter-spacing: normal;text-align: start;text-indent: 0px;text-transform: none\">Informa\u00e7\u00f5es t\u00e9cnicas<\/h4>\n<p><span style=\"margin: 0px;padding: 0px;font-weight: 450;font-size: 14px;line-height: 21px;color: var(--dark-grey2);font-family: Lato, sans-serif;font-style: normal;letter-spacing: normal;text-align: start;text-indent: 0px;text-transform: none\">Produto: VENTILADOR 3P ECO 130W 127V BC DELT<br \/>\nMarca: Ventidelta<br \/>\nMaterial: P\u00e1s de a\u00e7o corpo em alum\u00ednio.<br \/>\nCor: Branco<br \/>\nCaracter\u00edsticas<br \/>\n&#8211; Pot\u00eancia: 130W<br \/>\n&#8211; Rota\u00e7\u00e3o M\u00e1xima: 180 a 460 rpm<br \/>\n&#8211; P\u00e1s: 3  p\u00e1s de a\u00e7o pintadas na cor do ventilador<br \/>\n&#8211; Pintura: eletrost\u00e1tica<br \/>\n&#8211; \u00c1rea de Ventila\u00e7\u00e3o: 20m\u00b2<br \/>\n&#8211; Voltagem: 127v ou 220v<br \/>\n&#8211; Lustre: Sem lustre<br \/>\n&#8211; Controle de Velocidade: Rev 2T (exaust\u00e3o e Ventila\u00e7\u00e3o)<br \/>\n&#8211; Garantia: 12 Meses<br \/>\n&#8211; Dimens\u00f5es da Embalagem: (C x L x A): 39,5 x 15 x 16 cm<br \/>\n&#8211; Peso Bruto: 3,225 Kg<br \/>\n&#8211; Peso L\u00edquido: 2,955 Kg<\/p>\n<p>Dimens\u00f5es<br \/>\n(Altura \/ Di\u00e2metro) 36,2 x 96 cm<\/span><\/p>\n","protected":false},"featured_media":26267,"template":"","meta":{"_joinchat":[]},"product_brand":[],"product_cat":[149],"product_tag":[],"class_list":{"0":"post-12010","1":"product","2":"type-product","3":"status-publish","4":"has-post-thumbnail","6":"product_cat-ventiladores-comerciais","8":"first","9":"outofstock","10":"shipping-taxable","11":"product-type-simple"},"_links":{"self":[{"href":"https:\/\/www.multicasa.com.br\/inicio\/wp-json\/wp\/v2\/product\/12010","targetHints":{"allow":["GET"]}}],"collection":[{"href":"https:\/\/www.multicasa.com.br\/inicio\/wp-json\/wp\/v2\/product"}],"about":[{"href":"https:\/\/www.multicasa.com.br\/inicio\/wp-json\/wp\/v2\/types\/product"}],"wp:featuredmedia":[{"embeddable":true,"href":"https:\/\/www.multicasa.com.br\/inicio\/wp-json\/wp\/v2\/media\/26267"}],"wp:attachment":[{"href":"https:\/\/www.multicasa.com.br\/inicio\/wp-json\/wp\/v2\/media?parent=12010"}],"wp:term":[{"taxonomy":"product_brand","embeddable":true,"href":"https:\/\/www.multicasa.com.br\/inicio\/wp-json\/wp\/v2\/product_brand?post=12010"},{"taxonomy":"product_cat","embeddable":true,"href":"https:\/\/www.multicasa.com.br\/inicio\/wp-json\/wp\/v2\/product_cat?post=12010"},{"taxonomy":"product_tag","embeddable":true,"href":"https:\/\/www.multicasa.com.br\/inicio\/wp-json\/wp\/v2\/product_tag?post=12010"}],"curies":[{"name":"wp","href":"https:\/\/api.w.org\/{rel}","templated":true}]}}