{"id":12019,"date":"2025-06-20T18:13:12","date_gmt":"2025-06-20T22:13:12","guid":{"rendered":"https:\/\/www.multicasa.com.br\/inicio\/?post_type=product&#038;p=12019"},"modified":"2026-02-06T10:18:52","modified_gmt":"2026-02-06T14:18:52","slug":"escada-de-aluminio-extensiva-2x11-degraus-mor","status":"publish","type":"product","link":"https:\/\/www.multicasa.com.br\/inicio\/produto\/escada-de-aluminio-extensiva-2x11-degraus-mor\/","title":{"rendered":"Escada De Alum\u00ednio Extensiva 2X11 Degraus Mor"},"content":{"rendered":"<p>A Escada Extensiva Mor 2&#215;11 oferece tr\u00eas modos de utiliza\u00e7\u00e3o, os quais podem se adequar a sua necessidade: extens\u00edvel, aberta e simples. Com 3 anos de garantia, ela suporta at\u00e9 150 Kg e alcan\u00e7a at\u00e9 5,61 metros. Sua estrutura \u00e9 confeccionada 100% em alum\u00ednio produzido na Mor, garantindo melhor qualidade estrutural ao produto, pois h\u00e1 controle de todo processo de fabrica\u00e7\u00e3o. Al\u00e9m disso, o alum\u00ednio \u00e9 um material leve e dur\u00e1vel mesmo em \u00e1reas litor\u00e2neas. A escada conta com rodas que facilitam o uso, sistema de articula\u00e7\u00e3o com encaixe de travamento que proporciona maior seguran\u00e7a e abertura c\u00f4nica dos p\u00e9s e sapatas antiderrapantes, garantindo mais estabilidade.<\/p>\n","protected":false},"excerpt":{"rendered":"<h4 style=\"margin: 0px;padding: 0px 0px 16px;font-family: Lato, sans-serif;font-weight: bold;line-height: 3rem;color: var(--dark-grey3);font-size: 22px;font-style: normal;letter-spacing: normal;text-align: start;text-indent: 0px;text-transform: none\">Informa\u00e7\u00f5es t\u00e9cnicas<\/h4>\n<p><span style=\"margin: 0px;padding: 0px;font-weight: 450;font-size: 14px;line-height: 21px;color: var(--dark-grey2);font-family: Lato, sans-serif;font-style: normal;letter-spacing: normal;text-align: start;text-indent: 0px;text-transform: none\">Produto: ESCADA DE ALUM\u00cdNIO EXTENSIVA<br \/>\nMarca: Mor<br \/>\nMaterial: Alum\u00ednio<br \/>\nCor: Prata<br \/>\nCaracter\u00edsticas<br \/>\n&#8211; CAPACIDADE:150 kg<br \/>\n&#8211; GARANTIA: 3 Anos<br \/>\n&#8211; ALTURA: 13,50 Cent\u00edmetros<br \/>\n&#8211; LARGURA: 59,00 Cent\u00edmetros<br \/>\n&#8211; COMPRIMENTO: 3,37 Metros<br \/>\n&#8211; PESO: 11,58 Kg<\/span><\/p>\n","protected":false},"featured_media":12044,"template":"","meta":{"_joinchat":[]},"product_brand":[],"product_cat":[156],"product_tag":[],"class_list":{"0":"post-12019","1":"product","2":"type-product","3":"status-publish","4":"has-post-thumbnail","6":"product_cat-escadas","8":"first","9":"instock","10":"shipping-taxable","11":"purchasable","12":"product-type-simple"},"_links":{"self":[{"href":"https:\/\/www.multicasa.com.br\/inicio\/wp-json\/wp\/v2\/product\/12019","targetHints":{"allow":["GET"]}}],"collection":[{"href":"https:\/\/www.multicasa.com.br\/inicio\/wp-json\/wp\/v2\/product"}],"about":[{"href":"https:\/\/www.multicasa.com.br\/inicio\/wp-json\/wp\/v2\/types\/product"}],"wp:featuredmedia":[{"embeddable":true,"href":"https:\/\/www.multicasa.com.br\/inicio\/wp-json\/wp\/v2\/media\/12044"}],"wp:attachment":[{"href":"https:\/\/www.multicasa.com.br\/inicio\/wp-json\/wp\/v2\/media?parent=12019"}],"wp:term":[{"taxonomy":"product_brand","embeddable":true,"href":"https:\/\/www.multicasa.com.br\/inicio\/wp-json\/wp\/v2\/product_brand?post=12019"},{"taxonomy":"product_cat","embeddable":true,"href":"https:\/\/www.multicasa.com.br\/inicio\/wp-json\/wp\/v2\/product_cat?post=12019"},{"taxonomy":"product_tag","embeddable":true,"href":"https:\/\/www.multicasa.com.br\/inicio\/wp-json\/wp\/v2\/product_tag?post=12019"}],"curies":[{"name":"wp","href":"https:\/\/api.w.org\/{rel}","templated":true}]}}