{"id":12021,"date":"2025-06-20T18:13:12","date_gmt":"2025-06-20T22:13:12","guid":{"rendered":"https:\/\/www.multicasa.com.br\/inicio\/?post_type=product&#038;p=12021"},"modified":"2026-04-18T16:00:13","modified_gmt":"2026-04-18T20:00:13","slug":"plafon-led-frameless-sobrepor-quadrada-24w-biv-6-5","status":"publish","type":"product","link":"https:\/\/www.multicasa.com.br\/inicio\/produto\/plafon-led-frameless-sobrepor-quadrada-24w-biv-6-5\/","title":{"rendered":"Plafon Led Frameless Sobrepor Quadrada 24W Biv.6.5"},"content":{"rendered":"<p>Lumin\u00e1ria de sobrepor FRAMELESS, com design inovador e super moderno, integrado com a tecnologia LED e pronto para instalar. Difusor moldado em acr\u00edlico com alta refra\u00e7\u00e3o luminosa, proporcionando uma ilumina\u00e7\u00e3o uniforme e homog\u00eanea. Ideal para ambientes corporativos, comerciais e residenciais.<\/p>\n","protected":false},"excerpt":{"rendered":"<h4 style=\"margin: 0px;padding: 0px 0px 16px;font-family: Lato, sans-serif;font-weight: bold;line-height: 3rem;color: var(--dark-grey3);font-size: 22px;font-style: normal;letter-spacing: normal;text-align: start;text-indent: 0px;text-transform: none\">Informa\u00e7\u00f5es t\u00e9cnicas<\/h4>\n<p><span style=\"margin: 0px;padding: 0px;font-weight: 450;font-size: 14px;line-height: 21px;color: var(--dark-grey2);font-family: Lato, sans-serif;font-style: normal;letter-spacing: normal;text-align: start;text-indent: 0px;text-transform: none\">Produto: PLAFON LED FRAME.SOB.QD.24W BIV.6.5<br \/>\nMarca: led<br \/>\nMaterial: Alum\u00ednio<br \/>\nCor: Branco<br \/>\nCaracter\u00edsticas<br \/>\n&#8211; Garantia de 2 anos contra defeitos de fabrica\u00e7\u00e3o;<br \/>\n&#8211; Vida \u00fatil de 25.000 horas;<br \/>\n&#8211; Grau de prote\u00e7\u00e3o IP20;<br \/>\n&#8211; Tens\u00e3o bivolt 127-220Vca;<br \/>\n&#8211; Pot\u00eancia fluxo luminoso: 2400lm;<br \/>\nTemperatura de cor: 6500k;<br \/>\n\u00c2ngulo de abertura: 180\u00b0.<\/p>\n<p>Dimens\u00f5es(cm)<br \/>\n17 x 17 x 3,2<\/span><\/p>\n","protected":false},"featured_media":25748,"template":"","meta":{"_joinchat":[]},"product_brand":[],"product_cat":[157],"product_tag":[],"class_list":{"0":"post-12021","1":"product","2":"type-product","3":"status-publish","4":"has-post-thumbnail","6":"product_cat-leds-decorativos","8":"first","9":"instock","10":"shipping-taxable","11":"purchasable","12":"product-type-simple"},"_links":{"self":[{"href":"https:\/\/www.multicasa.com.br\/inicio\/wp-json\/wp\/v2\/product\/12021","targetHints":{"allow":["GET"]}}],"collection":[{"href":"https:\/\/www.multicasa.com.br\/inicio\/wp-json\/wp\/v2\/product"}],"about":[{"href":"https:\/\/www.multicasa.com.br\/inicio\/wp-json\/wp\/v2\/types\/product"}],"wp:featuredmedia":[{"embeddable":true,"href":"https:\/\/www.multicasa.com.br\/inicio\/wp-json\/wp\/v2\/media\/25748"}],"wp:attachment":[{"href":"https:\/\/www.multicasa.com.br\/inicio\/wp-json\/wp\/v2\/media?parent=12021"}],"wp:term":[{"taxonomy":"product_brand","embeddable":true,"href":"https:\/\/www.multicasa.com.br\/inicio\/wp-json\/wp\/v2\/product_brand?post=12021"},{"taxonomy":"product_cat","embeddable":true,"href":"https:\/\/www.multicasa.com.br\/inicio\/wp-json\/wp\/v2\/product_cat?post=12021"},{"taxonomy":"product_tag","embeddable":true,"href":"https:\/\/www.multicasa.com.br\/inicio\/wp-json\/wp\/v2\/product_tag?post=12021"}],"curies":[{"name":"wp","href":"https:\/\/api.w.org\/{rel}","templated":true}]}}