{"id":12022,"date":"2025-06-20T18:13:12","date_gmt":"2025-06-20T22:13:12","guid":{"rendered":"https:\/\/www.multicasa.com.br\/inicio\/?post_type=product&#038;p=12022"},"modified":"2026-02-06T16:18:40","modified_gmt":"2026-02-06T20:18:40","slug":"escada-de-aluminio-4-degraus-bel-fix","status":"publish","type":"product","link":"https:\/\/www.multicasa.com.br\/inicio\/produto\/escada-de-aluminio-4-degraus-bel-fix\/","title":{"rendered":"Escada De Alum\u00ednio 4 Degraus Bel Fix"},"content":{"rendered":"<p>A escada dobr\u00e1vel de 4 degraus permite que voc\u00ea alcance locais de dif\u00edcil acesso e assim possa fazer a sua atividade com calma e corre\u00e7\u00e3o, al\u00e9m de f\u00e1cil de guardar em qualquer lugar, a escada \u00e9 feita como uma estrutura de tubos de alum\u00ednio e pe\u00e7as plasticas de polipropileno. \u00c9 uma ferramenta muito resistente ao uso e muito f\u00e1cil de ser limpa.<\/p>\n","protected":false},"excerpt":{"rendered":"<h4 style=\"margin: 0px;padding: 0px 0px 16px;font-family: Lato, sans-serif;font-weight: bold;line-height: 3rem;color: var(--dark-grey3);font-size: 22px;font-style: normal;letter-spacing: normal;text-align: start;text-indent: 0px;text-transform: none\">Informa\u00e7\u00f5es t\u00e9cnicas<\/h4>\n<p><span style=\"margin: 0px;padding: 0px;font-weight: 450;font-size: 14px;line-height: 21px;color: var(--dark-grey2);font-family: Lato, sans-serif;font-style: normal;letter-spacing: normal;text-align: start;text-indent: 0px;text-transform: none\">Produto: ESCADA DE ALUM\u00cdNIO<br \/>\nMarca: BEL FIX<br \/>\nMaterial: Alum\u00ednio e Polipropileno.<br \/>\nCor: Prata<br \/>\nCaracter\u00edsticas<br \/>\n&#8211; Peso M\u00e1ximo Suportado: 120 kg<br \/>\n&#8211; Tipo de Escada: Dom\u00e9stica<br \/>\n&#8211; Quantidade de Degraus: 4<br \/>\n&#8211; Uso dom\u00e9stico e profissional<br \/>\n&#8211; Degraus e sapatas antiderrapantes<br \/>\n&#8211; Possui duas fitas de travamento<br \/>\n&#8211; Estrutura em Alum\u00ednio com acabamento em polipropileno<\/p>\n<p>Dimens\u00f5es(cm)<br \/>\nAltura: 84.5 cm<br \/>\nAltura da Escada Fechada: 105 cm<br \/>\nAltura M\u00e1xima Regul\u00e1vel: 84.50 cm<br \/>\nLargura: 43 cm<br \/>\nPeso: 2.855 kg<\/span><\/p>\n","protected":false},"featured_media":25114,"template":"","meta":{"_joinchat":[]},"product_brand":[],"product_cat":[156],"product_tag":[],"class_list":{"0":"post-12022","1":"product","2":"type-product","3":"status-publish","4":"has-post-thumbnail","6":"product_cat-escadas","8":"first","9":"outofstock","10":"shipping-taxable","11":"product-type-simple"},"_links":{"self":[{"href":"https:\/\/www.multicasa.com.br\/inicio\/wp-json\/wp\/v2\/product\/12022","targetHints":{"allow":["GET"]}}],"collection":[{"href":"https:\/\/www.multicasa.com.br\/inicio\/wp-json\/wp\/v2\/product"}],"about":[{"href":"https:\/\/www.multicasa.com.br\/inicio\/wp-json\/wp\/v2\/types\/product"}],"wp:featuredmedia":[{"embeddable":true,"href":"https:\/\/www.multicasa.com.br\/inicio\/wp-json\/wp\/v2\/media\/25114"}],"wp:attachment":[{"href":"https:\/\/www.multicasa.com.br\/inicio\/wp-json\/wp\/v2\/media?parent=12022"}],"wp:term":[{"taxonomy":"product_brand","embeddable":true,"href":"https:\/\/www.multicasa.com.br\/inicio\/wp-json\/wp\/v2\/product_brand?post=12022"},{"taxonomy":"product_cat","embeddable":true,"href":"https:\/\/www.multicasa.com.br\/inicio\/wp-json\/wp\/v2\/product_cat?post=12022"},{"taxonomy":"product_tag","embeddable":true,"href":"https:\/\/www.multicasa.com.br\/inicio\/wp-json\/wp\/v2\/product_tag?post=12022"}],"curies":[{"name":"wp","href":"https:\/\/api.w.org\/{rel}","templated":true}]}}