{"id":12023,"date":"2025-06-20T18:13:12","date_gmt":"2025-06-20T22:13:12","guid":{"rendered":"https:\/\/www.multicasa.com.br\/inicio\/?post_type=product&#038;p=12023"},"modified":"2025-12-20T09:20:12","modified_gmt":"2025-12-20T13:20:12","slug":"pisca-100led-sequencial-127v-6-0k-benluz","status":"publish","type":"product","link":"https:\/\/www.multicasa.com.br\/inicio\/produto\/pisca-100led-sequencial-127v-6-0k-benluz\/","title":{"rendered":"Pisca 100Led Sequencial 127V 6.0K Benluz"},"content":{"rendered":"<p>O pisca 100 led 127V da benluz \u00e9 ideal para decora\u00e7\u00f5es em geral, como: \u00e1rvores de Natal, janelas, garagens, salas, ou qualquer ambiente que preferir. A luz de LED proporciona uma ilumina\u00e7\u00e3o mais forte, mais econ\u00f4mica dando um charme especial a sua comemora\u00e7\u00e3o, criando um efeito visual incr\u00edvel para a decora\u00e7\u00e3o.<\/p>\n","protected":false},"excerpt":{"rendered":"<h4 style=\"margin: 0px;padding: 0px 0px 16px;font-family: Lato, sans-serif;font-weight: bold;line-height: 3rem;color: var(--dark-grey3);font-size: 22px;font-style: normal;letter-spacing: normal;text-align: start;text-indent: 0px;text-transform: none\">Informa\u00e7\u00f5es t\u00e9cnicas<\/h4>\n<p><span style=\"margin: 0px;padding: 0px;font-weight: 450;font-size: 14px;line-height: 21px;color: var(--dark-grey2);font-family: Lato, sans-serif;font-style: normal;letter-spacing: normal;text-align: start;text-indent: 0px;text-transform: none\">Produto: PISCA 100LED TR SEQU.127V 6.0K BENL<br \/>\nMarca: Benluz<br \/>\nMaterial: Pl\u00e1stico<br \/>\nCor: Branco<br \/>\nCaracter\u00edsticas<br \/>\nPot\u00eancia:        3,9W<br \/>\nUso:        Decora\u00e7\u00e3o<br \/>\nModelo:        LED fixo (n\u00e3o pisca)<br \/>\nTomada:        Macho e F\u00eamea<br \/>\nCor da Luz:        Branco frio<br \/>\nCor do Fio:        Fio Transparente<br \/>\nDimens\u00e3o:        9,5 Metros<br \/>\nVoltagem:        220v<\/span><\/p>\n","protected":false},"featured_media":25715,"template":"","meta":{"_joinchat":[]},"product_brand":[],"product_cat":[157],"product_tag":[],"class_list":{"0":"post-12023","1":"product","2":"type-product","3":"status-publish","4":"has-post-thumbnail","6":"product_cat-leds-decorativos","8":"first","9":"outofstock","10":"shipping-taxable","11":"purchasable","12":"product-type-simple"},"_links":{"self":[{"href":"https:\/\/www.multicasa.com.br\/inicio\/wp-json\/wp\/v2\/product\/12023","targetHints":{"allow":["GET"]}}],"collection":[{"href":"https:\/\/www.multicasa.com.br\/inicio\/wp-json\/wp\/v2\/product"}],"about":[{"href":"https:\/\/www.multicasa.com.br\/inicio\/wp-json\/wp\/v2\/types\/product"}],"wp:featuredmedia":[{"embeddable":true,"href":"https:\/\/www.multicasa.com.br\/inicio\/wp-json\/wp\/v2\/media\/25715"}],"wp:attachment":[{"href":"https:\/\/www.multicasa.com.br\/inicio\/wp-json\/wp\/v2\/media?parent=12023"}],"wp:term":[{"taxonomy":"product_brand","embeddable":true,"href":"https:\/\/www.multicasa.com.br\/inicio\/wp-json\/wp\/v2\/product_brand?post=12023"},{"taxonomy":"product_cat","embeddable":true,"href":"https:\/\/www.multicasa.com.br\/inicio\/wp-json\/wp\/v2\/product_cat?post=12023"},{"taxonomy":"product_tag","embeddable":true,"href":"https:\/\/www.multicasa.com.br\/inicio\/wp-json\/wp\/v2\/product_tag?post=12023"}],"curies":[{"name":"wp","href":"https:\/\/api.w.org\/{rel}","templated":true}]}}