{"id":12026,"date":"2025-06-20T18:13:13","date_gmt":"2025-06-20T22:13:13","guid":{"rendered":"https:\/\/www.multicasa.com.br\/inicio\/?post_type=product&#038;p=12026"},"modified":"2025-06-23T09:51:59","modified_gmt":"2025-06-23T13:51:59","slug":"bolsa-para-ferramentas-mtx","status":"publish","type":"product","link":"https:\/\/www.multicasa.com.br\/inicio\/produto\/bolsa-para-ferramentas-mtx\/","title":{"rendered":"Bolsa Para Ferramentas MTX"},"content":{"rendered":"<p>A bolsa para ferramentas confeccionada em lona possui 18 bolsos, proporcionando transporte e organiza\u00e7\u00e3o das ferramentas para trabalho de forma pr\u00e1tica. Conta com refor\u00e7o na parte superior e inferior e z\u00edper com refor\u00e7o extra para maior durabilidade.<\/p>\n","protected":false},"excerpt":{"rendered":"<h4 style=\"margin: 0px;padding: 0px 0px 16px;font-family: Lato, sans-serif;font-weight: bold;line-height: 3rem;color: var(--dark-grey3);font-size: 22px;font-style: normal;letter-spacing: normal;text-align: start;text-indent: 0px;text-transform: none\">Informa\u00e7\u00f5es t\u00e9cnicas<\/h4>\n<p><span style=\"margin: 0px;padding: 0px;font-weight: 450;font-size: 14px;line-height: 21px;color: var(--dark-grey2);font-family: Lato, sans-serif;font-style: normal;letter-spacing: normal;text-align: start;text-indent: 0px;text-transform: none\">:: Al\u00e7as refor\u00e7adas em nylon<br \/>\n:: Refor\u00e7o na parte superior e inferior<br \/>\n&#8211; Z\u00edper extra refor\u00e7ado<br \/>\n&#8211; Material da bolsa: lona<br \/>\n&#8211; Todas as partes da correia s\u00e3o feitas em material sint\u00e9tico dur\u00e1vel<br \/>\n&#8211; Medida da bolsa: 510 x 210 x 360mm<br \/>\n&#8211; Possui 18 bolsos<\/span><\/p>\n","protected":false},"featured_media":24695,"template":"","meta":{"_joinchat":[]},"product_brand":[],"product_cat":[137],"product_tag":[],"class_list":{"0":"post-12026","1":"product","2":"type-product","3":"status-publish","4":"has-post-thumbnail","6":"product_cat-ferramentas-manuais","8":"first","9":"outofstock","10":"shipping-taxable","11":"product-type-simple"},"_links":{"self":[{"href":"https:\/\/www.multicasa.com.br\/inicio\/wp-json\/wp\/v2\/product\/12026","targetHints":{"allow":["GET"]}}],"collection":[{"href":"https:\/\/www.multicasa.com.br\/inicio\/wp-json\/wp\/v2\/product"}],"about":[{"href":"https:\/\/www.multicasa.com.br\/inicio\/wp-json\/wp\/v2\/types\/product"}],"wp:featuredmedia":[{"embeddable":true,"href":"https:\/\/www.multicasa.com.br\/inicio\/wp-json\/wp\/v2\/media\/24695"}],"wp:attachment":[{"href":"https:\/\/www.multicasa.com.br\/inicio\/wp-json\/wp\/v2\/media?parent=12026"}],"wp:term":[{"taxonomy":"product_brand","embeddable":true,"href":"https:\/\/www.multicasa.com.br\/inicio\/wp-json\/wp\/v2\/product_brand?post=12026"},{"taxonomy":"product_cat","embeddable":true,"href":"https:\/\/www.multicasa.com.br\/inicio\/wp-json\/wp\/v2\/product_cat?post=12026"},{"taxonomy":"product_tag","embeddable":true,"href":"https:\/\/www.multicasa.com.br\/inicio\/wp-json\/wp\/v2\/product_tag?post=12026"}],"curies":[{"name":"wp","href":"https:\/\/api.w.org\/{rel}","templated":true}]}}