{"id":12032,"date":"2025-06-20T18:13:13","date_gmt":"2025-06-20T22:13:13","guid":{"rendered":"https:\/\/www.multicasa.com.br\/inicio\/?post_type=product&#038;p=12032"},"modified":"2025-08-18T01:53:52","modified_gmt":"2025-08-18T05:53:52","slug":"placa-aria-4x4-saida-fio-bc-tramontina","status":"publish","type":"product","link":"https:\/\/www.multicasa.com.br\/inicio\/produto\/placa-aria-4x4-saida-fio-bc-tramontina\/","title":{"rendered":"PLACA ARIA 4X4 SAIDA FIO BC TRAMONTINA"},"content":{"rendered":"<p>A Placa com 1 Furo 9,5 mm 4&#215;4 Tramontina Aria Branca \u00e9 a escolha certa para voc\u00ea passar cabos com qualidade, efici\u00eancia e seguran\u00e7a. Ela \u00e9 produzida totalmente em termopl\u00e1stico na cor branca e proporciona um acabamento impec\u00e1vel aos c\u00f4modos onde for inserida. Sua fixa\u00e7\u00e3o \u00e9 f\u00e1cil e pr\u00e1tica, n\u00e3o fica torta e nem aparente, deixando os ambientes muito mais agrad\u00e1veis. Ela ainda n\u00e3o ret\u00e9m poeira e pode ser instalada em paredes de madeira, sendo uma excelente op\u00e7\u00e3o para sua casa!<\/p>\n","protected":false},"excerpt":{"rendered":"<h4 style=\"margin: 0px;padding: 0px 0px 16px;font-family: Lato, sans-serif;font-weight: bold;line-height: 3rem;color: var(--dark-grey3);font-size: 22px;font-style: normal;letter-spacing: normal;text-align: start;text-indent: 0px;text-transform: none\">Informa\u00e7\u00f5es t\u00e9cnicas<\/h4>\n<p><span style=\"margin: 0px;padding: 0px;font-weight: 450;font-size: 14px;line-height: 21px;color: var(--dark-grey2);font-family: Lato, sans-serif;font-style: normal;letter-spacing: normal;text-align: start;text-indent: 0px;text-transform: none\">Altura: 1,5cm<br \/>\nAviso: Para sua seguran\u00e7a, certifique-se que a rede el\u00e9trica esteja desligada no momento da instala\u00e7\u00e3o.<br \/>\nComprimento: 12cm<br \/>\nCor: Branco<br \/>\nDica: Antes de iniciar a instala\u00e7\u00e3o, assegure-se de que a energia el\u00e9trica esteja desligada.<br \/>\nLargura: 13cm<br \/>\nMaterial: Termopl\u00e1stico<br \/>\nModelo: 57203022<br \/>\nProduto: Placa Saida de Fio<\/span><\/p>\n","protected":false},"featured_media":25727,"template":"","meta":{"_joinchat":[]},"product_brand":[],"product_cat":[144],"product_tag":[],"class_list":{"0":"post-12032","1":"product","2":"type-product","3":"status-publish","4":"has-post-thumbnail","6":"product_cat-tomadas-e-cia","8":"first","9":"instock","10":"shipping-taxable","11":"purchasable","12":"product-type-simple"},"_links":{"self":[{"href":"https:\/\/www.multicasa.com.br\/inicio\/wp-json\/wp\/v2\/product\/12032","targetHints":{"allow":["GET"]}}],"collection":[{"href":"https:\/\/www.multicasa.com.br\/inicio\/wp-json\/wp\/v2\/product"}],"about":[{"href":"https:\/\/www.multicasa.com.br\/inicio\/wp-json\/wp\/v2\/types\/product"}],"wp:featuredmedia":[{"embeddable":true,"href":"https:\/\/www.multicasa.com.br\/inicio\/wp-json\/wp\/v2\/media\/25727"}],"wp:attachment":[{"href":"https:\/\/www.multicasa.com.br\/inicio\/wp-json\/wp\/v2\/media?parent=12032"}],"wp:term":[{"taxonomy":"product_brand","embeddable":true,"href":"https:\/\/www.multicasa.com.br\/inicio\/wp-json\/wp\/v2\/product_brand?post=12032"},{"taxonomy":"product_cat","embeddable":true,"href":"https:\/\/www.multicasa.com.br\/inicio\/wp-json\/wp\/v2\/product_cat?post=12032"},{"taxonomy":"product_tag","embeddable":true,"href":"https:\/\/www.multicasa.com.br\/inicio\/wp-json\/wp\/v2\/product_tag?post=12032"}],"curies":[{"name":"wp","href":"https:\/\/api.w.org\/{rel}","templated":true}]}}