{"id":12034,"date":"2025-06-20T18:13:13","date_gmt":"2025-06-20T22:13:13","guid":{"rendered":"https:\/\/www.multicasa.com.br\/inicio\/?post_type=product&#038;p=12034"},"modified":"2025-12-13T09:04:49","modified_gmt":"2025-12-13T13:04:49","slug":"miolo-aria-1t-intermed-10a-bc-tramontina","status":"publish","type":"product","link":"https:\/\/www.multicasa.com.br\/inicio\/produto\/miolo-aria-1t-intermed-10a-bc-tramontina\/","title":{"rendered":"MIOLO ARIA 1T INTERMED.10A BC TRAMONTINA"},"content":{"rendered":"<p>A linha Aria da Tramontina traz uma grande variedade de placas, tomadas e interruptores, todos fabricados em material de alta qualidade, design moderno, sofisticado em com acabamento de primeira qualidade.<br \/>\nO Interruptor intermedi\u00e1rio \u00e9 entre dois interruptores paralelos, possibilitando mais op\u00e7\u00f5es de comando para uma carga. Fabricado em pl\u00e1stico anti-chama, o interruptor intermedi\u00e1rio \u00e9 ideal para uso residencial ou comercial. Seu acabamento em alto brilho evita a reten\u00e7\u00e3o de poeira e os bornes s\u00e3o travados por parafusos, para melhor fixa\u00e7\u00e3o dos condutores.<\/p>\n","protected":false},"excerpt":{"rendered":"<h4 style=\"margin: 0px;padding: 0px 0px 16px;font-family: Lato, sans-serif;font-weight: bold;line-height: 3rem;color: var(--dark-grey3);font-size: 22px;font-style: normal;letter-spacing: normal;text-align: start;text-indent: 0px;text-transform: none\">Informa\u00e7\u00f5es t\u00e9cnicas<\/h4>\n<p><span style=\"margin: 0px;padding: 0px;font-weight: 450;font-size: 14px;line-height: 21px;color: var(--dark-grey2);font-family: Lato, sans-serif;font-style: normal;letter-spacing: normal;text-align: start;text-indent: 0px;text-transform: none\">Material: Pl\u00e1stico anti-chama<br \/>\nAcabamento: Alto brilho<br \/>\nCor: Branco<br \/>\nAmperagem: 10<br \/>\nVolts: 250<br \/>\nGarantia: 90 dias<\/span><\/p>\n","protected":false},"featured_media":25568,"template":"","meta":{"_joinchat":[]},"product_brand":[],"product_cat":[144],"product_tag":[],"class_list":{"0":"post-12034","1":"product","2":"type-product","3":"status-publish","4":"has-post-thumbnail","6":"product_cat-tomadas-e-cia","8":"first","9":"instock","10":"shipping-taxable","11":"purchasable","12":"product-type-simple"},"_links":{"self":[{"href":"https:\/\/www.multicasa.com.br\/inicio\/wp-json\/wp\/v2\/product\/12034","targetHints":{"allow":["GET"]}}],"collection":[{"href":"https:\/\/www.multicasa.com.br\/inicio\/wp-json\/wp\/v2\/product"}],"about":[{"href":"https:\/\/www.multicasa.com.br\/inicio\/wp-json\/wp\/v2\/types\/product"}],"wp:featuredmedia":[{"embeddable":true,"href":"https:\/\/www.multicasa.com.br\/inicio\/wp-json\/wp\/v2\/media\/25568"}],"wp:attachment":[{"href":"https:\/\/www.multicasa.com.br\/inicio\/wp-json\/wp\/v2\/media?parent=12034"}],"wp:term":[{"taxonomy":"product_brand","embeddable":true,"href":"https:\/\/www.multicasa.com.br\/inicio\/wp-json\/wp\/v2\/product_brand?post=12034"},{"taxonomy":"product_cat","embeddable":true,"href":"https:\/\/www.multicasa.com.br\/inicio\/wp-json\/wp\/v2\/product_cat?post=12034"},{"taxonomy":"product_tag","embeddable":true,"href":"https:\/\/www.multicasa.com.br\/inicio\/wp-json\/wp\/v2\/product_tag?post=12034"}],"curies":[{"name":"wp","href":"https:\/\/api.w.org\/{rel}","templated":true}]}}