{"id":12036,"date":"2025-06-20T18:13:14","date_gmt":"2025-06-20T22:13:14","guid":{"rendered":"https:\/\/www.multicasa.com.br\/inicio\/?post_type=product&#038;p=12036"},"modified":"2025-08-18T01:54:03","modified_gmt":"2025-08-18T05:54:03","slug":"miolo-aria-telebrasrj11-bc-tramontina","status":"publish","type":"product","link":"https:\/\/www.multicasa.com.br\/inicio\/produto\/miolo-aria-telebrasrj11-bc-tramontina\/","title":{"rendered":"MIOLO ARIA TELEBRAS+RJ11 BC TRAMONTINA"},"content":{"rendered":"<p>O M\u00f3dulo para Tomada de Telefone RJ11 Tramontina Aria Branco \u00e9 a escolha perfeita para realizar a instala\u00e7\u00e3o de telefones fixos em sua resid\u00eancia ou ambiente comercial! Ele \u00e9 fabricado em termopl\u00e1stico antichama, vem na cor branca e conta com acabamento brilho, caracter\u00edsticas que garantem ambientes muito mais agrad\u00e1veis. A escolha ideal para completar as placas da linha Aria!<\/p>\n","protected":false},"excerpt":{"rendered":"<h4 style=\"margin: 0px;padding: 0px 0px 16px;font-family: Lato, sans-serif;font-weight: bold;line-height: 3rem;color: var(--dark-grey3);font-size: 22px;font-style: normal;letter-spacing: normal;text-align: start;text-indent: 0px;text-transform: none\">Informa\u00e7\u00f5es t\u00e9cnicas<\/h4>\n<p><span style=\"margin: 0px;padding: 0px;font-weight: 450;font-size: 14px;line-height: 21px;color: var(--dark-grey2);font-family: Lato, sans-serif;font-style: normal;letter-spacing: normal;text-align: start;text-indent: 0px;text-transform: none\">Peso\t0,01 kg<br \/>\nComprimento\t46 mm<br \/>\nLargura\t20 mm<br \/>\nAltura\t25 mm<br \/>\nGarantia\t90 dias de garantia legal<\/span><\/p>\n","protected":false},"featured_media":25574,"template":"","meta":{"_joinchat":[]},"product_brand":[],"product_cat":[144],"product_tag":[],"class_list":{"0":"post-12036","1":"product","2":"type-product","3":"status-publish","4":"has-post-thumbnail","6":"product_cat-tomadas-e-cia","8":"first","9":"instock","10":"shipping-taxable","11":"purchasable","12":"product-type-simple"},"_links":{"self":[{"href":"https:\/\/www.multicasa.com.br\/inicio\/wp-json\/wp\/v2\/product\/12036","targetHints":{"allow":["GET"]}}],"collection":[{"href":"https:\/\/www.multicasa.com.br\/inicio\/wp-json\/wp\/v2\/product"}],"about":[{"href":"https:\/\/www.multicasa.com.br\/inicio\/wp-json\/wp\/v2\/types\/product"}],"wp:featuredmedia":[{"embeddable":true,"href":"https:\/\/www.multicasa.com.br\/inicio\/wp-json\/wp\/v2\/media\/25574"}],"wp:attachment":[{"href":"https:\/\/www.multicasa.com.br\/inicio\/wp-json\/wp\/v2\/media?parent=12036"}],"wp:term":[{"taxonomy":"product_brand","embeddable":true,"href":"https:\/\/www.multicasa.com.br\/inicio\/wp-json\/wp\/v2\/product_brand?post=12036"},{"taxonomy":"product_cat","embeddable":true,"href":"https:\/\/www.multicasa.com.br\/inicio\/wp-json\/wp\/v2\/product_cat?post=12036"},{"taxonomy":"product_tag","embeddable":true,"href":"https:\/\/www.multicasa.com.br\/inicio\/wp-json\/wp\/v2\/product_tag?post=12036"}],"curies":[{"name":"wp","href":"https:\/\/api.w.org\/{rel}","templated":true}]}}