{"id":12037,"date":"2025-06-20T18:13:14","date_gmt":"2025-06-20T22:13:14","guid":{"rendered":"https:\/\/www.multicasa.com.br\/inicio\/?post_type=product&#038;p=12037"},"modified":"2025-12-03T17:05:55","modified_gmt":"2025-12-03T21:05:55","slug":"miolo-aria-saida-fio-bc-tramontina","status":"publish","type":"product","link":"https:\/\/www.multicasa.com.br\/inicio\/produto\/miolo-aria-saida-fio-bc-tramontina\/","title":{"rendered":"MIOLO ARIA SAIDA FIO BC TRAMONTINA"},"content":{"rendered":"<p>M\u00f3dulo Furo Sa\u00edda de Fio, Tramontina Aria.As placas da linha Aria s\u00e3o fabricadas em termopl\u00e1stico com acabamento brilho na cor branca, que n\u00e3o ret\u00e9m poeira, unindo qualidade e praticidade. O sistema \u00e9 modular, com o suporte incorporado na placa. A fixa\u00e7\u00e3o n\u00e3o \u00e9 aparente. Os m\u00f3dulos da linha Aria s\u00e3o produzidos de termopl\u00e1stico anti-chama, na cor branco brilho, com curvatura c\u00f4ncava na superf\u00edcie superior.<\/p>\n","protected":false},"excerpt":{"rendered":"<h4 style=\"margin: 0px;padding: 0px 0px 16px;font-family: Lato, sans-serif;font-weight: bold;line-height: 3rem;color: var(--dark-grey3);font-size: 22px;font-style: normal;letter-spacing: normal;text-align: start;text-indent: 0px;text-transform: none\">Informa\u00e7\u00f5es t\u00e9cnicas<\/h4>\n<p><span style=\"margin: 0px;padding: 0px;font-weight: 450;font-size: 14px;line-height: 21px;color: var(--dark-grey2);font-family: Lato, sans-serif;font-style: normal;letter-spacing: normal;text-align: start;text-indent: 0px;text-transform: none\">Alimenta\u00e7\u00e3o de Entrada  127V<br \/>\nDimens\u00f5es do produto (AxLxP)  2,5&#215;2,2&#215;4,5Cm<br \/>\n\u00c1reas Indicadas  Externas e Internas<br \/>\nNecessita de Instala\u00e7\u00e3o Especializada<br \/>\nPeso do Produto  5,6g<\/span><\/p>\n","protected":false},"featured_media":25573,"template":"","meta":{"_joinchat":[]},"product_brand":[],"product_cat":[144],"product_tag":[],"class_list":{"0":"post-12037","1":"product","2":"type-product","3":"status-publish","4":"has-post-thumbnail","6":"product_cat-tomadas-e-cia","8":"first","9":"instock","10":"shipping-taxable","11":"purchasable","12":"product-type-simple"},"_links":{"self":[{"href":"https:\/\/www.multicasa.com.br\/inicio\/wp-json\/wp\/v2\/product\/12037","targetHints":{"allow":["GET"]}}],"collection":[{"href":"https:\/\/www.multicasa.com.br\/inicio\/wp-json\/wp\/v2\/product"}],"about":[{"href":"https:\/\/www.multicasa.com.br\/inicio\/wp-json\/wp\/v2\/types\/product"}],"wp:featuredmedia":[{"embeddable":true,"href":"https:\/\/www.multicasa.com.br\/inicio\/wp-json\/wp\/v2\/media\/25573"}],"wp:attachment":[{"href":"https:\/\/www.multicasa.com.br\/inicio\/wp-json\/wp\/v2\/media?parent=12037"}],"wp:term":[{"taxonomy":"product_brand","embeddable":true,"href":"https:\/\/www.multicasa.com.br\/inicio\/wp-json\/wp\/v2\/product_brand?post=12037"},{"taxonomy":"product_cat","embeddable":true,"href":"https:\/\/www.multicasa.com.br\/inicio\/wp-json\/wp\/v2\/product_cat?post=12037"},{"taxonomy":"product_tag","embeddable":true,"href":"https:\/\/www.multicasa.com.br\/inicio\/wp-json\/wp\/v2\/product_tag?post=12037"}],"curies":[{"name":"wp","href":"https:\/\/api.w.org\/{rel}","templated":true}]}}