{"id":12038,"date":"2025-06-20T18:13:14","date_gmt":"2025-06-20T22:13:14","guid":{"rendered":"https:\/\/www.multicasa.com.br\/inicio\/?post_type=product&#038;p=12038"},"modified":"2026-04-19T12:50:23","modified_gmt":"2026-04-19T16:50:23","slug":"interruptor-aria-1ts2to-10a-bc-tramontina","status":"publish","type":"product","link":"https:\/\/www.multicasa.com.br\/inicio\/produto\/interruptor-aria-1ts2to-10a-bc-tramontina\/","title":{"rendered":"INTERRUPTOR ARIA 1TS+2TO 10A BC TRAMONTINA"},"content":{"rendered":"<p>Conjunto de 2 interruptores e 1 tomada fabricado em termopl\u00e1stico anti-chama com acabamento brilho na cor branca, que n\u00e3o ret\u00e9m poeira, unindo qualidade e praticidade, com curvatura c\u00f4ncava na superf\u00edcie superior. Com sistema modular, o suporte \u00e9 incorporado na placa. Possuem furo oblongo para facilitar a fixa\u00e7\u00e3o e a regulagem da placa \u00e0 parede. Al\u00e9m disso, possuem furos para a fixa\u00e7\u00e3o em parede de madeira. A fixa\u00e7\u00e3o n\u00e3o \u00e9 aparente. <\/p>\n","protected":false},"excerpt":{"rendered":"<h4 style=\"margin: 0px;padding: 0px 0px 16px;font-family: Lato, sans-serif;font-weight: bold;line-height: 3rem;color: var(--dark-grey3);font-size: 22px;font-style: normal;letter-spacing: normal;text-align: start;text-indent: 0px;text-transform: none\">Informa\u00e7\u00f5es t\u00e9cnicas<\/h4>\n<p><span style=\"margin: 0px;padding: 0px;font-weight: 450;font-size: 14px;line-height: 21px;color: var(--dark-grey2);font-family: Lato, sans-serif;font-style: normal;letter-spacing: normal;text-align: start;text-indent: 0px;text-transform: none\">&#8211; Medida: 80 x 120 mm<br \/>\n&#8211; 2 Interruptores Simples 6A 250V e 1 Tomada 2P+T 10A 250V 4X2<br \/>\nCor: Branca<br \/>\nLinha Comercial: Aria<\/span><\/p>\n","protected":false},"featured_media":25300,"template":"","meta":{"_joinchat":[]},"product_brand":[],"product_cat":[144],"product_tag":[],"class_list":{"0":"post-12038","1":"product","2":"type-product","3":"status-publish","4":"has-post-thumbnail","6":"product_cat-tomadas-e-cia","8":"first","9":"instock","10":"shipping-taxable","11":"purchasable","12":"product-type-simple"},"_links":{"self":[{"href":"https:\/\/www.multicasa.com.br\/inicio\/wp-json\/wp\/v2\/product\/12038","targetHints":{"allow":["GET"]}}],"collection":[{"href":"https:\/\/www.multicasa.com.br\/inicio\/wp-json\/wp\/v2\/product"}],"about":[{"href":"https:\/\/www.multicasa.com.br\/inicio\/wp-json\/wp\/v2\/types\/product"}],"wp:featuredmedia":[{"embeddable":true,"href":"https:\/\/www.multicasa.com.br\/inicio\/wp-json\/wp\/v2\/media\/25300"}],"wp:attachment":[{"href":"https:\/\/www.multicasa.com.br\/inicio\/wp-json\/wp\/v2\/media?parent=12038"}],"wp:term":[{"taxonomy":"product_brand","embeddable":true,"href":"https:\/\/www.multicasa.com.br\/inicio\/wp-json\/wp\/v2\/product_brand?post=12038"},{"taxonomy":"product_cat","embeddable":true,"href":"https:\/\/www.multicasa.com.br\/inicio\/wp-json\/wp\/v2\/product_cat?post=12038"},{"taxonomy":"product_tag","embeddable":true,"href":"https:\/\/www.multicasa.com.br\/inicio\/wp-json\/wp\/v2\/product_tag?post=12038"}],"curies":[{"name":"wp","href":"https:\/\/api.w.org\/{rel}","templated":true}]}}