{"id":12039,"date":"2025-06-20T18:13:14","date_gmt":"2025-06-20T22:13:14","guid":{"rendered":"https:\/\/www.multicasa.com.br\/inicio\/?post_type=product&#038;p=12039"},"modified":"2026-02-19T15:18:54","modified_gmt":"2026-02-19T19:18:54","slug":"thinner-5l-8116-natrielli","status":"publish","type":"product","link":"https:\/\/www.multicasa.com.br\/inicio\/produto\/thinner-5l-8116-natrielli\/","title":{"rendered":"Thinner 5L 8116 Natrielli"},"content":{"rendered":"<p>Thinner 8116 Natrielli \u00e9 um produto l\u00edmpido, incolor, inflam\u00e1vel e de odor caracter\u00edstico, classificado conforme a Norma NBR 11702 de 07\/10 da ABNT (Associa\u00e7\u00e3o Brasileira de Normas T\u00e9cnica) Tipo 4.7.7. Produzida sem metanol garantindo menor risco a sa\u00fade.<\/p>\n","protected":false},"excerpt":{"rendered":"<h4 style=\"margin: 0px;padding: 0px 0px 16px;font-family: Lato, sans-serif;font-weight: bold;line-height: 3rem;color: var(--dark-grey3);font-size: 22px;font-style: normal;letter-spacing: normal;text-align: start;text-indent: 0px;text-transform: none\">Informa\u00e7\u00f5es t\u00e9cnicas<\/h4>\n<p><span style=\"margin: 0px;padding: 0px;font-weight: 450;font-size: 14px;line-height: 21px;color: var(--dark-grey2);font-family: Lato, sans-serif;font-style: normal;letter-spacing: normal;text-align: start;text-indent: 0px;text-transform: none\">Produto: THINNER 5L 8116 NATRIELLI<br \/>\nMarca: Natrielli<br \/>\nMaterial: Hidrocarbonetos arom\u00e1ticos, \u00e9steres e \u00e1lcoois. Isento de benzeno e clorados.<br \/>\nCor: Amarelo\/vermelho<br \/>\nCaracter\u00edsticas<br \/>\n&#8211; Aspecto: l\u00edquido incolor;<br \/>\n&#8211; Densidade: 0,830 g\/cm\u00b3 a 0,840\/cm\u00b3;<br \/>\n&#8211; Teor da \u00e1gua: m\u00e1ximo 4,0%;<br \/>\n&#8211; Odor: caracter\u00edstico.<\/span><\/p>\n","protected":false},"featured_media":26088,"template":"","meta":{"_joinchat":[]},"product_brand":[],"product_cat":[143],"product_tag":[],"class_list":{"0":"post-12039","1":"product","2":"type-product","3":"status-publish","4":"has-post-thumbnail","6":"product_cat-tintas-e-cia","8":"first","9":"outofstock","10":"shipping-taxable","11":"product-type-simple"},"_links":{"self":[{"href":"https:\/\/www.multicasa.com.br\/inicio\/wp-json\/wp\/v2\/product\/12039","targetHints":{"allow":["GET"]}}],"collection":[{"href":"https:\/\/www.multicasa.com.br\/inicio\/wp-json\/wp\/v2\/product"}],"about":[{"href":"https:\/\/www.multicasa.com.br\/inicio\/wp-json\/wp\/v2\/types\/product"}],"wp:featuredmedia":[{"embeddable":true,"href":"https:\/\/www.multicasa.com.br\/inicio\/wp-json\/wp\/v2\/media\/26088"}],"wp:attachment":[{"href":"https:\/\/www.multicasa.com.br\/inicio\/wp-json\/wp\/v2\/media?parent=12039"}],"wp:term":[{"taxonomy":"product_brand","embeddable":true,"href":"https:\/\/www.multicasa.com.br\/inicio\/wp-json\/wp\/v2\/product_brand?post=12039"},{"taxonomy":"product_cat","embeddable":true,"href":"https:\/\/www.multicasa.com.br\/inicio\/wp-json\/wp\/v2\/product_cat?post=12039"},{"taxonomy":"product_tag","embeddable":true,"href":"https:\/\/www.multicasa.com.br\/inicio\/wp-json\/wp\/v2\/product_tag?post=12039"}],"curies":[{"name":"wp","href":"https:\/\/api.w.org\/{rel}","templated":true}]}}