{"id":12040,"date":"2025-06-20T18:13:14","date_gmt":"2025-06-20T22:13:14","guid":{"rendered":"https:\/\/www.multicasa.com.br\/inicio\/?post_type=product&#038;p=12040"},"modified":"2026-02-20T05:28:53","modified_gmt":"2026-02-20T09:28:53","slug":"hidrolavadora-k2-1600lb-127v-karche","status":"publish","type":"product","link":"https:\/\/www.multicasa.com.br\/inicio\/produto\/hidrolavadora-k2-1600lb-127v-karche\/","title":{"rendered":"Hidrolavadora K2 1600Lb 127V Karche"},"content":{"rendered":"<p>Lavadora de alta press\u00e3o K2 power, transforme seu poder de limpeza com m\u00e1xima efici\u00eancia e praticidade. Equipamento com cabe\u00e7ote de alum\u00ednio, mais resistente e com alta durabilidade, economia com Redu\u00e7\u00e3o de at\u00e9 80% no consumo de \u00e1gua, em compara\u00e7\u00e3o \u00e0 lavagem com mangueiras comuns, mangueira de suc\u00e7\u00e3o para aplica\u00e7\u00e3o do detergente e acess\u00f3rios inclusos. Jato leque regul\u00e1vel que garante a limpeza em maior \u00e1rea, agilizando a opera\u00e7\u00e3o.<\/p>\n","protected":false},"excerpt":{"rendered":"<h4 style=\"margin: 0px;padding: 0px 0px 16px;font-family: Lato, sans-serif;font-weight: bold;line-height: 3rem;color: var(--dark-grey3);font-size: 22px;font-style: normal;letter-spacing: normal;text-align: start;text-indent: 0px;text-transform: none\">Informa\u00e7\u00f5es t\u00e9cnicas<\/h4>\n<p><span style=\"margin: 0px;padding: 0px;font-weight: 450;font-size: 14px;line-height: 21px;color: var(--dark-grey2);font-family: Lato, sans-serif;font-style: normal;letter-spacing: normal;text-align: start;text-indent: 0px;text-transform: none\">Produto: HIDROLAVADORA K2 1600LB 127V KARCHE<br \/>\nMarca: Karcher<br \/>\nMaterial: Pl\u00e1stico<br \/>\nCor: Amarelo<br \/>\nCaracter\u00edsticas<br \/>\n&#8211; Economia de at\u00e9 80% no consumo de \u00e1gua;<br \/>\n&#8211; Suporte para os acess\u00f3rios;<br \/>\n&#8211; Mangueira de suc\u00e7\u00e3o para aplica\u00e7\u00e3o de detergente;<br \/>\n&#8211; Mangueira de alta press\u00e3o com 4m;<br \/>\n&#8211; Al\u00e7as alongadas;<br \/>\n&#8211; Ideal para a limpeza de ve\u00edculos, janelas, quintais, jardins e muito mais;<br \/>\n&#8211; Versatilidade na limpeza, lan\u00e7a com jato leque regul\u00e1vel e lan\u00e7a de jato turbo;<br \/>\n&#8211; Cabe\u00e7ote de alum\u00ednio;<br \/>\n&#8211; Rodas para facilitar na mobilidade.<\/p>\n<p>Dimens\u00f5es:<br \/>\nAltura:\t493 mm<br \/>\nLargura: 293 mm<br \/>\nComprimento: 258 mm<\/span><\/p>\n","protected":false},"featured_media":25295,"template":"","meta":{"_joinchat":[]},"product_brand":[],"product_cat":[75],"product_tag":[],"class_list":{"0":"post-12040","1":"product","2":"type-product","3":"status-publish","4":"has-post-thumbnail","6":"product_cat-bombas-e-cia","8":"first","9":"outofstock","10":"shipping-taxable","11":"product-type-simple"},"_links":{"self":[{"href":"https:\/\/www.multicasa.com.br\/inicio\/wp-json\/wp\/v2\/product\/12040","targetHints":{"allow":["GET"]}}],"collection":[{"href":"https:\/\/www.multicasa.com.br\/inicio\/wp-json\/wp\/v2\/product"}],"about":[{"href":"https:\/\/www.multicasa.com.br\/inicio\/wp-json\/wp\/v2\/types\/product"}],"wp:featuredmedia":[{"embeddable":true,"href":"https:\/\/www.multicasa.com.br\/inicio\/wp-json\/wp\/v2\/media\/25295"}],"wp:attachment":[{"href":"https:\/\/www.multicasa.com.br\/inicio\/wp-json\/wp\/v2\/media?parent=12040"}],"wp:term":[{"taxonomy":"product_brand","embeddable":true,"href":"https:\/\/www.multicasa.com.br\/inicio\/wp-json\/wp\/v2\/product_brand?post=12040"},{"taxonomy":"product_cat","embeddable":true,"href":"https:\/\/www.multicasa.com.br\/inicio\/wp-json\/wp\/v2\/product_cat?post=12040"},{"taxonomy":"product_tag","embeddable":true,"href":"https:\/\/www.multicasa.com.br\/inicio\/wp-json\/wp\/v2\/product_tag?post=12040"}],"curies":[{"name":"wp","href":"https:\/\/api.w.org\/{rel}","templated":true}]}}