{"id":12042,"date":"2025-06-20T18:13:14","date_gmt":"2025-06-20T22:13:14","guid":{"rendered":"https:\/\/www.multicasa.com.br\/inicio\/?post_type=product&#038;p=12042"},"modified":"2025-12-16T18:49:52","modified_gmt":"2025-12-16T22:49:52","slug":"aquecedor-maxi-ultra-lorenzetti-4600w-127v","status":"publish","type":"product","link":"https:\/\/www.multicasa.com.br\/inicio\/produto\/aquecedor-maxi-ultra-lorenzetti-4600w-127v\/","title":{"rendered":"Aquecedor Maxi Ultra Lorenzetti 4600W 127V"},"content":{"rendered":"<p>Compacto e vers\u00e1til, o Maxi Aquecedor oferece aquecimento instant\u00e2neo, sem desperd\u00edcio de \u00e1gua e energia. A instala\u00e7\u00e3o do Maxi Aquecedor \u00e9 pr\u00e1tica e dispensa reformas na cozinha, como a troca de lavat\u00f3rio, da torneira ou do misturador, pois \u00e9 facilmente adapt\u00e1vel. O produto ainda conta com a exclusiva Resist\u00eancia Loren Ultra, que garante alta performance e longa dura\u00e7\u00e3o.<\/p>\n","protected":false},"excerpt":{"rendered":"<h4 style=\"margin: 0px;padding: 0px 0px 16px;font-family: Lato, sans-serif;font-weight: bold;line-height: 3rem;color: var(--dark-grey3);font-size: 22px;font-style: normal;letter-spacing: normal;text-align: start;text-indent: 0px;text-transform: none\">Informa\u00e7\u00f5es t\u00e9cnicas<\/h4>\n<p><span style=\"margin: 0px;padding: 0px;font-weight: 450;font-size: 14px;line-height: 21px;color: var(--dark-grey2);font-family: Lato, sans-serif;font-style: normal;letter-spacing: normal;text-align: start;text-indent: 0px;text-transform: none\">Produto: Aquecedor Maxi Ultra<br \/>\nMarca: Lorenzetti<br \/>\nCaracter\u00edsticas:<br \/>\n&#8211; 2 Temperaturas: permite o aquecimento na medida certa.<br \/>\n&#8211; Resist\u00eancia Loren Ultra: alta performance e longa dura\u00e7\u00e3o em compara\u00e7\u00e3o as resist\u00eancias comuns.<br \/>\n&#8211; \u00c1gua quente instantaneamente: sem desperd\u00edcio de \u00e1gua ou energia.<br \/>\n&#8211; F\u00e1cil instala\u00e7\u00e3o: n\u00e3o exige a realiza\u00e7\u00e3o de reformas na cozinha ou lavat\u00f3rio e a troca da torneira ou misturador.<br \/>\n&#8211; Indicado para utiliza\u00e7\u00e3o em resid\u00eancias com baixa press\u00e3o ( at\u00e9 20 metros coluna de \u00e1gua)<br \/>\n&#8211; Compat\u00edvel com dispositivo de prote\u00e7\u00e3o DR*  (*Dispositivo Diferencial Residual)<\/span><\/p>\n","protected":false},"featured_media":24608,"template":"","meta":{"_joinchat":[]},"product_brand":[],"product_cat":[71],"product_tag":[],"class_list":{"0":"post-12042","1":"product","2":"type-product","3":"status-publish","4":"has-post-thumbnail","6":"product_cat-chuveiros","8":"first","9":"outofstock","10":"shipping-taxable","11":"purchasable","12":"product-type-simple"},"_links":{"self":[{"href":"https:\/\/www.multicasa.com.br\/inicio\/wp-json\/wp\/v2\/product\/12042","targetHints":{"allow":["GET"]}}],"collection":[{"href":"https:\/\/www.multicasa.com.br\/inicio\/wp-json\/wp\/v2\/product"}],"about":[{"href":"https:\/\/www.multicasa.com.br\/inicio\/wp-json\/wp\/v2\/types\/product"}],"wp:featuredmedia":[{"embeddable":true,"href":"https:\/\/www.multicasa.com.br\/inicio\/wp-json\/wp\/v2\/media\/24608"}],"wp:attachment":[{"href":"https:\/\/www.multicasa.com.br\/inicio\/wp-json\/wp\/v2\/media?parent=12042"}],"wp:term":[{"taxonomy":"product_brand","embeddable":true,"href":"https:\/\/www.multicasa.com.br\/inicio\/wp-json\/wp\/v2\/product_brand?post=12042"},{"taxonomy":"product_cat","embeddable":true,"href":"https:\/\/www.multicasa.com.br\/inicio\/wp-json\/wp\/v2\/product_cat?post=12042"},{"taxonomy":"product_tag","embeddable":true,"href":"https:\/\/www.multicasa.com.br\/inicio\/wp-json\/wp\/v2\/product_tag?post=12042"}],"curies":[{"name":"wp","href":"https:\/\/api.w.org\/{rel}","templated":true}]}}