{"id":12065,"date":"2025-06-20T18:13:35","date_gmt":"2025-06-20T22:13:35","guid":{"rendered":"https:\/\/www.multicasa.com.br\/inicio\/?post_type=product&#038;p=12065"},"modified":"2026-04-29T13:20:12","modified_gmt":"2026-04-29T17:20:12","slug":"tomada-orion-4x2-1tomada-20a-branca-schneider","status":"publish","type":"product","link":"https:\/\/www.multicasa.com.br\/inicio\/produto\/tomada-orion-4x2-1tomada-20a-branca-schneider\/","title":{"rendered":"Tomada Orion 4X2 1Tomada 20A Branca Schneider"},"content":{"rendered":"<p>A linha de interruptores e tomadas Orion se adapta a qualquer estilo, material, cor ou fun\u00e7\u00e3o. Sua modularidade permite trocar suas partes e placas de forma independente e todos os componentes s\u00e3o de f\u00e1cil instala\u00e7\u00e3o. S\u00e3o mais de 340 itens, desde placas cl\u00e1ssicas, interruptores, tomadas, dimmers para l\u00e2mpadas LED, m\u00f3dulos eletr\u00f4nicos com fun\u00e7\u00f5es multim\u00eddia e placas com acabamento diferenciado.<\/p>\n","protected":false},"excerpt":{"rendered":"<h4 style=\"margin: 0px;padding: 0px 0px 16px;font-family: Lato, sans-serif;font-weight: bold;line-height: 3rem;color: var(--dark-grey3);font-size: 22px;font-style: normal;letter-spacing: normal;text-align: start;text-indent: 0px;text-transform: none\">Informa\u00e7\u00f5es t\u00e9cnicas<\/h4>\n<p><span style=\"margin: 0px;padding: 0px;font-weight: 450;font-size: 14px;line-height: 21px;color: var(--dark-grey2);font-family: Lato, sans-serif;font-style: normal;letter-spacing: normal;text-align: start;text-indent: 0px;text-transform: none\">Produto: TOMADA ORION 4X2 1TOM 20A BC SCHNEID<br \/>\nMarca: Schneider<br \/>\nMaterial: PS\/PA<br \/>\nCor: Branco<br \/>\nDimens\u00f5es:<br \/>\nAltura: 2,2 mm<br \/>\nLargura: 10,5 mm<\/span><\/p>\n","protected":false},"featured_media":26106,"template":"","meta":{"_joinchat":[]},"product_brand":[],"product_cat":[144],"product_tag":[],"class_list":{"0":"post-12065","1":"product","2":"type-product","3":"status-publish","4":"has-post-thumbnail","6":"product_cat-tomadas-e-cia","8":"first","9":"instock","10":"shipping-taxable","11":"purchasable","12":"product-type-simple"},"_links":{"self":[{"href":"https:\/\/www.multicasa.com.br\/inicio\/wp-json\/wp\/v2\/product\/12065","targetHints":{"allow":["GET"]}}],"collection":[{"href":"https:\/\/www.multicasa.com.br\/inicio\/wp-json\/wp\/v2\/product"}],"about":[{"href":"https:\/\/www.multicasa.com.br\/inicio\/wp-json\/wp\/v2\/types\/product"}],"wp:featuredmedia":[{"embeddable":true,"href":"https:\/\/www.multicasa.com.br\/inicio\/wp-json\/wp\/v2\/media\/26106"}],"wp:attachment":[{"href":"https:\/\/www.multicasa.com.br\/inicio\/wp-json\/wp\/v2\/media?parent=12065"}],"wp:term":[{"taxonomy":"product_brand","embeddable":true,"href":"https:\/\/www.multicasa.com.br\/inicio\/wp-json\/wp\/v2\/product_brand?post=12065"},{"taxonomy":"product_cat","embeddable":true,"href":"https:\/\/www.multicasa.com.br\/inicio\/wp-json\/wp\/v2\/product_cat?post=12065"},{"taxonomy":"product_tag","embeddable":true,"href":"https:\/\/www.multicasa.com.br\/inicio\/wp-json\/wp\/v2\/product_tag?post=12065"}],"curies":[{"name":"wp","href":"https:\/\/api.w.org\/{rel}","templated":true}]}}