{"id":12073,"date":"2025-06-20T18:13:42","date_gmt":"2025-06-20T22:13:42","guid":{"rendered":"https:\/\/www.multicasa.com.br\/inicio\/?post_type=product&#038;p=12073"},"modified":"2025-08-17T19:05:22","modified_gmt":"2025-08-17T23:05:22","slug":"cabo-pp-1kv-3x40mm-1m-pt-lamesa","status":"publish","type":"product","link":"https:\/\/www.multicasa.com.br\/inicio\/produto\/cabo-pp-1kv-3x40mm-1m-pt-lamesa\/","title":{"rendered":"Cabo Pp 1Kv 3X4,0Mm 1M Pt Lamesa"},"content":{"rendered":"<p>S\u00e3o utilizados na ind\u00fastria na instala\u00e7\u00e3o de m\u00e1quinas grandes, que precisam de v\u00e1rios cabos como motores, fresas e tornos. Tamb\u00e9m s\u00e3o muito usados em circuitos de comandos el\u00e9tricos. \u00c9 composto por termopl\u00e1stico \u00e0 base de PVC permitindo uma temperatura m\u00e1xima de opera\u00e7\u00e3o no condutor de 70\u00baC em servi\u00e7o cont\u00ednuo, 100\u00baC em sobrecarga e 160\u00baC em curto-circuito. Possui especiais caracter\u00edsticas quanto \u00e0 n\u00e3o propaga\u00e7\u00e3o e auto extin\u00e7\u00e3o de fogo.<\/p>\n","protected":false},"excerpt":{"rendered":"<h4 style=\"margin: 0px;padding: 0px 0px 16px;font-family: Lato, sans-serif;font-weight: bold;line-height: 3rem;color: var(--dark-grey3);font-size: 22px;font-style: normal;letter-spacing: normal;text-align: start;text-indent: 0px;text-transform: none\">Informa\u00e7\u00f5es t\u00e9cnicas<\/h4>\n<p><span style=\"margin: 0px;padding: 0px;font-weight: 450;font-size: 14px;line-height: 21px;color: var(--dark-grey2);font-family: Lato, sans-serif;font-style: normal;letter-spacing: normal;text-align: start;text-indent: 0px;text-transform: none\">Produto: CABO PP 1KV 3X4,0MM 1M PT LAMESA<br \/>\nMarca: Lamesa<br \/>\nMaterial: Termopl\u00e1stico \u00e1 base de PVC<br \/>\nCor: Preto<br \/>\nCaracter\u00edsticas<br \/>\n&#8211; N\u00e3o propaga\u00e7\u00e3o e auto extins\u00e3o de fogo;<br \/>\n&#8211; Composto em termopl\u00e1stico a base de PVC permitindo uma temperatura m\u00e1xima de opera\u00e7\u00e3o no condutor de 70\u00b0C em servi\u00e7o cont\u00ednuo, 100\u00b0C em sobrecarga e 160\u00b0C em curto-circuito;<br \/>\n&#8211; Fio de cobre nu, t\u00eampera mole.<\/p>\n<p>Dimens\u00e3o<br \/>\n3 x 4,00 mm<\/span><\/p>\n","protected":false},"featured_media":27256,"template":"","meta":{"_joinchat":[]},"product_brand":[],"product_cat":[121],"product_tag":[],"class_list":{"0":"post-12073","1":"product","2":"type-product","3":"status-publish","4":"has-post-thumbnail","6":"product_cat-fios-e-cabo","8":"first","9":"outofstock","10":"shipping-taxable","11":"purchasable","12":"product-type-simple"},"_links":{"self":[{"href":"https:\/\/www.multicasa.com.br\/inicio\/wp-json\/wp\/v2\/product\/12073","targetHints":{"allow":["GET"]}}],"collection":[{"href":"https:\/\/www.multicasa.com.br\/inicio\/wp-json\/wp\/v2\/product"}],"about":[{"href":"https:\/\/www.multicasa.com.br\/inicio\/wp-json\/wp\/v2\/types\/product"}],"wp:featuredmedia":[{"embeddable":true,"href":"https:\/\/www.multicasa.com.br\/inicio\/wp-json\/wp\/v2\/media\/27256"}],"wp:attachment":[{"href":"https:\/\/www.multicasa.com.br\/inicio\/wp-json\/wp\/v2\/media?parent=12073"}],"wp:term":[{"taxonomy":"product_brand","embeddable":true,"href":"https:\/\/www.multicasa.com.br\/inicio\/wp-json\/wp\/v2\/product_brand?post=12073"},{"taxonomy":"product_cat","embeddable":true,"href":"https:\/\/www.multicasa.com.br\/inicio\/wp-json\/wp\/v2\/product_cat?post=12073"},{"taxonomy":"product_tag","embeddable":true,"href":"https:\/\/www.multicasa.com.br\/inicio\/wp-json\/wp\/v2\/product_tag?post=12073"}],"curies":[{"name":"wp","href":"https:\/\/api.w.org\/{rel}","templated":true}]}}