{"id":12074,"date":"2025-06-20T18:13:42","date_gmt":"2025-06-20T22:13:42","guid":{"rendered":"https:\/\/www.multicasa.com.br\/inicio\/?post_type=product&#038;p=12074"},"modified":"2025-06-23T10:08:30","modified_gmt":"2025-06-23T14:08:30","slug":"fita-led-127v-144w-ip65-1m-rgb-gay","status":"publish","type":"product","link":"https:\/\/www.multicasa.com.br\/inicio\/produto\/fita-led-127v-144w-ip65-1m-rgb-gay\/","title":{"rendered":"Fita Led 127V 14,4W Ip65 1M Rgb Gay"},"content":{"rendered":"<p>O principal objetivo do uso da fita de LED \u00e9 real\u00e7ar elementos da arquitetura e da decora\u00e7\u00e3o com uma luz suave, discreta e indireta. Sendo assim, os locais preferidos para a coloca\u00e7\u00e3o do material s\u00e3o as sancas de gesso, corredores, escadas, m\u00f3veis, espelhos e nichos.<\/p>\n","protected":false},"excerpt":{"rendered":"<h4 style=\"margin: 0px;padding: 0px 0px 16px;font-family: Lato, sans-serif;font-weight: bold;line-height: 3rem;color: var(--dark-grey3);font-size: 22px;font-style: normal;letter-spacing: normal;text-align: start;text-indent: 0px;text-transform: none\">Informa\u00e7\u00f5es t\u00e9cnicas<\/h4>\n<p><span style=\"margin: 0px;padding: 0px;font-weight: 450;font-size: 14px;line-height: 21px;color: var(--dark-grey2);font-family: Lato, sans-serif;font-style: normal;letter-spacing: normal;text-align: start;text-indent: 0px;text-transform: none\">Produto: FITA LED 127V 14,4W IP65 1M RGB GAY<br \/>\nMarca: Gaya<br \/>\nMaterial: Policarbonato<br \/>\nCor: RGB<br \/>\nCaracter\u00edsticas<br \/>\n&#8211; Pot\u00eancia: 14,4W<br \/>\n&#8211; Temperatura de cor: RGB<br \/>\n&#8211; Fluxo Luminoso do LED: 800 L\u00famens por metro<br \/>\n&#8211; Tens\u00e3o de Alimenta\u00e7\u00e3o: 110V \/ 220V<br \/>\n&#8211; Garantia: 1 Ano (contra defeito de fabrica\u00e7\u00e3o)<br \/>\n&#8211; Efic\u00e1cia luminosa: 66,66lm\/W<br \/>\n&#8211; \u00c2ngulo de abertura: 120\u00b0<br \/>\n&#8211; IRC: 70<br \/>\n&#8211; Fonte de luz: SMD 5050<br \/>\n&#8211; Grau de prote\u00e7\u00e3o: IP65<br \/>\n&#8211; Frequ\u00eancia: 50Hz\/60Hz<br \/>\n&#8211; Temperatura operacional: 45\u00b0C<br \/>\n&#8211; Temperatura ambiente: -20 + 50\u00b0C<br \/>\n&#8211; Evitar uso em temperaturas: &gt;55\u00b0C<br \/>\n&#8211; Prote\u00e7\u00e3o do LED: Policarbonato<br \/>\n&#8211; Sistema de fixa\u00e7\u00e3o: Abra\u00e7adeira para fitas RGB<br \/>\n&#8211; Fator Pot\u00eancia (FP): &gt; 0,90<br \/>\n&#8211; Vida \u00fatil do LED: at\u00e9 25.000 Horas<\/p>\n<p>Dimens\u00e3o<br \/>\n0,5 X 1 cm<\/span><\/p>\n","protected":false},"featured_media":25211,"template":"","meta":{"_joinchat":[]},"product_brand":[],"product_cat":[157],"product_tag":[],"class_list":{"0":"post-12074","1":"product","2":"type-product","3":"status-publish","4":"has-post-thumbnail","6":"product_cat-leds-decorativos","8":"first","9":"outofstock","10":"shipping-taxable","11":"product-type-simple"},"_links":{"self":[{"href":"https:\/\/www.multicasa.com.br\/inicio\/wp-json\/wp\/v2\/product\/12074","targetHints":{"allow":["GET"]}}],"collection":[{"href":"https:\/\/www.multicasa.com.br\/inicio\/wp-json\/wp\/v2\/product"}],"about":[{"href":"https:\/\/www.multicasa.com.br\/inicio\/wp-json\/wp\/v2\/types\/product"}],"wp:featuredmedia":[{"embeddable":true,"href":"https:\/\/www.multicasa.com.br\/inicio\/wp-json\/wp\/v2\/media\/25211"}],"wp:attachment":[{"href":"https:\/\/www.multicasa.com.br\/inicio\/wp-json\/wp\/v2\/media?parent=12074"}],"wp:term":[{"taxonomy":"product_brand","embeddable":true,"href":"https:\/\/www.multicasa.com.br\/inicio\/wp-json\/wp\/v2\/product_brand?post=12074"},{"taxonomy":"product_cat","embeddable":true,"href":"https:\/\/www.multicasa.com.br\/inicio\/wp-json\/wp\/v2\/product_cat?post=12074"},{"taxonomy":"product_tag","embeddable":true,"href":"https:\/\/www.multicasa.com.br\/inicio\/wp-json\/wp\/v2\/product_tag?post=12074"}],"curies":[{"name":"wp","href":"https:\/\/api.w.org\/{rel}","templated":true}]}}