{"id":12075,"date":"2025-06-20T18:13:42","date_gmt":"2025-06-20T22:13:42","guid":{"rendered":"https:\/\/www.multicasa.com.br\/inicio\/?post_type=product&#038;p=12075"},"modified":"2025-08-17T19:05:28","modified_gmt":"2025-08-17T23:05:28","slug":"lampada-led-par20-7w-bivolt-3-0k-opus","status":"publish","type":"product","link":"https:\/\/www.multicasa.com.br\/inicio\/produto\/lampada-led-par20-7w-bivolt-3-0k-opus\/","title":{"rendered":"L\u00e2mpada Led Par20 7W Bivolt 3.0K Opus"},"content":{"rendered":"<p>A l\u00e2mpada PAR possui um refletor parab\u00f3lico de alum\u00ednio (PAR) Parabolic Aluminized Reflector &#8211; Refletor Parab\u00f3lico de Alum\u00ednio, um tipo de l\u00e2mpada amplamente utilizada em ilumina\u00e7\u00e3o localizada comercial, residencial e em transportes.<\/p>\n","protected":false},"excerpt":{"rendered":"<h4 style=\"margin: 0px;padding: 0px 0px 16px;font-family: Lato, sans-serif;font-weight: bold;line-height: 3rem;color: var(--dark-grey3);font-size: 22px;font-style: normal;letter-spacing: normal;text-align: start;text-indent: 0px;text-transform: none\">Informa\u00e7\u00f5es t\u00e9cnicas<\/h4>\n<p><span style=\"margin: 0px;padding: 0px;font-weight: 450;font-size: 14px;line-height: 21px;color: var(--dark-grey2);font-family: Lato, sans-serif;font-style: normal;letter-spacing: normal;text-align: start;text-indent: 0px;text-transform: none\">Produto: L\u00c2MPADA LED PAR20 7W BIVOLT 3.0K<br \/>\nMarca: Opus<br \/>\nMaterial: Pl\u00e1stico<br \/>\nCor: Branca<br \/>\nCaracter\u00edsticas<br \/>\n&#8211; Fluxo luminoso: 525lm<br \/>\n&#8211; \u00c2ngulo: 24\u00b0<br \/>\n&#8211; IRC: &gt;80<br \/>\n&#8211; Pot\u00eancia: 7W<br \/>\n&#8211; Tens\u00e3o: 100 &#8211; 240V<br \/>\n&#8211; Frequ\u00eancia: 60Hz<br \/>\n&#8211; Fator de pot\u00eancia: &gt;0.7<br \/>\n&#8211; Corrente 127V: 0.028A<br \/>\n&#8211; Corrente 220V: 0.014A<br \/>\n&#8211; Temp. de opera\u00e7\u00e3o: -10\u00b0C a 40\u00b0C<br \/>\n&#8211; Grau de prote\u00e7\u00e3o: IP65<br \/>\n&#8211; Peso: 50g<br \/>\n&#8211; Dimens\u00f5es: \u00d863 x 92mm<br \/>\n&#8211; Vida \u00fatil (L70): 25.000h<br \/>\n&#8211; Garantia: 2 Anos<\/p>\n<p>Dimens\u00e3o<br \/>\n\u00d863 x 92mm<\/span><\/p>\n","protected":false},"featured_media":25430,"template":"","meta":{"_joinchat":[]},"product_brand":[],"product_cat":[80],"product_tag":[],"class_list":{"0":"post-12075","1":"product","2":"type-product","3":"status-publish","4":"has-post-thumbnail","6":"product_cat-lampadas","8":"first","9":"outofstock","10":"shipping-taxable","11":"purchasable","12":"product-type-simple"},"_links":{"self":[{"href":"https:\/\/www.multicasa.com.br\/inicio\/wp-json\/wp\/v2\/product\/12075","targetHints":{"allow":["GET"]}}],"collection":[{"href":"https:\/\/www.multicasa.com.br\/inicio\/wp-json\/wp\/v2\/product"}],"about":[{"href":"https:\/\/www.multicasa.com.br\/inicio\/wp-json\/wp\/v2\/types\/product"}],"wp:featuredmedia":[{"embeddable":true,"href":"https:\/\/www.multicasa.com.br\/inicio\/wp-json\/wp\/v2\/media\/25430"}],"wp:attachment":[{"href":"https:\/\/www.multicasa.com.br\/inicio\/wp-json\/wp\/v2\/media?parent=12075"}],"wp:term":[{"taxonomy":"product_brand","embeddable":true,"href":"https:\/\/www.multicasa.com.br\/inicio\/wp-json\/wp\/v2\/product_brand?post=12075"},{"taxonomy":"product_cat","embeddable":true,"href":"https:\/\/www.multicasa.com.br\/inicio\/wp-json\/wp\/v2\/product_cat?post=12075"},{"taxonomy":"product_tag","embeddable":true,"href":"https:\/\/www.multicasa.com.br\/inicio\/wp-json\/wp\/v2\/product_tag?post=12075"}],"curies":[{"name":"wp","href":"https:\/\/api.w.org\/{rel}","templated":true}]}}