{"id":12076,"date":"2025-06-20T18:13:42","date_gmt":"2025-06-20T22:13:42","guid":{"rendered":"https:\/\/www.multicasa.com.br\/inicio\/?post_type=product&#038;p=12076"},"modified":"2025-06-23T10:44:44","modified_gmt":"2025-06-23T14:44:44","slug":"varal-chao-aco-123-x-88-x-56cm-preto-secalux","status":"publish","type":"product","link":"https:\/\/www.multicasa.com.br\/inicio\/produto\/varal-chao-aco-123-x-88-x-56cm-preto-secalux\/","title":{"rendered":"Varal Ch\u00e3o A\u00e7o 123 X 88 X 56Cm Preto Secalux"},"content":{"rendered":"<p>Varal com acabamento pl\u00e1stico contra arranh\u00f5es e ferrugem.<br \/>\nFechado ocupa pouco espa\u00e7o. Ideal para viagens, apartamentos e pequenas lavanderias. Varal pintado com tinta h\u00edbrida, ep\u00f3xi com poli\u00e9ster.<\/p>\n","protected":false},"excerpt":{"rendered":"<h4 style=\"margin: 0px;padding: 0px 0px 16px;font-family: Lato, sans-serif;font-weight: bold;line-height: 3rem;color: var(--dark-grey3);font-size: 22px;font-style: normal;letter-spacing: normal;text-align: start;text-indent: 0px;text-transform: none\">Informa\u00e7\u00f5es t\u00e9cnicas<\/h4>\n<p><span style=\"margin: 0px;padding: 0px;font-weight: 450;font-size: 14px;line-height: 21px;color: var(--dark-grey2);font-family: Lato, sans-serif;font-style: normal;letter-spacing: normal;text-align: start;text-indent: 0px;text-transform: none\">Produto: VARAL CH\u00c3O A\u00c7O 123X88X56CM PRETA SECA<br \/>\nMarca: Secalux<br \/>\nMaterial: A\u00e7o carbono<br \/>\nCor: Prata<br \/>\nCaracter\u00edsticas<br \/>\n&#8211; Capacidade de roupas \u00famidas: 16,5 kg<br \/>\n&#8211; Equivale: 8,48m<br \/>\n&#8211; Cor da estrutura: Prata<br \/>\n&#8211; Cor do acabamento: Preto<\/p>\n<p>Dimens\u00f5es do Produto (valores aproximados)<br \/>\nMedidas do produto aberto at\u00e9 a aba: 0,88 x 1,23 x 0,56<br \/>\nAltura do produto aberto at\u00e9 o quadro: 0,80<br \/>\nMedidas do produto fechado: 1,10 x 0,56 x 0,0<\/span><\/p>\n","protected":false},"featured_media":26220,"template":"","meta":{"_joinchat":[]},"product_brand":[],"product_cat":[95],"product_tag":[],"class_list":{"0":"post-12076","1":"product","2":"type-product","3":"status-publish","4":"has-post-thumbnail","6":"product_cat-lavanderia","8":"first","9":"outofstock","10":"shipping-taxable","11":"product-type-simple"},"_links":{"self":[{"href":"https:\/\/www.multicasa.com.br\/inicio\/wp-json\/wp\/v2\/product\/12076","targetHints":{"allow":["GET"]}}],"collection":[{"href":"https:\/\/www.multicasa.com.br\/inicio\/wp-json\/wp\/v2\/product"}],"about":[{"href":"https:\/\/www.multicasa.com.br\/inicio\/wp-json\/wp\/v2\/types\/product"}],"wp:featuredmedia":[{"embeddable":true,"href":"https:\/\/www.multicasa.com.br\/inicio\/wp-json\/wp\/v2\/media\/26220"}],"wp:attachment":[{"href":"https:\/\/www.multicasa.com.br\/inicio\/wp-json\/wp\/v2\/media?parent=12076"}],"wp:term":[{"taxonomy":"product_brand","embeddable":true,"href":"https:\/\/www.multicasa.com.br\/inicio\/wp-json\/wp\/v2\/product_brand?post=12076"},{"taxonomy":"product_cat","embeddable":true,"href":"https:\/\/www.multicasa.com.br\/inicio\/wp-json\/wp\/v2\/product_cat?post=12076"},{"taxonomy":"product_tag","embeddable":true,"href":"https:\/\/www.multicasa.com.br\/inicio\/wp-json\/wp\/v2\/product_tag?post=12076"}],"curies":[{"name":"wp","href":"https:\/\/api.w.org\/{rel}","templated":true}]}}