{"id":12078,"date":"2025-06-20T18:13:42","date_gmt":"2025-06-20T22:13:42","guid":{"rendered":"https:\/\/www.multicasa.com.br\/inicio\/?post_type=product&#038;p=12078"},"modified":"2026-04-15T17:30:14","modified_gmt":"2026-04-15T21:30:14","slug":"chave-boia-plastica-25a-220v-amarelo-margirius","status":"publish","type":"product","link":"https:\/\/www.multicasa.com.br\/inicio\/produto\/chave-boia-plastica-25a-220v-amarelo-margirius\/","title":{"rendered":"Chave B\u00f3ia Pl\u00e1stica 25A 220V Amarelo Margirius"},"content":{"rendered":"<p>As Chaves tipo b\u00f3ia MARGIRUIS da s\u00e9rie CB-3000 s\u00e3o dispositivos autom\u00e1ticos que permitem controlar o n\u00edvel de \u00e1gua em reservat\u00f3rios, po\u00e7os, tanques, caixas e similares. Para o comando de contatores, bombas e eletrov\u00e1lvulas.<\/p>\n","protected":false},"excerpt":{"rendered":"<h4 style=\"margin: 0px;padding: 0px 0px 16px;font-family: Lato, sans-serif;font-weight: bold;line-height: 3rem;color: var(--dark-grey3);font-size: 22px;font-style: normal;letter-spacing: normal;text-align: start;text-indent: 0px;text-transform: none\">Informa\u00e7\u00f5es t\u00e9cnicas<\/h4>\n<p><span style=\"margin: 0px;padding: 0px;font-weight: 450;font-size: 14px;line-height: 21px;color: var(--dark-grey2);font-family: Lato, sans-serif;font-style: normal;letter-spacing: normal;text-align: start;text-indent: 0px;text-transform: none\">Produto: CHAVE BOIA PLAST.25A 220V<br \/>\nMarca: Margirius<br \/>\nMaterial: Polipropileno<br \/>\nCor: Amarelo<br \/>\nCaracter\u00edsticas:<br \/>\n&#8211; TEMPERATURA DE OPERA\u00c7\u00c3O: 0\u00ba A 60\u00baC<br \/>\n&#8211; GRAU DE PROTE\u00c7\u00c3O: IP X8<br \/>\n&#8211; PROTE\u00c7\u00c3O CONTRA CHOQUES EL\u00c9TRICOS: classe II<br \/>\n&#8211; TIPO DE INTERRUP\u00c7\u00c3O: micro-desconex\u00e3o<br \/>\n&#8211; ISENTA DE MERC\u00daRIO: controle por princ\u00edpio eletromec\u00e2nico<br \/>\n&#8211; CONTATO REVERS\u00cdVEL: permite o controle de n\u00edvel inferior ou superior<br \/>\n&#8211; MATERIAL DA BOIA: polipropileno<br \/>\nDimens\u00f5es do Produto: 150 x 102,5 x 38,5 x 80 mm<\/span><\/p>\n","protected":false},"featured_media":24926,"template":"","meta":{"_joinchat":[]},"product_brand":[],"product_cat":[75],"product_tag":[],"class_list":{"0":"post-12078","1":"product","2":"type-product","3":"status-publish","4":"has-post-thumbnail","6":"product_cat-bombas-e-cia","8":"first","9":"instock","10":"shipping-taxable","11":"purchasable","12":"product-type-simple"},"_links":{"self":[{"href":"https:\/\/www.multicasa.com.br\/inicio\/wp-json\/wp\/v2\/product\/12078","targetHints":{"allow":["GET"]}}],"collection":[{"href":"https:\/\/www.multicasa.com.br\/inicio\/wp-json\/wp\/v2\/product"}],"about":[{"href":"https:\/\/www.multicasa.com.br\/inicio\/wp-json\/wp\/v2\/types\/product"}],"wp:featuredmedia":[{"embeddable":true,"href":"https:\/\/www.multicasa.com.br\/inicio\/wp-json\/wp\/v2\/media\/24926"}],"wp:attachment":[{"href":"https:\/\/www.multicasa.com.br\/inicio\/wp-json\/wp\/v2\/media?parent=12078"}],"wp:term":[{"taxonomy":"product_brand","embeddable":true,"href":"https:\/\/www.multicasa.com.br\/inicio\/wp-json\/wp\/v2\/product_brand?post=12078"},{"taxonomy":"product_cat","embeddable":true,"href":"https:\/\/www.multicasa.com.br\/inicio\/wp-json\/wp\/v2\/product_cat?post=12078"},{"taxonomy":"product_tag","embeddable":true,"href":"https:\/\/www.multicasa.com.br\/inicio\/wp-json\/wp\/v2\/product_tag?post=12078"}],"curies":[{"name":"wp","href":"https:\/\/api.w.org\/{rel}","templated":true}]}}