{"id":12079,"date":"2025-06-20T18:13:42","date_gmt":"2025-06-20T22:13:42","guid":{"rendered":"https:\/\/www.multicasa.com.br\/inicio\/?post_type=product&#038;p=12079"},"modified":"2026-03-20T15:30:36","modified_gmt":"2026-03-20T19:30:36","slug":"piscina-pvc-1000l-belfix","status":"publish","type":"product","link":"https:\/\/www.multicasa.com.br\/inicio\/produto\/piscina-pvc-1000l-belfix\/","title":{"rendered":"Piscina PVC 1000L Belfix"},"content":{"rendered":"<p>A Piscina Infl\u00e1vel \u00e9 garantia de muita divers\u00e3o para sua fam\u00edlia. Com capacidade para at\u00e9 1000 litros de \u00e1gua, ela vai refrescar a garotada no ver\u00e3o e garantir muitas risadas! \u00c9 excelente para uso em casa ou at\u00e9 em praias, o que evita maiores preocupa\u00e7\u00f5es com o mar ou piscinas. Produzida em vinil resistente, \u00e9 simples e r\u00e1pida para encher ou esvaziar. Port\u00e1til e super pr\u00e1tica para transportar e guardar!<\/p>\n","protected":false},"excerpt":{"rendered":"<h4 style=\"margin: 0px;padding: 0px 0px 16px;font-family: Lato, sans-serif;font-weight: bold;line-height: 3rem;color: var(--dark-grey3);font-size: 22px;font-style: normal;letter-spacing: normal;text-align: start;text-indent: 0px;text-transform: none\">Informa\u00e7\u00f5es t\u00e9cnicas<\/h4>\n<p><span style=\"margin: 0px;padding: 0px;font-weight: 450;font-size: 14px;line-height: 21px;color: var(--dark-grey2);font-family: Lato, sans-serif;font-style: normal;letter-spacing: normal;text-align: start;text-indent: 0px;text-transform: none\">&#8211; Capacidade: 1000 Litros;<br \/>\n&#8211; Di\u00e2metro: 1,68 metros;<br \/>\n&#8211; Altura: 51 cm;<br \/>\n&#8211; Kit reparo resistente incluso;<br \/>\n&#8211; F\u00e1cil montagem;<br \/>\n&#8211; Peso: 3 KG;<br \/>\n&#8211; Marca: Belfix;<br \/>\n&#8211; Paredes laterais com espessura tripla de PVC e poli\u00e9ster resistente<br \/>\n-Material\/Composi\u00e7\u00e3o: PVC e Poli\u00e9ster.<br \/>\n&#8211; Revestimento \u00e9 suportado por um anel infl\u00e1vel<\/span><\/p>\n","protected":false},"featured_media":25717,"template":"","meta":{"_joinchat":[]},"product_brand":[],"product_cat":[136],"product_tag":[],"class_list":{"0":"post-12079","1":"product","2":"type-product","3":"status-publish","4":"has-post-thumbnail","6":"product_cat-lazer","8":"first","9":"instock","10":"shipping-taxable","11":"purchasable","12":"product-type-simple"},"_links":{"self":[{"href":"https:\/\/www.multicasa.com.br\/inicio\/wp-json\/wp\/v2\/product\/12079","targetHints":{"allow":["GET"]}}],"collection":[{"href":"https:\/\/www.multicasa.com.br\/inicio\/wp-json\/wp\/v2\/product"}],"about":[{"href":"https:\/\/www.multicasa.com.br\/inicio\/wp-json\/wp\/v2\/types\/product"}],"wp:featuredmedia":[{"embeddable":true,"href":"https:\/\/www.multicasa.com.br\/inicio\/wp-json\/wp\/v2\/media\/25717"}],"wp:attachment":[{"href":"https:\/\/www.multicasa.com.br\/inicio\/wp-json\/wp\/v2\/media?parent=12079"}],"wp:term":[{"taxonomy":"product_brand","embeddable":true,"href":"https:\/\/www.multicasa.com.br\/inicio\/wp-json\/wp\/v2\/product_brand?post=12079"},{"taxonomy":"product_cat","embeddable":true,"href":"https:\/\/www.multicasa.com.br\/inicio\/wp-json\/wp\/v2\/product_cat?post=12079"},{"taxonomy":"product_tag","embeddable":true,"href":"https:\/\/www.multicasa.com.br\/inicio\/wp-json\/wp\/v2\/product_tag?post=12079"}],"curies":[{"name":"wp","href":"https:\/\/api.w.org\/{rel}","templated":true}]}}