{"id":12080,"date":"2025-06-20T18:13:42","date_gmt":"2025-06-20T22:13:42","guid":{"rendered":"https:\/\/www.multicasa.com.br\/inicio\/?post_type=product&#038;p=12080"},"modified":"2025-06-23T10:27:00","modified_gmt":"2025-06-23T14:27:00","slug":"plafon-led-embuir-reto-45w-bivolt-4-0k-llum","status":"publish","type":"product","link":"https:\/\/www.multicasa.com.br\/inicio\/produto\/plafon-led-embuir-reto-45w-bivolt-4-0k-llum\/","title":{"rendered":"Plafon Led Embuir Reto 45W Bivolt 4.0K Llum"},"content":{"rendered":"<p>Painel de embutir SLIM TECH FIT, possui design moderno com tecnologia LED integrado e pronto para instalar, estruturado em alum\u00ednio para maior controle de temperatura do LED extraindo a m\u00e1xima efici\u00eancia luminosa, acabamento em pintura ep\u00f3xi branca, difusor em acr\u00edlico, apresenta alta luminesc\u00eancia e uniformidade na distribui\u00e7\u00e3o da luz e conta com molas de fixa\u00e7\u00e3o em a\u00e7o. Ideal para ambientes corporativos, comerciais e residenciais<\/p>\n","protected":false},"excerpt":{"rendered":"<h4 style=\"margin: 0px;padding: 0px 0px 16px;font-family: Lato, sans-serif;font-weight: bold;line-height: 3rem;color: var(--dark-grey3);font-size: 22px;font-style: normal;letter-spacing: normal;text-align: start;text-indent: 0px;text-transform: none\">Informa\u00e7\u00f5es t\u00e9cnicas<\/h4>\n<p><span style=\"margin: 0px;padding: 0px;font-weight: 450;font-size: 14px;line-height: 21px;color: var(--dark-grey2);font-family: Lato, sans-serif;font-style: normal;letter-spacing: normal;text-align: start;text-indent: 0px;text-transform: none\">Produto: PLAFON LED EMB RET.45W BIV.4.0K LLU<br \/>\nMarca: led<br \/>\nMaterial: Alum\u00ednio<br \/>\nCor: Branca<br \/>\nCaracter\u00edsticas<br \/>\n&#8211; Garantia de 3 anos;<br \/>\n&#8211; Vida \u00fatil de 25.000 horas;<br \/>\n&#8211; Grau de prote\u00e7\u00e3o IP40;<br \/>\n&#8211; Tens\u00e3o bivolt 127-220Vca;<br \/>\n&#8211; Pot\u00eancia do fluxo luminoso: 3600lm;<br \/>\n&#8211; Temperatura de cor: 4000K;<\/p>\n<p>Dimens\u00f5es:<br \/>\n124,5 x 15,5 x 0,8 cm<\/span><\/p>\n","protected":false},"featured_media":25744,"template":"","meta":{"_joinchat":[]},"product_brand":[],"product_cat":[145],"product_tag":[],"class_list":{"0":"post-12080","1":"product","2":"type-product","3":"status-publish","4":"has-post-thumbnail","6":"product_cat-leds-comerciais","8":"first","9":"outofstock","10":"shipping-taxable","11":"product-type-simple"},"_links":{"self":[{"href":"https:\/\/www.multicasa.com.br\/inicio\/wp-json\/wp\/v2\/product\/12080","targetHints":{"allow":["GET"]}}],"collection":[{"href":"https:\/\/www.multicasa.com.br\/inicio\/wp-json\/wp\/v2\/product"}],"about":[{"href":"https:\/\/www.multicasa.com.br\/inicio\/wp-json\/wp\/v2\/types\/product"}],"wp:featuredmedia":[{"embeddable":true,"href":"https:\/\/www.multicasa.com.br\/inicio\/wp-json\/wp\/v2\/media\/25744"}],"wp:attachment":[{"href":"https:\/\/www.multicasa.com.br\/inicio\/wp-json\/wp\/v2\/media?parent=12080"}],"wp:term":[{"taxonomy":"product_brand","embeddable":true,"href":"https:\/\/www.multicasa.com.br\/inicio\/wp-json\/wp\/v2\/product_brand?post=12080"},{"taxonomy":"product_cat","embeddable":true,"href":"https:\/\/www.multicasa.com.br\/inicio\/wp-json\/wp\/v2\/product_cat?post=12080"},{"taxonomy":"product_tag","embeddable":true,"href":"https:\/\/www.multicasa.com.br\/inicio\/wp-json\/wp\/v2\/product_tag?post=12080"}],"curies":[{"name":"wp","href":"https:\/\/api.w.org\/{rel}","templated":true}]}}