{"id":12083,"date":"2025-06-20T18:13:43","date_gmt":"2025-06-20T22:13:43","guid":{"rendered":"https:\/\/www.multicasa.com.br\/inicio\/?post_type=product&#038;p=12083"},"modified":"2025-07-01T13:54:16","modified_gmt":"2025-07-01T17:54:16","slug":"luminaria-tartaruga-com-grade-branca-joanto","status":"publish","type":"product","link":"https:\/\/www.multicasa.com.br\/inicio\/produto\/luminaria-tartaruga-com-grade-branca-joanto\/","title":{"rendered":"Lumin\u00e1ria Tartaruga Com Grade Branca Joanto"},"content":{"rendered":"<p>A Arandela Tartaruga com grade em pl\u00e1stico, super resistente possu\u00ed seu suporte Soquete de Porcelana E-27 e \u00e9 Autovolt . Ideal para quem busca uma ilumina\u00e7\u00e3o leve e aconchegante.<\/p>\n","protected":false},"excerpt":{"rendered":"<h4 style=\"margin: 0px;padding: 0px 0px 16px;font-family: Lato, sans-serif;font-weight: bold;line-height: 3rem;color: var(--dark-grey3);font-size: 22px;font-style: normal;letter-spacing: normal;text-align: start;text-indent: 0px;text-transform: none\">Informa\u00e7\u00f5es t\u00e9cnicas<\/h4>\n<p><span style=\"margin: 0px;padding: 0px;font-weight: 450;font-size: 14px;line-height: 21px;color: var(--dark-grey2);font-family: Lato, sans-serif;font-style: normal;letter-spacing: normal;text-align: start;text-indent: 0px;text-transform: none\">Produto: LUMIN\u00c1RIA TARTARUGA COM GRADE BRANCA         Marca: JOANTO           Material: Polipropileno<br \/>\nMaterial Base: Termopl\u00e1stico ABS de alta qualidade<br \/>\nCor: Branca<br \/>\nLargura x Altura: 20 x 11 cm<br \/>\nProfundidade: 10 cm<br \/>\nBocal: E27<br \/>\nPot\u00eancia M\u00e1xima: 20 W<br \/>\nVoltagem: 110V\/220V (Bivolt)<\/span><\/p>\n","protected":false},"featured_media":27382,"template":"","meta":{"_joinchat":[]},"product_brand":[],"product_cat":[79],"product_tag":[],"class_list":{"0":"post-12083","1":"product","2":"type-product","3":"status-publish","4":"has-post-thumbnail","6":"product_cat-iluminacao-decorativa","8":"first","9":"outofstock","10":"shipping-taxable","11":"product-type-simple"},"_links":{"self":[{"href":"https:\/\/www.multicasa.com.br\/inicio\/wp-json\/wp\/v2\/product\/12083","targetHints":{"allow":["GET"]}}],"collection":[{"href":"https:\/\/www.multicasa.com.br\/inicio\/wp-json\/wp\/v2\/product"}],"about":[{"href":"https:\/\/www.multicasa.com.br\/inicio\/wp-json\/wp\/v2\/types\/product"}],"wp:featuredmedia":[{"embeddable":true,"href":"https:\/\/www.multicasa.com.br\/inicio\/wp-json\/wp\/v2\/media\/27382"}],"wp:attachment":[{"href":"https:\/\/www.multicasa.com.br\/inicio\/wp-json\/wp\/v2\/media?parent=12083"}],"wp:term":[{"taxonomy":"product_brand","embeddable":true,"href":"https:\/\/www.multicasa.com.br\/inicio\/wp-json\/wp\/v2\/product_brand?post=12083"},{"taxonomy":"product_cat","embeddable":true,"href":"https:\/\/www.multicasa.com.br\/inicio\/wp-json\/wp\/v2\/product_cat?post=12083"},{"taxonomy":"product_tag","embeddable":true,"href":"https:\/\/www.multicasa.com.br\/inicio\/wp-json\/wp\/v2\/product_tag?post=12083"}],"curies":[{"name":"wp","href":"https:\/\/api.w.org\/{rel}","templated":true}]}}