{"id":12085,"date":"2025-06-20T18:13:43","date_gmt":"2025-06-20T22:13:43","guid":{"rendered":"https:\/\/www.multicasa.com.br\/inicio\/?post_type=product&#038;p=12085"},"modified":"2026-04-30T17:30:38","modified_gmt":"2026-04-30T21:30:38","slug":"tomada-aria-4x2-2to-2pt-20a-tramontina","status":"publish","type":"product","link":"https:\/\/www.multicasa.com.br\/inicio\/produto\/tomada-aria-4x2-2to-2pt-20a-tramontina\/","title":{"rendered":"TOMADA ARIA 4X2 2TO 2P+T 20A TRAMONTINA"},"content":{"rendered":"<p>Com o Conjunto 4&#215;2 com 2 Tomadas 2P+T Tramontina Aria 20 A 250 V Branco voc\u00ea ter\u00e1 mais praticidade na hora de ligar mais de um equipamento el\u00e9trico ou eletr\u00f4nico ao mesmo tempo. Produzido em termopl\u00e1stico com acabamento brilho na cor branca, ele possui sistema modular com o suporte incorporado e furo oblongo que facilita a fixa\u00e7\u00e3o e a regulagem da placa \u00e0 parede, deixando-a reta; al\u00e9m disso, sua instala\u00e7\u00e3o n\u00e3o fica aparente, o que deixa seu c\u00f4modo ainda mais bonito. Um item ideal para sua casa, que acompanha suporte e parafusos para a instala\u00e7\u00e3o!<\/p>\n","protected":false},"excerpt":{"rendered":"<h4 style=\"margin: 0px;padding: 0px 0px 16px;font-family: Lato, sans-serif;font-weight: bold;line-height: 3rem;color: var(--dark-grey3);font-size: 22px;font-style: normal;letter-spacing: normal;text-align: start;text-indent: 0px;text-transform: none\">Informa\u00e7\u00f5es t\u00e9cnicas<\/h4>\n<p><span style=\"margin: 0px;padding: 0px;font-weight: 450;font-size: 14px;line-height: 21px;color: var(--dark-grey2);font-family: Lato, sans-serif;font-style: normal;letter-spacing: normal;text-align: start;text-indent: 0px;text-transform: none\">Produtos certificados conforme portaria do Inmetro n\u00b0 85\/2006, OCP-0004, T\u00dcV RHEINLAND, seguran\u00e7a, compuls\u00f3rio.<br \/>\nPeso\t0,06 kg<br \/>\nGarantia\t90 dias de garantia legal<\/span><\/p>\n","protected":false},"featured_media":26099,"template":"","meta":{"_joinchat":[]},"product_brand":[],"product_cat":[144],"product_tag":[],"class_list":{"0":"post-12085","1":"product","2":"type-product","3":"status-publish","4":"has-post-thumbnail","6":"product_cat-tomadas-e-cia","8":"first","9":"instock","10":"shipping-taxable","11":"purchasable","12":"product-type-simple"},"_links":{"self":[{"href":"https:\/\/www.multicasa.com.br\/inicio\/wp-json\/wp\/v2\/product\/12085","targetHints":{"allow":["GET"]}}],"collection":[{"href":"https:\/\/www.multicasa.com.br\/inicio\/wp-json\/wp\/v2\/product"}],"about":[{"href":"https:\/\/www.multicasa.com.br\/inicio\/wp-json\/wp\/v2\/types\/product"}],"wp:featuredmedia":[{"embeddable":true,"href":"https:\/\/www.multicasa.com.br\/inicio\/wp-json\/wp\/v2\/media\/26099"}],"wp:attachment":[{"href":"https:\/\/www.multicasa.com.br\/inicio\/wp-json\/wp\/v2\/media?parent=12085"}],"wp:term":[{"taxonomy":"product_brand","embeddable":true,"href":"https:\/\/www.multicasa.com.br\/inicio\/wp-json\/wp\/v2\/product_brand?post=12085"},{"taxonomy":"product_cat","embeddable":true,"href":"https:\/\/www.multicasa.com.br\/inicio\/wp-json\/wp\/v2\/product_cat?post=12085"},{"taxonomy":"product_tag","embeddable":true,"href":"https:\/\/www.multicasa.com.br\/inicio\/wp-json\/wp\/v2\/product_tag?post=12085"}],"curies":[{"name":"wp","href":"https:\/\/api.w.org\/{rel}","templated":true}]}}