{"id":12091,"date":"2025-06-20T18:13:44","date_gmt":"2025-06-20T22:13:44","guid":{"rendered":"https:\/\/www.multicasa.com.br\/inicio\/?post_type=product&#038;p=12091"},"modified":"2025-06-23T10:02:28","modified_gmt":"2025-06-23T14:02:28","slug":"cortador-grama-1100w-127v-tramontin","status":"publish","type":"product","link":"https:\/\/www.multicasa.com.br\/inicio\/produto\/cortador-grama-1100w-127v-tramontin\/","title":{"rendered":"Cortador Grama 1100W 127V Tramontin"},"content":{"rendered":"<p>Se voc\u00ea busca por um produto de alta qualidade e desempenho para manter o seu jardim sempre bonito, a melhor op\u00e7\u00e3o \u00e9: cortador de grama el\u00e9trico Tramontina CE35M2 com di\u00e2metro de corte de 350 mm coletor r\u00edgido e chassi met\u00e1lico 1300 W 127 V. Projetado com um design \u00fanico e inovador, o cortador de grama el\u00e9trico \u00e9 uma excelente solu\u00e7\u00e3o para o corte do gramado. Seu formato torna o manuseio mais confort\u00e1vel e seguro. Ele \u00e9 ideal para todos os tipos de gramados. Por ser uma pe\u00e7a leve, oferece praticidade durante a opera\u00e7\u00e3o, al\u00e9m de tornar o transporte ainda mais pr\u00e1tico. O seu jardim ser\u00e1 o espa\u00e7o ideal para ganhar diversas recorda\u00e7\u00f5es bonitas e alegres.<\/p>\n","protected":false},"excerpt":{"rendered":"<h4 style=\"margin: 0px;padding: 0px 0px 16px;font-family: Lato, sans-serif;font-weight: bold;line-height: 3rem;color: var(--dark-grey3);font-size: 22px;font-style: normal;letter-spacing: normal;text-align: start;text-indent: 0px;text-transform: none\">Informa\u00e7\u00f5es t\u00e9cnicas<\/h4>\n<p><span style=\"margin: 0px;padding: 0px;font-weight: 450;font-size: 14px;line-height: 21px;color: var(--dark-grey2);font-family: Lato, sans-serif;font-style: normal;letter-spacing: normal;text-align: start;text-indent: 0px;text-transform: none\">Produto: CORTADOR GRAMA 1100W 127V TRAMONTIN<br \/>\nMarca: Tramontina<br \/>\nMaterial: Pe\u00e7as met\u00e1licas, chassi met\u00e1lico de alta resist\u00eancia.<br \/>\nCor: Preta<br \/>\nCaracter\u00edsticas<br \/>\n&#8211; Motor com 1300 W de pot\u00eancia, 127 V, 60 Hz.<br \/>\n&#8211; Di\u00e2metro de corte de 350 mm.<br \/>\n&#8211; Fixa-cabo, evita que o cabo el\u00e9trico desconecte do plug.<br \/>\n&#8211; Design e ergonomia que facilitam o uso.<br \/>\n&#8211; Chassi met\u00e1lico de alta resist\u00eancia.<br \/>\n&#8211; L\u00e2mina posicionada acima do n\u00edvel do chassi, evitando que objetos sejam lan\u00e7ados em dire\u00e7\u00e3o ao operador e pessoas pr\u00f3ximas.<br \/>\n&#8211; Pe\u00e7as met\u00e1licas possuem pintura eletrost\u00e1tica a p\u00f3, que tem uma melhor apresenta\u00e7\u00e3o visual e maior prote\u00e7\u00e3o contra oxida\u00e7\u00e3o.<br \/>\n&#8211; Interruptor de duplo acionamento.<br \/>\n&#8211; Bra\u00e7o met\u00e1lico, com isolamento.<br \/>\n&#8211; Al\u00e7a para facilitar o transporte.<br \/>\n&#8211; Pr\u00e1tico sistema de regulagem da altura de corte.<br \/>\n&#8211; Tr\u00eas alturas de corte: 23 mm, 38 mm e 53 mm.<br \/>\n&#8211; Cesto coletor r\u00edgido com capacidade de 16,5 L.<br \/>\n&#8211; \u00c1rea de corte indicada de 1.300 m\u00b2.<br \/>\n&#8211; Produto fabricado no Brasil.<br \/>\n&#8211; Rede de Assist\u00eancia T\u00e9cnica em todo o Brasil.<\/p>\n<p>Dimens\u00f5es do Produto<br \/>\n109 x 120 x 37 cm<\/span><\/p>\n","protected":false},"featured_media":25038,"template":"","meta":{"_joinchat":[]},"product_brand":[],"product_cat":[76],"product_tag":[],"class_list":{"0":"post-12091","1":"product","2":"type-product","3":"status-publish","4":"has-post-thumbnail","6":"product_cat-jardinagem","8":"first","9":"outofstock","10":"shipping-taxable","11":"product-type-simple"},"_links":{"self":[{"href":"https:\/\/www.multicasa.com.br\/inicio\/wp-json\/wp\/v2\/product\/12091","targetHints":{"allow":["GET"]}}],"collection":[{"href":"https:\/\/www.multicasa.com.br\/inicio\/wp-json\/wp\/v2\/product"}],"about":[{"href":"https:\/\/www.multicasa.com.br\/inicio\/wp-json\/wp\/v2\/types\/product"}],"wp:featuredmedia":[{"embeddable":true,"href":"https:\/\/www.multicasa.com.br\/inicio\/wp-json\/wp\/v2\/media\/25038"}],"wp:attachment":[{"href":"https:\/\/www.multicasa.com.br\/inicio\/wp-json\/wp\/v2\/media?parent=12091"}],"wp:term":[{"taxonomy":"product_brand","embeddable":true,"href":"https:\/\/www.multicasa.com.br\/inicio\/wp-json\/wp\/v2\/product_brand?post=12091"},{"taxonomy":"product_cat","embeddable":true,"href":"https:\/\/www.multicasa.com.br\/inicio\/wp-json\/wp\/v2\/product_cat?post=12091"},{"taxonomy":"product_tag","embeddable":true,"href":"https:\/\/www.multicasa.com.br\/inicio\/wp-json\/wp\/v2\/product_tag?post=12091"}],"curies":[{"name":"wp","href":"https:\/\/api.w.org\/{rel}","templated":true}]}}