{"id":12094,"date":"2025-06-20T18:13:44","date_gmt":"2025-06-20T22:13:44","guid":{"rendered":"https:\/\/www.multicasa.com.br\/inicio\/?post_type=product&#038;p=12094"},"modified":"2026-04-18T16:30:15","modified_gmt":"2026-04-18T20:30:15","slug":"plafon-led-emb-24w-biv-6500k-preto-lllum","status":"publish","type":"product","link":"https:\/\/www.multicasa.com.br\/inicio\/produto\/plafon-led-emb-24w-biv-6500k-preto-lllum\/","title":{"rendered":"Plafon Led Emb. 24W Biv 6500K Preto LLLUM"},"content":{"rendered":"<p>O Plafon led preto da LLUM traz muita eleg\u00e2ncia e sofistica\u00e7\u00e3o ao ambiente, al\u00e9m de proporcionar \u00f3tima ilumina\u00e7\u00e3o. Sua instala\u00e7\u00e3o pode ser realizada em forros de gesso, PVC, laje e madeira. Ideal para ilumina\u00e7\u00f5es residenciais, empresariais, comerciais, entre outras. Uma das principais vantagens do uso da tecnologia LED \u00e9 a alta economia de energia. Representam uma economia de 80% na conta de energia el\u00e9trica.<\/p>\n","protected":false},"excerpt":{"rendered":"<h4 style=\"margin: 0px;padding: 0px 0px 16px;font-family: Lato, sans-serif;font-weight: bold;line-height: 3rem;color: var(--dark-grey3);font-size: 22px;font-style: normal;letter-spacing: normal;text-align: start;text-indent: 0px;text-transform: none\">Informa\u00e7\u00f5es t\u00e9cnicas<\/h4>\n<p><span style=\"margin: 0px;padding: 0px;font-weight: 450;font-size: 14px;line-height: 21px;color: var(--dark-grey2);font-family: Lato, sans-serif;font-style: normal;letter-spacing: normal;text-align: start;text-indent: 0px;text-transform: none\">Pot\u00eancia: 24W<br \/>\n&#8211; Modelo: Quadrado Embutir Preto<br \/>\n&#8211; Material: Alum\u00ednio e acr\u00edlico<br \/>\n&#8211; Temperaturas de cor: Branco Frio \/ Branco Quente \/ Branco Morno<br \/>\n&#8211; Luminosidade: Aproximadamente 1800lm<br \/>\n&#8211; Vida \u00fatil estimada (L70) em 25.000h<br \/>\n&#8211; Voltagem: AC110-220V (Bivolt)<br \/>\n&#8211; Frequ\u00eancia: 50\/60 Hz<br \/>\n&#8211; \u00c2ngulo de abertura: 120\u00b0<br \/>\n&#8211; Temperatura de opera\u00e7\u00e3o: -20\u00baC a 50\u00baC<br \/>\n&#8211; Economia de energia em at\u00e9 80%<br \/>\n&#8211; Prote\u00e7\u00e3o: IP40<br \/>\n&#8211; Dimens\u00f5es: 30x30cm<\/span><\/p>\n","protected":false},"featured_media":25737,"template":"","meta":{"_joinchat":[]},"product_brand":[],"product_cat":[145],"product_tag":[],"class_list":{"0":"post-12094","1":"product","2":"type-product","3":"status-publish","4":"has-post-thumbnail","6":"product_cat-leds-comerciais","8":"first","9":"instock","10":"shipping-taxable","11":"product-type-simple"},"_links":{"self":[{"href":"https:\/\/www.multicasa.com.br\/inicio\/wp-json\/wp\/v2\/product\/12094","targetHints":{"allow":["GET"]}}],"collection":[{"href":"https:\/\/www.multicasa.com.br\/inicio\/wp-json\/wp\/v2\/product"}],"about":[{"href":"https:\/\/www.multicasa.com.br\/inicio\/wp-json\/wp\/v2\/types\/product"}],"wp:featuredmedia":[{"embeddable":true,"href":"https:\/\/www.multicasa.com.br\/inicio\/wp-json\/wp\/v2\/media\/25737"}],"wp:attachment":[{"href":"https:\/\/www.multicasa.com.br\/inicio\/wp-json\/wp\/v2\/media?parent=12094"}],"wp:term":[{"taxonomy":"product_brand","embeddable":true,"href":"https:\/\/www.multicasa.com.br\/inicio\/wp-json\/wp\/v2\/product_brand?post=12094"},{"taxonomy":"product_cat","embeddable":true,"href":"https:\/\/www.multicasa.com.br\/inicio\/wp-json\/wp\/v2\/product_cat?post=12094"},{"taxonomy":"product_tag","embeddable":true,"href":"https:\/\/www.multicasa.com.br\/inicio\/wp-json\/wp\/v2\/product_tag?post=12094"}],"curies":[{"name":"wp","href":"https:\/\/api.w.org\/{rel}","templated":true}]}}