{"id":12098,"date":"2025-06-20T18:13:44","date_gmt":"2025-06-20T22:13:44","guid":{"rendered":"https:\/\/www.multicasa.com.br\/inicio\/?post_type=product&#038;p=12098"},"modified":"2025-06-23T10:12:01","modified_gmt":"2025-06-23T14:12:01","slug":"interruptor-inteligente-3t-wi-fi-branco","status":"publish","type":"product","link":"https:\/\/www.multicasa.com.br\/inicio\/produto\/interruptor-inteligente-3t-wi-fi-branco\/","title":{"rendered":"Interruptor Inteligente 3T Wi-Fi Branco"},"content":{"rendered":"<p>Com a nova linha de interruptores WiFi inteligente da AGL voc\u00ea pode controlar todas suas l\u00e2mpadas a dist\u00e2ncia. Voc\u00ea pode utilizar assistentes de voz como Alexa, Google Assistente e Siri para ligar e desligar suas l\u00e2mpadas utilizando simples comando de voz. Com um \u00fanico aplicativo voc\u00ea tem total controle sobre suas l\u00e2mpadas, podendo criar ambientes para facilitar navega\u00e7\u00e3o no aplicativo.<\/p>\n","protected":false},"excerpt":{"rendered":"<h4 style=\"margin: 0px;padding: 0px 0px 16px;font-family: Lato, sans-serif;font-weight: bold;line-height: 3rem;color: var(--dark-grey3);font-size: 22px;font-style: normal;letter-spacing: normal;text-align: start;text-indent: 0px;text-transform: none\">Informa\u00e7\u00f5es t\u00e9cnicas<\/h4>\n<p><span style=\"margin: 0px;padding: 0px;font-weight: 450;font-size: 14px;line-height: 21px;color: var(--dark-grey2);font-family: Lato, sans-serif;font-style: normal;letter-spacing: normal;text-align: start;text-indent: 0px;text-transform: none\">PRODUTO: INTERRUPTOR INTELIGENTE 3T WI-FI<br \/>\nMARCA: AGL<br \/>\nMATERIAL: Pl\u00e1stico ABS.<br \/>\nCOR: Branca<br \/>\nCARATER\u00cdSTICAS:<br \/>\n\u0095 Controle o interruptor de qualquer local;<br \/>\n\u0095 Poss\u00edvel fazer automa\u00e7\u00e3o com outros produtos da linha no aplicativo AGL Home;<br \/>\n\u0095 Programa\u00e7\u00e3o de tempo para ligar e desligar automaticamente;<br \/>\n\u0095 Contagem regressiva;<br \/>\n\u0095 Prote\u00e7\u00e3o contra sobrecarga;<br \/>\n\u0095 Bot\u00e3o f\u00edsico para ligar e desligar;<br \/>\n\u0095 LED indicativo;<br \/>\n\u0095 Conex\u00e3o via rede Wi-Fi: 2,4Ghz;<br \/>\n\u0095 Peso bruto m\u00e9dio: 0,20 Kgs.<br \/>\nDIMENS\u00d5ES: A116xL80xP23mm. <\/span><\/p>\n","protected":false},"featured_media":25304,"template":"","meta":{"_joinchat":[]},"product_brand":[],"product_cat":[144],"product_tag":[],"class_list":{"0":"post-12098","1":"product","2":"type-product","3":"status-publish","4":"has-post-thumbnail","6":"product_cat-tomadas-e-cia","8":"first","9":"outofstock","10":"shipping-taxable","11":"product-type-simple"},"_links":{"self":[{"href":"https:\/\/www.multicasa.com.br\/inicio\/wp-json\/wp\/v2\/product\/12098","targetHints":{"allow":["GET"]}}],"collection":[{"href":"https:\/\/www.multicasa.com.br\/inicio\/wp-json\/wp\/v2\/product"}],"about":[{"href":"https:\/\/www.multicasa.com.br\/inicio\/wp-json\/wp\/v2\/types\/product"}],"wp:featuredmedia":[{"embeddable":true,"href":"https:\/\/www.multicasa.com.br\/inicio\/wp-json\/wp\/v2\/media\/25304"}],"wp:attachment":[{"href":"https:\/\/www.multicasa.com.br\/inicio\/wp-json\/wp\/v2\/media?parent=12098"}],"wp:term":[{"taxonomy":"product_brand","embeddable":true,"href":"https:\/\/www.multicasa.com.br\/inicio\/wp-json\/wp\/v2\/product_brand?post=12098"},{"taxonomy":"product_cat","embeddable":true,"href":"https:\/\/www.multicasa.com.br\/inicio\/wp-json\/wp\/v2\/product_cat?post=12098"},{"taxonomy":"product_tag","embeddable":true,"href":"https:\/\/www.multicasa.com.br\/inicio\/wp-json\/wp\/v2\/product_tag?post=12098"}],"curies":[{"name":"wp","href":"https:\/\/api.w.org\/{rel}","templated":true}]}}