{"id":12099,"date":"2025-06-20T18:13:44","date_gmt":"2025-06-20T22:13:44","guid":{"rendered":"https:\/\/www.multicasa.com.br\/inicio\/?post_type=product&#038;p=12099"},"modified":"2025-06-23T09:47:51","modified_gmt":"2025-06-23T13:47:51","slug":"adaptador-2pt-10a-wi-fi-agl","status":"publish","type":"product","link":"https:\/\/www.multicasa.com.br\/inicio\/produto\/adaptador-2pt-10a-wi-fi-agl\/","title":{"rendered":"Adaptador 2P+T 10A Wi-Fi AGL"},"content":{"rendered":"<p>Com o adaptador de tomada WiFi voc\u00ea pode controlar remotamente dispositivos ligados em 110 ou 220 volts. Voc\u00ea pode desligar\/ligar lumin\u00e1ria, ventilador, televis\u00e3o e v\u00e1rios outros eletrodom\u00e9sticos ou produtos que possuem alimenta\u00e7\u00e3o 110\/220 volts. <\/p>\n","protected":false},"excerpt":{"rendered":"<h4 style=\"margin: 0px;padding: 0px 0px 16px;font-family: Lato, sans-serif;font-weight: bold;line-height: 3rem;color: var(--dark-grey3);font-size: 22px;font-style: normal;letter-spacing: normal;text-align: start;text-indent: 0px;text-transform: none\">Informa\u00e7\u00f5es t\u00e9cnicas<\/h4>\n<p><span style=\"margin: 0px;padding: 0px;font-weight: 450;font-size: 14px;line-height: 21px;color: var(--dark-grey2);font-family: Lato, sans-serif;font-style: normal;letter-spacing: normal;text-align: start;text-indent: 0px;text-transform: none\">Tomada inteligente wifi 10A;<br \/>\nCompat\u00edvel com Alexa e assistentes de voz;<br \/>\nControle os dispositivos remotamente de qualquer lugar com internet;<br \/>\n&#8211; Programe timer para ligar e desligar automaticamente;<br \/>\n&#8211; Verifique o consumo de energia pelo aplicativo AGL Home;<br \/>\n&#8211; Poss\u00edvel fazer automa\u00e7\u00e3o com outros produtos da linha no aplicativo AGL Home.<br \/>\n&#8211; Plugar e usar, basta ligar em uma tomada, conectar \u00e0 rede Wi-Fi e controlar os seus equipamentos  eletr\u00f4nicos de onde estiver.<\/span><\/p>\n","protected":false},"featured_media":24569,"template":"","meta":{"_joinchat":[]},"product_brand":[],"product_cat":[144],"product_tag":[],"class_list":{"0":"post-12099","1":"product","2":"type-product","3":"status-publish","4":"has-post-thumbnail","6":"product_cat-tomadas-e-cia","8":"first","9":"outofstock","10":"shipping-taxable","11":"product-type-simple"},"_links":{"self":[{"href":"https:\/\/www.multicasa.com.br\/inicio\/wp-json\/wp\/v2\/product\/12099","targetHints":{"allow":["GET"]}}],"collection":[{"href":"https:\/\/www.multicasa.com.br\/inicio\/wp-json\/wp\/v2\/product"}],"about":[{"href":"https:\/\/www.multicasa.com.br\/inicio\/wp-json\/wp\/v2\/types\/product"}],"wp:featuredmedia":[{"embeddable":true,"href":"https:\/\/www.multicasa.com.br\/inicio\/wp-json\/wp\/v2\/media\/24569"}],"wp:attachment":[{"href":"https:\/\/www.multicasa.com.br\/inicio\/wp-json\/wp\/v2\/media?parent=12099"}],"wp:term":[{"taxonomy":"product_brand","embeddable":true,"href":"https:\/\/www.multicasa.com.br\/inicio\/wp-json\/wp\/v2\/product_brand?post=12099"},{"taxonomy":"product_cat","embeddable":true,"href":"https:\/\/www.multicasa.com.br\/inicio\/wp-json\/wp\/v2\/product_cat?post=12099"},{"taxonomy":"product_tag","embeddable":true,"href":"https:\/\/www.multicasa.com.br\/inicio\/wp-json\/wp\/v2\/product_tag?post=12099"}],"curies":[{"name":"wp","href":"https:\/\/api.w.org\/{rel}","templated":true}]}}