{"id":12105,"date":"2025-06-20T18:13:51","date_gmt":"2025-06-20T22:13:51","guid":{"rendered":"https:\/\/www.multicasa.com.br\/inicio\/?post_type=product&#038;p=12105"},"modified":"2025-06-23T09:57:28","modified_gmt":"2025-06-23T13:57:28","slug":"cantoneira-pvc-16x16x2800mm-durin","status":"publish","type":"product","link":"https:\/\/www.multicasa.com.br\/inicio\/produto\/cantoneira-pvc-16x16x2800mm-durin\/","title":{"rendered":"Cantoneira Pvc 16X16X2800Mm Durin"},"content":{"rendered":"<p>A cantoneira de PVC da durin serve para revestir cantos vivos como s\u00e3o chamadas as arestas particularmente protuberantes de uma pilastra ou parede, degrau, escadas, cantos de paredes e quinas.<\/p>\n","protected":false},"excerpt":{"rendered":"<h4 style=\"margin: 0px;padding: 0px 0px 16px;font-family: Lato, sans-serif;font-weight: bold;line-height: 3rem;color: var(--dark-grey3);font-size: 22px;font-style: normal;letter-spacing: normal;text-align: start;text-indent: 0px;text-transform: none\">Informa\u00e7\u00f5es t\u00e9cnicas<\/h4>\n<p><span style=\"margin: 0px;padding: 0px;font-weight: 450;font-size: 14px;line-height: 21px;color: var(--dark-grey2);font-family: Lato, sans-serif;font-style: normal;letter-spacing: normal;text-align: start;text-indent: 0px;text-transform: none\">Produto: CANTONEIRA<br \/>\nMarca: Durin<br \/>\nMaterial: PVC<br \/>\nCor: Transparente<br \/>\nCaracter\u00edsticas:<br \/>\n\u0095 Produto de alta resist\u00eancia;<br \/>\n\u0095 Design moderno, combina com todos os ambientes;<br \/>\n\u0095 F\u00e1cil instala\u00e7\u00e3o;<br \/>\n\u0095 N\u00e3o propaga chamas (PVC Antichamas);<br \/>\n\u0095 Bitolas: 2 modelos 20mm e 16mm;<br \/>\n\u0095 Composi\u00e7\u00e3o B\u00e1sica: PVC (Policloreto de Vinila);<br \/>\n\u0095 Vers\u00e1til: adapt\u00e1vel \u00e0s mais diversas necessidades de instala\u00e7\u00e3o.<\/p>\n<p>Dimens\u00f5es:<br \/>\n16 x 16 x 2800 mm<\/span><\/p>\n","protected":false},"featured_media":24885,"template":"","meta":{"_joinchat":[]},"product_brand":[],"product_cat":[147],"product_tag":[],"class_list":{"0":"post-12105","1":"product","2":"type-product","3":"status-publish","4":"has-post-thumbnail","6":"product_cat-basicos","8":"first","9":"outofstock","10":"shipping-taxable","11":"product-type-simple"},"_links":{"self":[{"href":"https:\/\/www.multicasa.com.br\/inicio\/wp-json\/wp\/v2\/product\/12105","targetHints":{"allow":["GET"]}}],"collection":[{"href":"https:\/\/www.multicasa.com.br\/inicio\/wp-json\/wp\/v2\/product"}],"about":[{"href":"https:\/\/www.multicasa.com.br\/inicio\/wp-json\/wp\/v2\/types\/product"}],"wp:featuredmedia":[{"embeddable":true,"href":"https:\/\/www.multicasa.com.br\/inicio\/wp-json\/wp\/v2\/media\/24885"}],"wp:attachment":[{"href":"https:\/\/www.multicasa.com.br\/inicio\/wp-json\/wp\/v2\/media?parent=12105"}],"wp:term":[{"taxonomy":"product_brand","embeddable":true,"href":"https:\/\/www.multicasa.com.br\/inicio\/wp-json\/wp\/v2\/product_brand?post=12105"},{"taxonomy":"product_cat","embeddable":true,"href":"https:\/\/www.multicasa.com.br\/inicio\/wp-json\/wp\/v2\/product_cat?post=12105"},{"taxonomy":"product_tag","embeddable":true,"href":"https:\/\/www.multicasa.com.br\/inicio\/wp-json\/wp\/v2\/product_tag?post=12105"}],"curies":[{"name":"wp","href":"https:\/\/api.w.org\/{rel}","templated":true}]}}