{"id":12106,"date":"2025-06-20T18:13:51","date_gmt":"2025-06-20T22:13:51","guid":{"rendered":"https:\/\/www.multicasa.com.br\/inicio\/?post_type=product&#038;p=12106"},"modified":"2025-08-16T15:03:24","modified_gmt":"2025-08-16T19:03:24","slug":"lampada-led-alta-potencia-20w-bivolt-6-5k-avant","status":"publish","type":"product","link":"https:\/\/www.multicasa.com.br\/inicio\/produto\/lampada-led-alta-potencia-20w-bivolt-6-5k-avant\/","title":{"rendered":"L\u00e2mpada Led Alta Pot\u00eancia 20W Bivolt 6.5K Avant"},"content":{"rendered":"<p>A L\u00e2mpada LED BULBO HP \u00e9 indicada para ilumina\u00e7\u00e3o industrial e comercial de grandes \u00e1reas.<\/p>\n","protected":false},"excerpt":{"rendered":"<h4 style=\"margin: 0px;padding: 0px 0px 16px;font-family: Lato, sans-serif;font-weight: bold;line-height: 3rem;color: var(--dark-grey3);font-size: 22px;font-style: normal;letter-spacing: normal;text-align: start;text-indent: 0px;text-transform: none\">Informa\u00e7\u00f5es t\u00e9cnicas<\/h4>\n<p><span style=\"margin: 0px;padding: 0px;font-weight: 450;font-size: 14px;line-height: 21px;color: var(--dark-grey2);font-family: Lato, sans-serif;font-style: normal;letter-spacing: normal;text-align: start;text-indent: 0px;text-transform: none\">Produto: L\u00c2MPADA LED ALTA POT\u00caNCIA 20W BIVOLT 6.5K<br \/>\nMarca: Avant<br \/>\nMaterial: Policarbonato e alum\u00ednio.<br \/>\nCor: Branca<br \/>\nCaracter\u00edsticas<br \/>\n&#8211; Garantia de 1 anos;<br \/>\n&#8211; Vida \u00fatil: 25.000 horas;<br \/>\n&#8211; Tens\u00e3o bivolt: 127-220V;<br \/>\n&#8211; Fluxo Luminoso: 1800lm;<br \/>\n&#8211; Temperatura de cor: 6500K;<br \/>\n&#8211; \u00c2ngulo do abertura: 180\u00b0;<br \/>\n&#8211; Soquete: E27;<br \/>\n&#8211; Uso interno;<br \/>\n&#8211; IRC&gt;80;<br \/>\n&#8211; Temperatura ambiente: -5\u00b0C a 40\u00b0C.<\/p>\n<p>Dimens\u00f5es:<br \/>\n80 x 113 MM <\/span><\/p>\n","protected":false},"featured_media":12132,"template":"","meta":{"_joinchat":[]},"product_brand":[],"product_cat":[80],"product_tag":[],"class_list":{"0":"post-12106","1":"product","2":"type-product","3":"status-publish","4":"has-post-thumbnail","6":"product_cat-lampadas","8":"first","9":"outofstock","10":"shipping-taxable","11":"product-type-simple"},"_links":{"self":[{"href":"https:\/\/www.multicasa.com.br\/inicio\/wp-json\/wp\/v2\/product\/12106","targetHints":{"allow":["GET"]}}],"collection":[{"href":"https:\/\/www.multicasa.com.br\/inicio\/wp-json\/wp\/v2\/product"}],"about":[{"href":"https:\/\/www.multicasa.com.br\/inicio\/wp-json\/wp\/v2\/types\/product"}],"wp:featuredmedia":[{"embeddable":true,"href":"https:\/\/www.multicasa.com.br\/inicio\/wp-json\/wp\/v2\/media\/12132"}],"wp:attachment":[{"href":"https:\/\/www.multicasa.com.br\/inicio\/wp-json\/wp\/v2\/media?parent=12106"}],"wp:term":[{"taxonomy":"product_brand","embeddable":true,"href":"https:\/\/www.multicasa.com.br\/inicio\/wp-json\/wp\/v2\/product_brand?post=12106"},{"taxonomy":"product_cat","embeddable":true,"href":"https:\/\/www.multicasa.com.br\/inicio\/wp-json\/wp\/v2\/product_cat?post=12106"},{"taxonomy":"product_tag","embeddable":true,"href":"https:\/\/www.multicasa.com.br\/inicio\/wp-json\/wp\/v2\/product_tag?post=12106"}],"curies":[{"name":"wp","href":"https:\/\/api.w.org\/{rel}","templated":true}]}}