{"id":12107,"date":"2025-06-20T18:13:51","date_gmt":"2025-06-20T22:13:51","guid":{"rendered":"https:\/\/www.multicasa.com.br\/inicio\/?post_type=product&#038;p=12107"},"modified":"2025-08-17T19:06:09","modified_gmt":"2025-08-17T23:06:09","slug":"lampada-led-dicroica-gu10-48w-bivolt-2-7k-avant","status":"publish","type":"product","link":"https:\/\/www.multicasa.com.br\/inicio\/produto\/lampada-led-dicroica-gu10-48w-bivolt-2-7k-avant\/","title":{"rendered":"L\u00e2mpada Led Dicr\u00f3ica Gu10 4,8W Bivolt 2.7K Avant"},"content":{"rendered":"<p>A l\u00e2mpada LED Dicr\u00f3ica \u00e9 indicada para ilumina\u00e7\u00e3o de destaque ou decorativa. Pode ser usada para substituir l\u00e2mpadas dicr\u00f3icas hal\u00f3genas de 35W. No site da multicasa voc\u00ea encontra solu\u00e7\u00f5es pr\u00e1ticas para qualquer situa\u00e7\u00e3o, inclusive outras op\u00e7\u00f5es de l\u00e2mpadas led bulmo e materiais de ilumina\u00e7\u00e3o.<\/p>\n","protected":false},"excerpt":{"rendered":"<h4 style=\"margin: 0px;padding: 0px 0px 16px;font-family: Lato, sans-serif;font-weight: bold;line-height: 3rem;color: var(--dark-grey3);font-size: 22px;font-style: normal;letter-spacing: normal;text-align: start;text-indent: 0px;text-transform: none\">Informa\u00e7\u00f5es t\u00e9cnicas<\/h4>\n<p><span style=\"margin: 0px;padding: 0px;font-weight: 450;font-size: 14px;line-height: 21px;color: var(--dark-grey2);font-family: Lato, sans-serif;font-style: normal;letter-spacing: normal;text-align: start;text-indent: 0px;text-transform: none\">Produto: L\u00c2MPADA LED DICR\u00d3ICA<br \/>\nMarca: Avant<br \/>\nMaterial: vidro<\/p>\n<p>Caracter\u00edsticas<br \/>\n&#8211; MODELO: dicr\u00f3ica;<br \/>\n&#8211; POT\u00caNCIA: 4,8W;<br \/>\n&#8211; TENS\u00c3O: BIVOLT;<br \/>\n&#8211; TEMPERATURA DE COR: 2.7K;<br \/>\n&#8211; VIDA \u00daTIL: 25.000h;<br \/>\n&#8211; FATOR DE POT\u00caNCIA (FP): &gt; 0,40;<br \/>\n&#8211; BASE: GU10;<br \/>\n&#8211; IP20;<br \/>\n&#8211; ANGULO DE ABERTURA: 38\u00b0;<br \/>\n&#8211; Uso interno;<br \/>\n&#8211; Garantia: 1 ano.<\/p>\n<p>Dimens\u00f5es:<br \/>\nDi\u00e2metro 50 mm x Comprimento 54 mm<\/span><\/p>\n","protected":false},"featured_media":12133,"template":"","meta":{"_joinchat":[]},"product_brand":[],"product_cat":[80],"product_tag":[],"class_list":{"0":"post-12107","1":"product","2":"type-product","3":"status-publish","4":"has-post-thumbnail","6":"product_cat-lampadas","8":"first","9":"outofstock","10":"shipping-taxable","11":"purchasable","12":"product-type-simple"},"_links":{"self":[{"href":"https:\/\/www.multicasa.com.br\/inicio\/wp-json\/wp\/v2\/product\/12107","targetHints":{"allow":["GET"]}}],"collection":[{"href":"https:\/\/www.multicasa.com.br\/inicio\/wp-json\/wp\/v2\/product"}],"about":[{"href":"https:\/\/www.multicasa.com.br\/inicio\/wp-json\/wp\/v2\/types\/product"}],"wp:featuredmedia":[{"embeddable":true,"href":"https:\/\/www.multicasa.com.br\/inicio\/wp-json\/wp\/v2\/media\/12133"}],"wp:attachment":[{"href":"https:\/\/www.multicasa.com.br\/inicio\/wp-json\/wp\/v2\/media?parent=12107"}],"wp:term":[{"taxonomy":"product_brand","embeddable":true,"href":"https:\/\/www.multicasa.com.br\/inicio\/wp-json\/wp\/v2\/product_brand?post=12107"},{"taxonomy":"product_cat","embeddable":true,"href":"https:\/\/www.multicasa.com.br\/inicio\/wp-json\/wp\/v2\/product_cat?post=12107"},{"taxonomy":"product_tag","embeddable":true,"href":"https:\/\/www.multicasa.com.br\/inicio\/wp-json\/wp\/v2\/product_tag?post=12107"}],"curies":[{"name":"wp","href":"https:\/\/api.w.org\/{rel}","templated":true}]}}