{"id":12108,"date":"2025-06-20T18:13:51","date_gmt":"2025-06-20T22:13:51","guid":{"rendered":"https:\/\/www.multicasa.com.br\/inicio\/?post_type=product&#038;p=12108"},"modified":"2026-03-10T12:14:12","modified_gmt":"2026-03-10T16:14:12","slug":"ducha-higienica-inox-gatilho-branco-blukit","status":"publish","type":"product","link":"https:\/\/www.multicasa.com.br\/inicio\/produto\/ducha-higienica-inox-gatilho-branco-blukit\/","title":{"rendered":"Ducha Higi\u00eanica Inox Gatilho Branco Blukit"},"content":{"rendered":"<p>Com design pr\u00e1tico e funcional, as duchas higi\u00eanicas Blukit apresentam dimens\u00f5es compactas e proporcionam o bom aproveitamento dos espa\u00e7os. S\u00e3o a op\u00e7\u00e3o ideal para aqueles que se preocupam em facilitar a higiene das \u00e1reas \u00edntimas. Para \u00e1gua fria ou quente, as duchas higi\u00eanicas t\u00eam controle preciso da vaz\u00e3o de \u00e1gua, garantindo mais economia para voc\u00ea e para o planeta.<\/p>\n","protected":false},"excerpt":{"rendered":"<h4 style=\"margin: 0px;padding: 0px 0px 16px;font-family: Lato, sans-serif;font-weight: bold;line-height: 3rem;color: var(--dark-grey3);font-size: 22px;font-style: normal;letter-spacing: normal;text-align: start;text-indent: 0px;text-transform: none\">Informa\u00e7\u00f5es t\u00e9cnicas<\/h4>\n<p><span style=\"margin: 0px;padding: 0px;font-weight: 450;font-size: 14px;line-height: 21px;color: var(--dark-grey2);font-family: Lato, sans-serif;font-style: normal;letter-spacing: normal;text-align: start;text-indent: 0px;text-transform: none\">PRODUTO: DUCHA HIGI\u00caNICA INOX GATILHO BRANCO<br \/>\nMARCA: Blukit<br \/>\nMATERIAL: A\u00e7o inox<br \/>\nCOR: Cromado<br \/>\nCARACTER\u00cdSTICAS:<br \/>\n? F\u00e1cil de instalar;<br \/>\n? O produto \u00e9 resistente \u00e0 baixas e altas press\u00f5es;<br \/>\n? Produto com resist\u00eancia a temperatura de at\u00e9 60\u00b0C;<br \/>\n? Produto 100% do Brasil;<br \/>\n? Malha resistente em a\u00e7o inoxid\u00e1vel AISI 304;<br \/>\n? 1\/4 de volta mais conforto e controle no sistema de abertura de \u00e1gua;<br \/>\n? Garantia de 1 ano de garantia;<br \/>\n? Normatizado, atende as normas de fabrica\u00e7\u00e3o ABNT NBR 14878;<br \/>\n? F\u00e1cil de limpar, basta passar um pano \u00famido e em seguida um pano seco;<br \/>\n? Produto testado e aprovado em laborat\u00f3rio pr\u00f3prio;<br \/>\n? Resistente: suporta ambientes salinos, vibra\u00e7\u00f5es, altas e baixas temperaturas;<br \/>\n? O mecanismo suporta mais de 200 mil ciclos de abertura e fechamento.<br \/>\nDIMENS\u00d5ES: 1,2M <\/span><\/p>\n","protected":false},"featured_media":25080,"template":"","meta":{"_joinchat":[]},"product_brand":[],"product_cat":[67],"product_tag":[],"class_list":{"0":"post-12108","1":"product","2":"type-product","3":"status-publish","4":"has-post-thumbnail","6":"product_cat-torneiras-e-cia","8":"first","9":"outofstock","10":"shipping-taxable","11":"product-type-simple"},"_links":{"self":[{"href":"https:\/\/www.multicasa.com.br\/inicio\/wp-json\/wp\/v2\/product\/12108","targetHints":{"allow":["GET"]}}],"collection":[{"href":"https:\/\/www.multicasa.com.br\/inicio\/wp-json\/wp\/v2\/product"}],"about":[{"href":"https:\/\/www.multicasa.com.br\/inicio\/wp-json\/wp\/v2\/types\/product"}],"wp:featuredmedia":[{"embeddable":true,"href":"https:\/\/www.multicasa.com.br\/inicio\/wp-json\/wp\/v2\/media\/25080"}],"wp:attachment":[{"href":"https:\/\/www.multicasa.com.br\/inicio\/wp-json\/wp\/v2\/media?parent=12108"}],"wp:term":[{"taxonomy":"product_brand","embeddable":true,"href":"https:\/\/www.multicasa.com.br\/inicio\/wp-json\/wp\/v2\/product_brand?post=12108"},{"taxonomy":"product_cat","embeddable":true,"href":"https:\/\/www.multicasa.com.br\/inicio\/wp-json\/wp\/v2\/product_cat?post=12108"},{"taxonomy":"product_tag","embeddable":true,"href":"https:\/\/www.multicasa.com.br\/inicio\/wp-json\/wp\/v2\/product_tag?post=12108"}],"curies":[{"name":"wp","href":"https:\/\/api.w.org\/{rel}","templated":true}]}}