{"id":12109,"date":"2025-06-20T18:13:51","date_gmt":"2025-06-20T22:13:51","guid":{"rendered":"https:\/\/www.multicasa.com.br\/inicio\/?post_type=product&#038;p=12109"},"modified":"2025-08-17T19:06:12","modified_gmt":"2025-08-17T23:06:12","slug":"kit-vedacao-fix-colonial-terracota","status":"publish","type":"product","link":"https:\/\/www.multicasa.com.br\/inicio\/produto\/kit-vedacao-fix-colonial-terracota\/","title":{"rendered":"Kit Vedacao Fix Colonial Terracota"},"content":{"rendered":"<p>Os kits cont\u00eam an\u00e9is de PVC, capa de prote\u00e7\u00e3o contra a infiltra\u00e7\u00e3o da \u00e1gua. Recomendamos altamente a utiliza\u00e7\u00e3o deste kit, a fim de garantir a boa funcionalidade e durabilidade das telhas. \u00c9 indicado o uso dos kits de veda\u00e7\u00e3o e fixa\u00e7\u00e3o de telhas PVC. Eles asseguram a estanqueidade do telhado, bem como a garantia do produto.<\/p>\n","protected":false},"excerpt":{"rendered":"<h4 style=\"margin: 0px;padding: 0px 0px 16px;font-family: Lato, sans-serif;font-weight: bold;line-height: 3rem;color: var(--dark-grey3);font-size: 22px;font-style: normal;letter-spacing: normal;text-align: start;text-indent: 0px;text-transform: none\">Informa\u00e7\u00f5es t\u00e9cnicas<\/h4>\n<p><span style=\"margin: 0px;padding: 0px;font-weight: 450;font-size: 14px;line-height: 21px;color: var(--dark-grey2);font-family: Lato, sans-serif;font-style: normal;letter-spacing: normal;text-align: start;text-indent: 0px;text-transform: none\">Produto: KIT VEDACAO FIX COLONIAL TERRACOTA<br \/>\nMarca: Afort<br \/>\nMaterial: PVC<br \/>\nCor: Terracota<br \/>\nDimens\u00f5es:<br \/>\nLargura: 2 cm;<br \/>\nComprimento: 15 cm.<\/span><\/p>\n","protected":false},"featured_media":25397,"template":"","meta":{"_joinchat":[]},"product_brand":[],"product_cat":[135],"product_tag":[],"class_list":{"0":"post-12109","1":"product","2":"type-product","3":"status-publish","4":"has-post-thumbnail","6":"product_cat-parafusos-e-buchas","8":"first","9":"outofstock","10":"shipping-taxable","11":"purchasable","12":"product-type-simple"},"_links":{"self":[{"href":"https:\/\/www.multicasa.com.br\/inicio\/wp-json\/wp\/v2\/product\/12109","targetHints":{"allow":["GET"]}}],"collection":[{"href":"https:\/\/www.multicasa.com.br\/inicio\/wp-json\/wp\/v2\/product"}],"about":[{"href":"https:\/\/www.multicasa.com.br\/inicio\/wp-json\/wp\/v2\/types\/product"}],"wp:featuredmedia":[{"embeddable":true,"href":"https:\/\/www.multicasa.com.br\/inicio\/wp-json\/wp\/v2\/media\/25397"}],"wp:attachment":[{"href":"https:\/\/www.multicasa.com.br\/inicio\/wp-json\/wp\/v2\/media?parent=12109"}],"wp:term":[{"taxonomy":"product_brand","embeddable":true,"href":"https:\/\/www.multicasa.com.br\/inicio\/wp-json\/wp\/v2\/product_brand?post=12109"},{"taxonomy":"product_cat","embeddable":true,"href":"https:\/\/www.multicasa.com.br\/inicio\/wp-json\/wp\/v2\/product_cat?post=12109"},{"taxonomy":"product_tag","embeddable":true,"href":"https:\/\/www.multicasa.com.br\/inicio\/wp-json\/wp\/v2\/product_tag?post=12109"}],"curies":[{"name":"wp","href":"https:\/\/api.w.org\/{rel}","templated":true}]}}