{"id":12110,"date":"2025-06-20T18:13:51","date_gmt":"2025-06-20T22:13:51","guid":{"rendered":"https:\/\/www.multicasa.com.br\/inicio\/?post_type=product&#038;p=12110"},"modified":"2025-08-17T19:06:13","modified_gmt":"2025-08-17T23:06:13","slug":"cumeeira-central-articulada-terracota-afort","status":"publish","type":"product","link":"https:\/\/www.multicasa.com.br\/inicio\/produto\/cumeeira-central-articulada-terracota-afort\/","title":{"rendered":"Cumeeira Central Articulada Terracota Afort"},"content":{"rendered":"<p>A cumeeira \u00e9 respons\u00e1vel por fazer a cobertura da jun\u00e7\u00e3o na parte superior de duas \u00e1guas de um telhado \u0097 que s\u00e3o as partes inclinadas, sendo a mais alta do telhado e um complemento ao mesmo. A cumeeira \u00e9 onde a maior viga que une os v\u00e9rtices da tesoura est\u00e1 e onde os caibros da estrutura da cobertura est\u00e3o apoiados<\/p>\n","protected":false},"excerpt":{"rendered":"<h4 style=\"margin: 0px;padding: 0px 0px 16px;font-family: Lato, sans-serif;font-weight: bold;line-height: 3rem;color: var(--dark-grey3);font-size: 22px;font-style: normal;letter-spacing: normal;text-align: start;text-indent: 0px;text-transform: none\">Informa\u00e7\u00f5es t\u00e9cnicas<\/h4>\n<p><span style=\"margin: 0px;padding: 0px;font-weight: 450;font-size: 14px;line-height: 21px;color: var(--dark-grey2);font-family: Lato, sans-serif;font-style: normal;letter-spacing: normal;text-align: start;text-indent: 0px;text-transform: none\">Produto: CUMEEIRA CENTRAL ARTIC.TERRACOTA AF<br \/>\nMarca: Afort<br \/>\nMaterial: PVC<br \/>\nCor: Terracota<br \/>\nCaracter\u00edsticas<br \/>\n&#8211; Possui ondas iguais as das telhas da cobertura.<br \/>\n&#8211; Deve ser alinhada ao telhado.<br \/>\n&#8211; Cada cumeeira \u00e9 fixada em tr\u00eas pontos.<br \/>\n&#8211; Na telha colonial, a angula\u00e7\u00e3o da cumeeira central, varia de 10\u00ba a 90\u00ba.<\/p>\n<p>Dimens\u00f5es:<br \/>\nAltura:\t5 cm<br \/>\nLargura: 86 cm<br \/>\nComprimento: 0,56 m<br \/>\nEspessura: 2 mm<\/span><\/p>\n","protected":false},"featured_media":27284,"template":"","meta":{"_joinchat":[]},"product_brand":[],"product_cat":[141],"product_tag":[],"class_list":{"0":"post-12110","1":"product","2":"type-product","3":"status-publish","4":"has-post-thumbnail","6":"product_cat-marcenaria","8":"first","9":"outofstock","10":"shipping-taxable","11":"purchasable","12":"product-type-simple"},"_links":{"self":[{"href":"https:\/\/www.multicasa.com.br\/inicio\/wp-json\/wp\/v2\/product\/12110","targetHints":{"allow":["GET"]}}],"collection":[{"href":"https:\/\/www.multicasa.com.br\/inicio\/wp-json\/wp\/v2\/product"}],"about":[{"href":"https:\/\/www.multicasa.com.br\/inicio\/wp-json\/wp\/v2\/types\/product"}],"wp:featuredmedia":[{"embeddable":true,"href":"https:\/\/www.multicasa.com.br\/inicio\/wp-json\/wp\/v2\/media\/27284"}],"wp:attachment":[{"href":"https:\/\/www.multicasa.com.br\/inicio\/wp-json\/wp\/v2\/media?parent=12110"}],"wp:term":[{"taxonomy":"product_brand","embeddable":true,"href":"https:\/\/www.multicasa.com.br\/inicio\/wp-json\/wp\/v2\/product_brand?post=12110"},{"taxonomy":"product_cat","embeddable":true,"href":"https:\/\/www.multicasa.com.br\/inicio\/wp-json\/wp\/v2\/product_cat?post=12110"},{"taxonomy":"product_tag","embeddable":true,"href":"https:\/\/www.multicasa.com.br\/inicio\/wp-json\/wp\/v2\/product_tag?post=12110"}],"curies":[{"name":"wp","href":"https:\/\/api.w.org\/{rel}","templated":true}]}}